{"id":11972,"date":"2023-11-10T08:05:03","date_gmt":"2023-11-10T08:05:03","guid":{"rendered":"https:\/\/beautysba.co.uk\/product\/%d1%81%d0%bc%d0%b5%d0%ba%d1%82%d0%be%d0%bb%d0%b8%d0%bd-10-%d1%81%d0%b0%d1%88%d0%b5-%d0%bf%d0%b0%d0%ba%d0%b5%d1%82%d0%be%d0%b2-%d0%bf%d0%be-42-%d0%b3\/"},"modified":"2026-04-24T09:52:43","modified_gmt":"2026-04-24T09:52:43","slug":"%d1%81%d0%bc%d0%b5%d0%ba%d1%82%d0%be%d0%bb%d0%b8%d0%bd-10-%d1%81%d0%b0%d1%88%d0%b5-%d0%bf%d0%b0%d0%ba%d0%b5%d1%82%d0%be%d0%b2-%d0%bf%d0%be-42-%d0%b3","status":"publish","type":"product","link":"https:\/\/beautysba.co.uk\/lt\/produktas\/%d1%81%d0%bc%d0%b5%d0%ba%d1%82%d0%be%d0%bb%d0%b8%d0%bd-10-%d1%81%d0%b0%d1%88%d0%b5-%d0%bf%d0%b0%d0%ba%d0%b5%d1%82%d0%be%d0%b2-%d0%bf%d0%be-42-%d0%b3\/","title":{"rendered":"Smectolin 10 paket\u0117li\u0173 po 4,2 g."},"content":{"rendered":"<p>Rekomenduojama kaip inulino ir papildomo magnio \u0161altinis. Smektolinas padeda \u0161alinti r\u0117men\u012f, pilvo p\u016btim\u0105 ir viduriavim\u0105.<\/p>\n<p>Sud\u0117tis<\/p>\n<p>Natrio-kalcio-magnio montmorilonitas, gliukoz\u0117, inulinas, silicio dioksidas (med\u017eiaga nuo sukep\u0117jimo), nat\u016brali vanil\u0117s kvapioji med\u017eiaga, aspartamas (saldiklis).<\/p>\n<p>Naudojimo rekomendacijos<\/p>\n<p>Suaugusiesiems gerti po 1 paket\u0117l\u012f 1 kart\u0105 per dien\u0105. Paket\u0117lio turin\u012f i\u0161 anksto praskieskite vandenyje arba bet kokiame pusiau skystame produkte. Vartokite tik kaip suspensij\u0105.<\/p>\n<p>Vartojimo trukm\u0117: 7-10 dien\u0173.<\/p>\n<p>Kontraindikacijos<\/p>\n<p>Padid\u0117j\u0119s jautrumas sudedamosioms dalims, n\u0117\u0161tumas, \u017eindymas.<\/p>\n<p>Prie\u0161 vartojim\u0105 rekomenduojama pasitarti su gydytoju.<\/p>\n<p>Galiojimo laikas<\/p>\n<p>3 metai.<\/p>\n<p>Laikymo s\u0105lygos<\/p>\n<p>Sausoje, apsaugotoje nuo tiesiogini\u0173 saul\u0117s spinduli\u0173 ir vaikams nepasiekiamoje vietoje, ne auk\u0161tesn\u0117je kaip 25 \u00b0C temperat\u016broje.<\/p>\n","protected":false},"excerpt":{"rendered":"<p>Rekomenduojama kaip inulino ir papildomo magnio \u0161altinis. Smektolinas padeda \u0161alinti r\u0117men\u012f, pilvo p\u016btim\u0105 ir viduriavim\u0105.<\/p>\n","protected":false},"featured_media":11970,"comment_status":"open","ping_status":"closed","template":"","meta":[],"product_brand":[],"product_cat":[217,220],"product_tag":[],"class_list":{"0":"post-11972","1":"product","2":"type-product","3":"status-publish","4":"has-post-thumbnail","6":"product_cat-sveikatos-prieziura","7":"product_cat-zarnyno-sveikata","9":"first","10":"instock","11":"shipping-taxable","12":"purchasable","13":"product-type-simple"},"_links":{"self":[{"href":"https:\/\/beautysba.co.uk\/lt\/wp-json\/wp\/v2\/product\/11972","targetHints":{"allow":["GET"]}}],"collection":[{"href":"https:\/\/beautysba.co.uk\/lt\/wp-json\/wp\/v2\/product"}],"about":[{"href":"https:\/\/beautysba.co.uk\/lt\/wp-json\/wp\/v2\/types\/product"}],"replies":[{"embeddable":true,"href":"https:\/\/beautysba.co.uk\/lt\/wp-json\/wp\/v2\/comments?post=11972"}],"wp:featuredmedia":[{"embeddable":true,"href":"https:\/\/beautysba.co.uk\/lt\/wp-json\/wp\/v2\/media\/11970"}],"wp:attachment":[{"href":"https:\/\/beautysba.co.uk\/lt\/wp-json\/wp\/v2\/media?parent=11972"}],"wp:term":[{"taxonomy":"product_brand","embeddable":true,"href":"https:\/\/beautysba.co.uk\/lt\/wp-json\/wp\/v2\/product_brand?post=11972"},{"taxonomy":"product_cat","embeddable":true,"href":"https:\/\/beautysba.co.uk\/lt\/wp-json\/wp\/v2\/product_cat?post=11972"},{"taxonomy":"product_tag","embeddable":true,"href":"https:\/\/beautysba.co.uk\/lt\/wp-json\/wp\/v2\/product_tag?post=11972"}],"curies":[{"name":"wp","href":"https:\/\/api.w.org\/{rel}","templated":true}]}}