{"id":11990,"date":"2023-11-10T08:11:39","date_gmt":"2023-11-10T08:11:39","guid":{"rendered":"https:\/\/beautysba.co.uk\/product\/%d0%bb%d0%be%d1%81%d1%8c%d0%be%d0%bd-%d0%b0%d0%ba%d1%82%d0%b8%d0%b2%d0%b0%d1%82%d0%be%d1%80-%d0%ba%d0%be%d1%84%d0%b5%d0%b8%d0%bd-%d0%b4%d0%bb%d1%8f-%d0%b2%d0%be%d0%bb%d0%be%d1%81-%d1%81-%d1%82%d0%b0\/"},"modified":"2024-08-10T10:25:55","modified_gmt":"2024-08-10T10:25:55","slug":"losjonas-aktyvatorius-kofeinas-plaukams-su-saulu","status":"publish","type":"product","link":"https:\/\/beautysba.co.uk\/lt\/produktas\/losjonas-aktyvatorius-kofeinas-plaukams-su-saulu\/","title":{"rendered":"Aktyvatorius losjonas &#8220;kofeinas plaukams su taurinu ir hialurono r\u016bg\u0161timi&#8221; 100 ml"},"content":{"rendered":"<p>Kofeino losjonas plauk\u0173 aktyvatorius su taurinu ir hialurono r\u016bg\u0161timi 100ml &#8211; Medikomed<br \/>\nKAFEINAS PLAUKAMS SU TAURINU IR HIALURONO S\u016aRIO AKTYVUOJAN\u010cIUOJAN\u010cIU LOSJONU &#8211; Vienalytis, rudos spalvos, vienfazis skystis be priemai\u0161\u0173.<\/p>\n<p>\u017dalios kavos ekstrakte esantis kofeinas ir chlorogeno r\u016bg\u0161tis suteikia plaukams stiprumo, blizgesio ir gro\u017eio, daro juos stiprius ir elastingus, 20 % suma\u017eina plauk\u0173 slinkim\u0105, u\u017ekerta keli\u0105 plauk\u0173 slinkimui, aktyvina augim\u0105, apsaugo nuo ultravioletin\u0117s spinduliuot\u0117s.<\/p>\n<p>Taurinas, pakalnu\u010di\u0173 ir hibisk\u0173 ekstraktai prisotinti vitamin\u0173, padeda atkurti plauk\u0173 folikul\u0173 funkcijas, tonizuoja ir stimuliuoja med\u017eiag\u0173 apykaitos procesus.<\/p>\n<p>Hialurono r\u016bg\u0161tis ir persik\u0173 aliejus stipriai dr\u0117kina ir atgaivina plaukus, tod\u0117l jie tampa \u0161ilkiniai, glotn\u016bs ir blizgantys, pager\u0117ja plauk\u0173 augimas, jie tampa pri\u017ei\u016br\u0117ti ir atrodo sveiki.<\/p>\n<p>Indikacijos<\/p>\n<p>Skirtas plauk\u0173 ir galvos odos prie\u017ei\u016brai.<\/p>\n<p>Kontraindikacijos<\/p>\n<p>Individualus produkto sudedam\u0173j\u0173 dali\u0173 netoleravimas.<\/p>\n<p>Vartojimo b\u016bdas ir dozavimas<\/p>\n<p>Tepkite losjon\u0105 ant \u0161vari\u0173 plauk\u0173 ir galvos odos, tolygiai paskirstykite per vis\u0105 plauk\u0173 ilg\u012f.<br \/>\nLeiskite jam i\u0161d\u017ei\u016bti.<br \/>\nNeplaukite.<br \/>\nTepkite 2 &#8211; 3 kartus per savait\u0119 3 savai\u010di\u0173 ciklais.<br \/>\nLaikymo temperat\u016bra<\/p>\n<p>Nuo 5 \u2103 iki 25 \u2103<\/p>\n<p>Sud\u0117tis<\/p>\n<p>I\u0161grynintas vanduo, pakalnut\u0117s \u017eol\u0117s ekstraktas, kofeino natrio benzoatas, taurinas, hibisko \u017eied\u0173 ekstraktas, \u017ealiosios kavos ekstraktas, natrio hialuronatas, etoksilintas persik\u0173 aliejus, trilonas B, fenoksietanolis, aromatin\u0117 kompozicija, etilheksilglicerinas.<\/p>\n","protected":false},"excerpt":{"rendered":"<p>Kofeino losjonas plauk\u0173 aktyvatorius su taurinu ir hialurono r\u016bg\u0161timi 100ml &#8211; Medikomed KAFEINAS PLAUKAMS SU TAURINU IR HIALURONO S\u016aRIO AKTYVUOJAN\u010cIUOJAN\u010cIU LOSJONU &#8211; Vienalytis, rudos spalvos, vienfazis skystis be priemai\u0161\u0173. \u017dalios kavos ekstrakte esantis kofeinas ir chlorogeno r\u016bg\u0161tis suteikia plaukams stiprumo, blizgesio ir gro\u017eio, daro juos stiprius ir elastingus, 20 % suma\u017eina plauk\u0173 slinkim\u0105, u\u017ekerta keli\u0105 [&hellip;]<\/p>\n","protected":false},"featured_media":11988,"comment_status":"open","ping_status":"closed","template":"","meta":[],"product_brand":[],"product_cat":[215,211],"product_tag":[],"class_list":{"0":"post-11990","1":"product","2":"type-product","3":"status-publish","4":"has-post-thumbnail","6":"product_cat-aliejai-serumai","7":"product_cat-hair-lt","9":"first","10":"outofstock","11":"shipping-taxable","12":"purchasable","13":"product-type-simple"},"_links":{"self":[{"href":"https:\/\/beautysba.co.uk\/lt\/wp-json\/wp\/v2\/product\/11990","targetHints":{"allow":["GET"]}}],"collection":[{"href":"https:\/\/beautysba.co.uk\/lt\/wp-json\/wp\/v2\/product"}],"about":[{"href":"https:\/\/beautysba.co.uk\/lt\/wp-json\/wp\/v2\/types\/product"}],"replies":[{"embeddable":true,"href":"https:\/\/beautysba.co.uk\/lt\/wp-json\/wp\/v2\/comments?post=11990"}],"wp:featuredmedia":[{"embeddable":true,"href":"https:\/\/beautysba.co.uk\/lt\/wp-json\/wp\/v2\/media\/11988"}],"wp:attachment":[{"href":"https:\/\/beautysba.co.uk\/lt\/wp-json\/wp\/v2\/media?parent=11990"}],"wp:term":[{"taxonomy":"product_brand","embeddable":true,"href":"https:\/\/beautysba.co.uk\/lt\/wp-json\/wp\/v2\/product_brand?post=11990"},{"taxonomy":"product_cat","embeddable":true,"href":"https:\/\/beautysba.co.uk\/lt\/wp-json\/wp\/v2\/product_cat?post=11990"},{"taxonomy":"product_tag","embeddable":true,"href":"https:\/\/beautysba.co.uk\/lt\/wp-json\/wp\/v2\/product_tag?post=11990"}],"curies":[{"name":"wp","href":"https:\/\/api.w.org\/{rel}","templated":true}]}}