{"id":12038,"date":"2023-11-10T08:39:28","date_gmt":"2023-11-10T08:39:28","guid":{"rendered":"https:\/\/beautysba.co.uk\/product\/%d0%b6%d0%b5%d0%bd%d1%8c%d1%88%d0%b5%d0%bd%d1%8c-%d0%b8-%d0%bc%d0%b0%d1%82%d0%be%d1%87%d0%bd%d0%be%d0%b5-%d0%bc%d0%be%d0%bb%d0%be%d0%ba%d0%be-10%d0%bc%d0%bb-10-%d0%b0%d0%bc%d0%bf%d1%83%d0%bb-ginseng\/"},"modified":"2024-01-12T09:02:57","modified_gmt":"2024-01-12T09:02:57","slug":"zensenio-ir-gimdos-pienas-10ml-10-ampuliu-zensenio","status":"publish","type":"product","link":"https:\/\/beautysba.co.uk\/lt\/produktas\/zensenio-ir-gimdos-pienas-10ml-10-ampuliu-zensenio\/","title":{"rendered":"\u017den\u0161enis ir bi\u010di\u0173 pienelis 10ml 10 ampuli\u0173 \u017den\u0161enis"},"content":{"rendered":"<p>\u017dEN\u0160ENIO ELIKSYRAS SU BI\u010cI\u0172 PIENU 10 ML 10 AMPULI\u0172<br \/>\nIndikacijos<\/p>\n<p>Da\u017enos stresin\u0117s situacijos prakti\u0161kai sveikiems \u017emon\u0117ms, gyvenantiems \u012ftempt\u0105 gyvenimo b\u016bd\u0105, dirbantiems su sud\u0117tingais ar pavojingais mechanizmais, studentams sesij\u0173 metu ir dirbantiems pamainin\u012f darb\u0105, taip pat emoci\u0161kai sunkiu laikotarpiu. Ilgalaikis ar nuolatinis stresas.<br \/>\nL\u0117tinio nuovargio sindromas, prastas darbingumas, depresija ir nuotaik\u0173 kaita. Sunkumas susikaupti, pablog\u0117jusi atmintis ir kiti intelektiniai procesai.<br \/>\nFizinis ir psichoemocinis nuovargis, j\u0117g\u0173 praradimas po kankinan\u010di\u0173 lig\u0173 ir kt.<br \/>\nDa\u017enai ir ilgai sergantiems suaugusiesiems ir vaikams kaip tonizuojanti ir imunostimuliuojanti priemon\u0117.<br \/>\nImpotencija, psichogenin\u0117 seksualin\u0117 disfunkcija, vyr\u0173 nevaisingumas.<br \/>\nProstatos adenoma, l\u0117tinis prostatitas.<br \/>\nMoter\u0173 hormon\u0173 srities sutrikimas.<br \/>\nSu vyresniu am\u017eiumi susijusios problemos, raumen\u0173 silpnumas,<br \/>\nSportininkams kaip adaptogenas ir anabolin\u012f poveik\u012f turin\u010dios priemon\u0117s, didinan\u010dios testosterono kiek\u012f, apsaugan\u010dios nuo nuovargio, didinan\u010dios raumen\u0173 j\u0117g\u0105 ir i\u0161tverm\u0119. Greitesniam \u017eaizd\u0173 ir raumen\u0173, kaul\u0173 bei s\u0105nari\u0173 pa\u017eeidim\u0173, atsiradusi\u0173 d\u0117l fizin\u0117s perkrovos, gijimui ir kortikoid\u0173 sukelt\u0173 katabolini\u0173 proces\u0173 ma\u017einimui.<br \/>\nAnemija.<br \/>\nK\u016bno atjauninimo ir odos tobulinimo programose.<br \/>\nKontraindikacijos<\/p>\n<p>Nerekomenduojama vartoti jaunesniems kaip 16 met\u0173 vaikams, n\u0117\u0161tumo ir \u017eindymo laikotarpiu, esant skydliauk\u0117s hiperfunkcijai, hipertenzijai, individualiam vaisto sudedam\u0173j\u0173 dali\u0173 netoleravimui (alergija bi\u010di\u0173 produktams), Adisono ligai, \u016bmin\u0117ms infekcin\u0117ms ligoms, padid\u0117jusiam nerviniam jaudrumui.<\/p>\n<p>Farmakologinis poveikis.<\/p>\n<p>Bendrasis tonizuojantis, tonizuojantis, adaptogeninis, imunomoduliuojantis, imunostimuliuojantis, kraujodaros, antihipoksinis, kardiotoninis, \u017eaizd\u0173 gijimo, cukraus kiek\u012f kraujyje ma\u017einantis, gerinantis atmint\u012f ir koncentracij\u0105.<\/p>\n","protected":false},"excerpt":{"rendered":"<p>\u017dEN\u0160ENIO ELIKSYRAS SU BI\u010cI\u0172 PIENU 10 ML 10 AMPULI\u0172 Indikacijos Da\u017enos stresin\u0117s situacijos prakti\u0161kai sveikiems \u017emon\u0117ms, gyvenantiems \u012ftempt\u0105 gyvenimo b\u016bd\u0105, dirbantiems su sud\u0117tingais ar pavojingais mechanizmais, studentams sesij\u0173 metu ir dirbantiems pamainin\u012f darb\u0105, taip pat emoci\u0161kai sunkiu laikotarpiu. Ilgalaikis ar nuolatinis stresas. L\u0117tinio nuovargio sindromas, prastas darbingumas, depresija ir nuotaik\u0173 kaita. Sunkumas susikaupti, pablog\u0117jusi atmintis [&hellip;]<\/p>\n","protected":false},"featured_media":12036,"comment_status":"open","ping_status":"closed","template":"","meta":[],"product_brand":[],"product_cat":[217,220],"product_tag":[],"class_list":{"0":"post-12038","1":"product","2":"type-product","3":"status-publish","4":"has-post-thumbnail","6":"product_cat-sveikatos-prieziura","7":"product_cat-zarnyno-sveikata","9":"first","10":"instock","11":"shipping-taxable","12":"purchasable","13":"product-type-simple"},"_links":{"self":[{"href":"https:\/\/beautysba.co.uk\/lt\/wp-json\/wp\/v2\/product\/12038","targetHints":{"allow":["GET"]}}],"collection":[{"href":"https:\/\/beautysba.co.uk\/lt\/wp-json\/wp\/v2\/product"}],"about":[{"href":"https:\/\/beautysba.co.uk\/lt\/wp-json\/wp\/v2\/types\/product"}],"replies":[{"embeddable":true,"href":"https:\/\/beautysba.co.uk\/lt\/wp-json\/wp\/v2\/comments?post=12038"}],"wp:featuredmedia":[{"embeddable":true,"href":"https:\/\/beautysba.co.uk\/lt\/wp-json\/wp\/v2\/media\/12036"}],"wp:attachment":[{"href":"https:\/\/beautysba.co.uk\/lt\/wp-json\/wp\/v2\/media?parent=12038"}],"wp:term":[{"taxonomy":"product_brand","embeddable":true,"href":"https:\/\/beautysba.co.uk\/lt\/wp-json\/wp\/v2\/product_brand?post=12038"},{"taxonomy":"product_cat","embeddable":true,"href":"https:\/\/beautysba.co.uk\/lt\/wp-json\/wp\/v2\/product_cat?post=12038"},{"taxonomy":"product_tag","embeddable":true,"href":"https:\/\/beautysba.co.uk\/lt\/wp-json\/wp\/v2\/product_tag?post=12038"}],"curies":[{"name":"wp","href":"https:\/\/api.w.org\/{rel}","templated":true}]}}