{"id":12056,"date":"2023-11-10T08:46:31","date_gmt":"2023-11-10T08:46:31","guid":{"rendered":"https:\/\/beautysba.co.uk\/product\/%d0%ba%d1%80%d0%b5%d0%bc-%d0%b1%d0%b0%d0%bb%d1%8c%d0%b7%d0%b0%d0%bc-%d0%b4%d0%bb%d1%8f-%d0%bd%d0%be%d0%b3-venotonic-75%d0%bc%d0%bb-fito-bio-technology\/"},"modified":"2024-01-12T09:02:56","modified_gmt":"2024-01-12T09:02:56","slug":"kremas-balzamas-pedoms-venotoninis-75ml-fito-bio-technologija","status":"publish","type":"product","link":"https:\/\/beautysba.co.uk\/lt\/produktas\/kremas-balzamas-pedoms-venotoninis-75ml-fito-bio-technologija\/","title":{"rendered":"Venotoninis p\u0117d\u0173 kremas-balzamas 75ml &#8211; fito bio technology"},"content":{"rendered":"<p>Kremas-balzamas kojoms &#8220;Venotonik&#8221; ma\u017eina nuovarg\u012f, tonizuoja ir gaivina, \u0161alina koj\u0173 sunkum\u0105. Balzamas ven\u0173 nepakankamumui ir ven\u0173 varikozei gydyti. Ma\u017eina kapiliar\u0173 pralaidum\u0105, pasi\u017eymi edem\u0105 ma\u017einan\u010diu ir prie\u0161u\u017edegiminiu poveikiu. Venotonic ma\u017eina koj\u0173 dirginim\u0105, nuovarg\u012f ir sunkum\u0105 ilgai stovint, ilgai keliaujant l\u0117ktuvu ir moterims n\u0117\u0161tumo metu. Reguliariai naudojant, pavargusi\u0173 koj\u0173 b\u016bkl\u0117 pager\u0117ja, palengv\u0117ja ven\u0173 tinklelis.<\/p>\n<p>Veikli\u0173j\u0173 med\u017eiag\u0173 savyb\u0117s:<\/p>\n<p>Ka\u0161tonas stiprina kraujagysli\u0173 sieneles, tonizuoja od\u0105, gerina med\u017eiag\u0173 apykait\u0105, pasi\u017eymi prie\u0161u\u017edegiminiu, skausm\u0105 mal\u0161inan\u010diu, kapiliarus stiprinan\u010diu poveikiu.<br \/>\nPaprastojo auksabarzd\u017eio sud\u0117tyje yra flavonoid\u0173, kurie gerina kraujagysli\u0173 atsparum\u0105.<br \/>\nCitrinoje yra flavonoid\u0173, kurie veikia prie\u0161 edem\u0105, apsaugo kraujagysles nuo trapumo.<br \/>\nIglica sud\u0117tyje yra flavonoid\u0173, kurie ma\u017eina kapiliar\u0173 pralaidum\u0105, gerina kraujagysli\u0173 elastingum\u0105 ir raumen\u0173 tonus\u0105, mal\u0161ina u\u017edegim\u0105.<br \/>\nRie\u0161utmed\u017eio pertvara palaiko ven\u0173 ir arterij\u0173 elastingum\u0105.<br \/>\nKontraindikacijos: individualus komponent\u0173 netoleravimas<\/p>\n<p>Laikymo s\u0105lygos Laikyti v\u0117sioje ir sausoje vietoje. Laikyti vaikams nepasiekiamoje vietoje.<\/p>\n<p>Pakuot\u0117s forma: 75 ml t\u016bbel\u0117. \u0160is produktas n\u0117ra vaistas.<\/p>\n<p>Taikymo b\u016bdas<\/p>\n<p>Nedidel\u012f kiek\u012f balzamo lengvais masa\u017euojamaisiais judesiais tepkite ant problemini\u0173 viet\u0173, kol jis visi\u0161kai \u012fsigers. Tepkite 2-3 kartus per dien\u0105.<\/p>\n<p>Sud\u0117tis<\/p>\n<p>Vanduo, palmitino r\u016bg\u0161tis, stearino r\u016bg\u0161tis, izopropilo palmitatas, niacinamidas, PEG-40 hidrintas ricinos aliejus, Aesculus Hippocastanium s\u0117kl\u0173 ekstraktas, Juglans Regia luk\u0161t\u0173 ekstraktas, Ruscus Aculeatus \u0161akn\u0173 ekstraktas, Citrus Limon \u017eievel\u0117s ekstraktas, Solidago Virgaurea ekstraktas, Cupressus Sempervirens lap\u0173, rie\u0161ut\u0173 ir stiebeli\u0173 aliejus, Juniperus Communis med\u017ei\u0173 aliejus, Citrus Limon \u017eievel\u0117s aliejus, mentolis, ksantano derva, akrilat\u0173\/C10-30 alkilo akrilato kry\u017epolimeras, natrio hidroksidas, alkoholis, glicerinas, natrio benzoatas, fenoksietanolis, etilheksilglicerinas, kalio sorbatas, benzenkarboksir\u016bg\u0161tis, dehidroacto r\u016bg\u0161tis, limonenas, citralis.<\/p>\n","protected":false},"excerpt":{"rendered":"<p>Kremas-balzamas kojoms &#8220;Venotonik&#8221; ma\u017eina nuovarg\u012f, tonizuoja ir gaivina, \u0161alina koj\u0173 sunkum\u0105. Balzamas ven\u0173 nepakankamumui ir ven\u0173 varikozei gydyti. Ma\u017eina kapiliar\u0173 pralaidum\u0105, pasi\u017eymi edem\u0105 ma\u017einan\u010diu ir prie\u0161u\u017edegiminiu poveikiu. Venotonic ma\u017eina koj\u0173 dirginim\u0105, nuovarg\u012f ir sunkum\u0105 ilgai stovint, ilgai keliaujant l\u0117ktuvu ir moterims n\u0117\u0161tumo metu. Reguliariai naudojant, pavargusi\u0173 koj\u0173 b\u016bkl\u0117 pager\u0117ja, palengv\u0117ja ven\u0173 tinklelis. Veikli\u0173j\u0173 med\u017eiag\u0173 savyb\u0117s: [&hellip;]<\/p>\n","protected":false},"featured_media":12054,"comment_status":"open","ping_status":"closed","template":"","meta":[],"product_brand":[],"product_cat":[219,217],"product_tag":[],"class_list":{"0":"post-12056","1":"product","2":"type-product","3":"status-publish","4":"has-post-thumbnail","6":"product_cat-pedu-prieziura-lt","7":"product_cat-sveikatos-prieziura","9":"first","10":"outofstock","11":"shipping-taxable","12":"purchasable","13":"product-type-simple"},"_links":{"self":[{"href":"https:\/\/beautysba.co.uk\/lt\/wp-json\/wp\/v2\/product\/12056","targetHints":{"allow":["GET"]}}],"collection":[{"href":"https:\/\/beautysba.co.uk\/lt\/wp-json\/wp\/v2\/product"}],"about":[{"href":"https:\/\/beautysba.co.uk\/lt\/wp-json\/wp\/v2\/types\/product"}],"replies":[{"embeddable":true,"href":"https:\/\/beautysba.co.uk\/lt\/wp-json\/wp\/v2\/comments?post=12056"}],"wp:featuredmedia":[{"embeddable":true,"href":"https:\/\/beautysba.co.uk\/lt\/wp-json\/wp\/v2\/media\/12054"}],"wp:attachment":[{"href":"https:\/\/beautysba.co.uk\/lt\/wp-json\/wp\/v2\/media?parent=12056"}],"wp:term":[{"taxonomy":"product_brand","embeddable":true,"href":"https:\/\/beautysba.co.uk\/lt\/wp-json\/wp\/v2\/product_brand?post=12056"},{"taxonomy":"product_cat","embeddable":true,"href":"https:\/\/beautysba.co.uk\/lt\/wp-json\/wp\/v2\/product_cat?post=12056"},{"taxonomy":"product_tag","embeddable":true,"href":"https:\/\/beautysba.co.uk\/lt\/wp-json\/wp\/v2\/product_tag?post=12056"}],"curies":[{"name":"wp","href":"https:\/\/api.w.org\/{rel}","templated":true}]}}