{"id":12083,"date":"2023-11-22T06:36:39","date_gmt":"2023-11-22T06:36:39","guid":{"rendered":"https:\/\/beautysba.co.uk\/product\/%d0%bc%d1%91%d0%b4-%d1%81-%d1%87%d1%91%d1%80%d0%bd%d0%be%d0%b9-%d1%81%d0%bc%d0%be%d1%80%d0%be%d0%b4%d0%b8%d0%bd%d0%be%d0%b9-150%d0%b3-%d0%bc%d0%b8%d1%88%d0%ba%d0%b0\/"},"modified":"2026-04-25T18:26:52","modified_gmt":"2026-04-25T18:26:52","slug":"%d0%bc%d1%91%d0%b4-%d1%81-%d1%87%d1%91%d1%80%d0%bd%d0%be%d0%b9-%d1%81%d0%bc%d0%be%d1%80%d0%be%d0%b4%d0%b8%d0%bd%d0%be%d0%b9-150%d0%b3-%d0%bc%d0%b8%d1%88%d0%ba%d0%b0","status":"publish","type":"product","link":"https:\/\/beautysba.co.uk\/lt\/produktas\/%d0%bc%d1%91%d0%b4-%d1%81-%d1%87%d1%91%d1%80%d0%bd%d0%be%d0%b9-%d1%81%d0%bc%d0%be%d1%80%d0%be%d0%b4%d0%b8%d0%bd%d0%be%d0%b9-150%d0%b3-%d0%bc%d0%b8%d1%88%d0%ba%d0%b0\/","title":{"rendered":"Medus su juodaisiais serbentais 150g &#8220;Mishka&#8221;"},"content":{"rendered":"<p>Nat\u016bralus medus su jonizuotomis uogomis<\/p>\n<p>Sud\u0117tis<\/p>\n<p>95 % medaus<\/p>\n<p>5 % juod\u0173j\u0173 serbent\u0173<\/p>\n","protected":false},"excerpt":{"rendered":"<p>Nat\u016bralus medus su jonizuotomis uogomis Sud\u0117tis 95 % medaus 5 % juod\u0173j\u0173 serbent\u0173<\/p>\n","protected":false},"featured_media":11842,"comment_status":"open","ping_status":"closed","template":"","meta":[],"product_brand":[],"product_cat":[254],"product_tag":[],"class_list":{"0":"post-12083","1":"product","2":"type-product","3":"status-publish","4":"has-post-thumbnail","6":"product_cat-is-bityno","8":"first","9":"outofstock","10":"shipping-taxable","11":"purchasable","12":"product-type-simple"},"_links":{"self":[{"href":"https:\/\/beautysba.co.uk\/lt\/wp-json\/wp\/v2\/product\/12083","targetHints":{"allow":["GET"]}}],"collection":[{"href":"https:\/\/beautysba.co.uk\/lt\/wp-json\/wp\/v2\/product"}],"about":[{"href":"https:\/\/beautysba.co.uk\/lt\/wp-json\/wp\/v2\/types\/product"}],"replies":[{"embeddable":true,"href":"https:\/\/beautysba.co.uk\/lt\/wp-json\/wp\/v2\/comments?post=12083"}],"wp:featuredmedia":[{"embeddable":true,"href":"https:\/\/beautysba.co.uk\/lt\/wp-json\/wp\/v2\/media\/11842"}],"wp:attachment":[{"href":"https:\/\/beautysba.co.uk\/lt\/wp-json\/wp\/v2\/media?parent=12083"}],"wp:term":[{"taxonomy":"product_brand","embeddable":true,"href":"https:\/\/beautysba.co.uk\/lt\/wp-json\/wp\/v2\/product_brand?post=12083"},{"taxonomy":"product_cat","embeddable":true,"href":"https:\/\/beautysba.co.uk\/lt\/wp-json\/wp\/v2\/product_cat?post=12083"},{"taxonomy":"product_tag","embeddable":true,"href":"https:\/\/beautysba.co.uk\/lt\/wp-json\/wp\/v2\/product_tag?post=12083"}],"curies":[{"name":"wp","href":"https:\/\/api.w.org\/{rel}","templated":true}]}}