{"id":12180,"date":"2024-01-12T06:43:46","date_gmt":"2024-01-12T06:43:46","guid":{"rendered":"https:\/\/beautysba.co.uk\/product\/%d0%ba%d1%80%d0%b5%d0%bc-%d0%b4%d0%bb%d1%8f-%d0%bb%d0%b8%d1%86%d0%b0-%d0%b0%d0%bd%d1%82%d0%b8%d0%b2%d0%be%d0%b7%d0%b2%d1%80%d0%b0%d1%81%d1%82%d0%bd%d0%be%d0%b9-%d1%83%d0%b2%d0%bb%d0%b0%d0%b6%d0%bd\/"},"modified":"2024-07-13T20:50:05","modified_gmt":"2024-07-13T20:50:05","slug":"%d0%ba%d1%80%d0%b5%d0%bc-%d0%b4%d0%bb%d1%8f-%d0%bb%d0%b8%d1%86%d0%b0-%d0%b0%d0%bd%d1%82%d0%b8%d0%b2%d0%be%d0%b7%d0%b2%d1%80%d0%b0%d1%81%d1%82%d0%bd%d0%be%d0%b9-%d1%83%d0%b2%d0%bb%d0%b0%d0%b6%d0%bd","status":"publish","type":"product","link":"https:\/\/beautysba.co.uk\/lt\/produktas\/%d0%ba%d1%80%d0%b5%d0%bc-%d0%b4%d0%bb%d1%8f-%d0%bb%d0%b8%d1%86%d0%b0-%d0%b0%d0%bd%d1%82%d0%b8%d0%b2%d0%be%d0%b7%d0%b2%d1%80%d0%b0%d1%81%d1%82%d0%bd%d0%be%d0%b9-%d1%83%d0%b2%d0%bb%d0%b0%d0%b6%d0%bd\/","title":{"rendered":"Dr\u0117kinamasis veido kremas nuo sen\u0117jimo su kolagenu 30-45 50ml &#8220;Victoria Beauty"},"content":{"rendered":"<p>ANTIVOZROZROSTINIS ANTI-SEN\u0116JIMO veido kremas su KOLAGENAIS 30-45 METAMS 50 ml<br \/>\nSudedamosios dalys\/INCI: vanduo, parafininis skystis, glicerilo stearato citratas, glicerinas, kaprilinis\/kaprinis.  <\/p>\n<p>&#8220;Victoria Beauty&#8221; itin dr\u0117kinantis dieninis ir naktinis kremas su kakava, \u017eali\u0105ja arbata ir kokosais, skirtas 30-45 met\u0173 \u017emon\u0117ms.<\/p>\n<p>Geriausias sen\u0117jim\u0105 stabdantis dr\u0117kinamasis kremas &#8211; RETINOLIS (VITAMINAS A), KOLAGENAS, UVA \/ UVB FILTRAS ir patentuotas, klini\u0161kai \u012frodytas 3 skirting\u0173 r\u016b\u0161i\u0173 hialurono r\u016bg\u0161ties derinys &#8211; suma\u017e\u0117ja rauk\u0161li\u0173, oda tampa \u0161velnesn\u0117 ir lygesn\u0117, pager\u0117ja jos tekst\u016bra ir strukt\u016bra.<\/p>\n<p>3 SUPERPRODUKTAI: naudingi ingredientai odos gro\u017eiui puosel\u0117ti &#8211; kakavos sviestas, \u017ealiosios arbatos ekstraktas ir kokos\u0173 aliejus &#8211; puiki dr\u0117kinamoji, antioksidacin\u0117 ir spindes\u012f suteikianti veido proced\u016bra.<\/p>\n<p>Tinka vis\u0173 tip\u0173 odai, ypa\u010d naudingas sausai ir i\u0161bly\u0161kusiai odai.<\/p>\n<p>KOMPLEKSIN\u0116 ODA 3 IN 1 &#8211; daugiafunkcinis dieninis ir naktinis veido kremas sujungia 3 VEIKSMUS, kad i\u0161 karto pasiekt\u0173 gro\u017eio rezultat\u0173 &#8211; giliai ir ilgai dr\u0117kina od\u0105, suteikia jaunatvi\u0161k\u0105 i\u0161vaizd\u0105, stipriai apsaugo nuo aplinkos agresori\u0173.<\/p>\n","protected":false},"excerpt":{"rendered":"<p>ANTIVOZROZROSTINIS ANTI-SEN\u0116JIMO veido kremas su KOLAGENAIS 30-45 METAMS 50 ml Sudedamosios dalys\/INCI: vanduo, parafininis skystis, glicerilo stearato citratas, glicerinas, kaprilinis\/kaprinis. &#8220;Victoria Beauty&#8221; itin dr\u0117kinantis dieninis ir naktinis kremas su kakava, \u017eali\u0105ja arbata ir kokosais, skirtas 30-45 met\u0173 \u017emon\u0117ms. Geriausias sen\u0117jim\u0105 stabdantis dr\u0117kinamasis kremas &#8211; RETINOLIS (VITAMINAS A), KOLAGENAS, UVA \/ UVB FILTRAS ir patentuotas, klini\u0161kai [&hellip;]<\/p>\n","protected":false},"featured_media":12178,"comment_status":"open","ping_status":"closed","template":"","meta":[],"product_brand":[],"product_cat":[133,209,127],"product_tag":[],"class_list":{"0":"post-12180","1":"product","2":"type-product","3":"status-publish","4":"has-post-thumbnail","6":"product_cat-dienos-kremai","7":"product_cat-naktiniai-kremai","8":"product_cat-veidas","10":"first","11":"outofstock","12":"shipping-taxable","13":"purchasable","14":"product-type-simple"},"_links":{"self":[{"href":"https:\/\/beautysba.co.uk\/lt\/wp-json\/wp\/v2\/product\/12180","targetHints":{"allow":["GET"]}}],"collection":[{"href":"https:\/\/beautysba.co.uk\/lt\/wp-json\/wp\/v2\/product"}],"about":[{"href":"https:\/\/beautysba.co.uk\/lt\/wp-json\/wp\/v2\/types\/product"}],"replies":[{"embeddable":true,"href":"https:\/\/beautysba.co.uk\/lt\/wp-json\/wp\/v2\/comments?post=12180"}],"wp:featuredmedia":[{"embeddable":true,"href":"https:\/\/beautysba.co.uk\/lt\/wp-json\/wp\/v2\/media\/12178"}],"wp:attachment":[{"href":"https:\/\/beautysba.co.uk\/lt\/wp-json\/wp\/v2\/media?parent=12180"}],"wp:term":[{"taxonomy":"product_brand","embeddable":true,"href":"https:\/\/beautysba.co.uk\/lt\/wp-json\/wp\/v2\/product_brand?post=12180"},{"taxonomy":"product_cat","embeddable":true,"href":"https:\/\/beautysba.co.uk\/lt\/wp-json\/wp\/v2\/product_cat?post=12180"},{"taxonomy":"product_tag","embeddable":true,"href":"https:\/\/beautysba.co.uk\/lt\/wp-json\/wp\/v2\/product_tag?post=12180"}],"curies":[{"name":"wp","href":"https:\/\/api.w.org\/{rel}","templated":true}]}}