{"id":12198,"date":"2024-01-12T06:52:26","date_gmt":"2024-01-12T06:52:26","guid":{"rendered":"https:\/\/beautysba.co.uk\/product\/%d0%b4%d0%bd%d0%b5%d0%b2%d0%bd%d0%be%d0%b9-%d0%ba%d1%80%d0%b5%d0%bc-%d0%b4%d0%bb%d1%8f-%d0%bb%d0%b8%d1%86%d0%b0-%d1%81-%d0%b2%d0%b8%d1%82%d0%b0%d0%bc%d0%b8%d0%bd%d0%be%d0%bc-%d1%81-age-pro-50\/"},"modified":"2026-04-24T09:36:12","modified_gmt":"2026-04-24T09:36:12","slug":"%d0%b4%d0%bd%d0%b5%d0%b2%d0%bd%d0%be%d0%b9-%d0%ba%d1%80%d0%b5%d0%bc-%d0%b4%d0%bb%d1%8f-%d0%bb%d0%b8%d1%86%d0%b0-%d1%81-%d0%b2%d0%b8%d1%82%d0%b0%d0%bc%d0%b8%d0%bd%d0%be%d0%bc-%d1%81-age-pro-50","status":"publish","type":"product","link":"https:\/\/beautysba.co.uk\/lt\/produktas\/%d0%b4%d0%bd%d0%b5%d0%b2%d0%bd%d0%be%d0%b9-%d0%ba%d1%80%d0%b5%d0%bc-%d0%b4%d0%bb%d1%8f-%d0%bb%d0%b8%d1%86%d0%b0-%d1%81-%d0%b2%d0%b8%d1%82%d0%b0%d0%bc%d0%b8%d0%bd%d0%be%d0%bc-%d1%81-age-pro-50\/","title":{"rendered":"Vitaminas C age pro dieninis kremas 50 ml &#8211; Victoria Beauty"},"content":{"rendered":"<p>PRIE\u0160 STOR\u0116JIM\u0104 DIENOS KREMAS VEIDUI SU VITAMINU C SPF 20 \/ 50 ML<br \/>\nJauninantis dienos kremas veidui su vitaminu C praturtintas jaunyst\u0117s antioksidant\u0173 kokteiliu su vitaminu C, ananasais ir apelsinais. \u017dvaig\u017ed\u017ei\u0173 ingredient\u0173 derinys apsaugo ir skaistina senstan\u010di\u0105 od\u0105 ir suteikia jai nat\u016bralaus \u0161vyt\u0117jimo.<\/p>\n<p>Maistin\u0117s med\u017eiagos kiekis: 50 ml.<\/p>\n<p>NAUDOJIMO INSTRUKCIJA: nedidel\u012f kiek\u012f veido kremo masa\u017euojamaisiais judesiais u\u017etepkite ant \u0161varios odos.<\/p>\n<p>SUD\u0116TIS INCI: \u017er. ant pakuot\u0117s.<\/p>\n<p>\u012esp\u0117jimai: laikyti vaikams nepasiekiamoje vietoje. Nenaudokite, jei yra padid\u0117j\u0119s jautrumas bet kuriai sudedamajai daliai. Jei pasirei\u0161kia alergin\u0117s reakcijos, nutraukite vartojim\u0105 ir kreipkit\u0117s \u012f gydytoj\u0105. Tik i\u0161oriniam naudojimui. Venkite aki\u0173 kontakto. Patekus \u012f akis, kruop\u0161\u010diai nuplaukite vandeniu. Laikyti nuo +5\u00baC iki +25\u00baC temperat\u016broje, sausoje, tamsioje, vaikams nepasiekiamoje vietoje.<\/p>\n<p>METAI PRIE\u0160: \u017er. pakuot\u0119.<\/p>\n<p>GAMINTOJAS: KAMKO LTD. Bulgarija.<\/p>\n","protected":false},"excerpt":{"rendered":"<p>PRIE\u0160 STOR\u0116JIM\u0104 DIENOS KREMAS VEIDUI SU VITAMINU C SPF 20 \/ 50 ML Jauninantis dienos kremas veidui su vitaminu C praturtintas jaunyst\u0117s antioksidant\u0173 kokteiliu su vitaminu C, ananasais ir apelsinais. \u017dvaig\u017ed\u017ei\u0173 ingredient\u0173 derinys apsaugo ir skaistina senstan\u010di\u0105 od\u0105 ir suteikia jai nat\u016bralaus \u0161vyt\u0117jimo. Maistin\u0117s med\u017eiagos kiekis: 50 ml. NAUDOJIMO INSTRUKCIJA: nedidel\u012f kiek\u012f veido kremo masa\u017euojamaisiais [&hellip;]<\/p>\n","protected":false},"featured_media":12196,"comment_status":"open","ping_status":"closed","template":"","meta":[],"product_brand":[],"product_cat":[133,127],"product_tag":[],"class_list":{"0":"post-12198","1":"product","2":"type-product","3":"status-publish","4":"has-post-thumbnail","6":"product_cat-dienos-kremai","7":"product_cat-veidas","9":"first","10":"instock","11":"shipping-taxable","12":"purchasable","13":"product-type-simple"},"_links":{"self":[{"href":"https:\/\/beautysba.co.uk\/lt\/wp-json\/wp\/v2\/product\/12198","targetHints":{"allow":["GET"]}}],"collection":[{"href":"https:\/\/beautysba.co.uk\/lt\/wp-json\/wp\/v2\/product"}],"about":[{"href":"https:\/\/beautysba.co.uk\/lt\/wp-json\/wp\/v2\/types\/product"}],"replies":[{"embeddable":true,"href":"https:\/\/beautysba.co.uk\/lt\/wp-json\/wp\/v2\/comments?post=12198"}],"wp:featuredmedia":[{"embeddable":true,"href":"https:\/\/beautysba.co.uk\/lt\/wp-json\/wp\/v2\/media\/12196"}],"wp:attachment":[{"href":"https:\/\/beautysba.co.uk\/lt\/wp-json\/wp\/v2\/media?parent=12198"}],"wp:term":[{"taxonomy":"product_brand","embeddable":true,"href":"https:\/\/beautysba.co.uk\/lt\/wp-json\/wp\/v2\/product_brand?post=12198"},{"taxonomy":"product_cat","embeddable":true,"href":"https:\/\/beautysba.co.uk\/lt\/wp-json\/wp\/v2\/product_cat?post=12198"},{"taxonomy":"product_tag","embeddable":true,"href":"https:\/\/beautysba.co.uk\/lt\/wp-json\/wp\/v2\/product_tag?post=12198"}],"curies":[{"name":"wp","href":"https:\/\/api.w.org\/{rel}","templated":true}]}}