{"id":12234,"date":"2024-01-12T07:17:57","date_gmt":"2024-01-12T07:17:57","guid":{"rendered":"https:\/\/beautysba.co.uk\/product\/%d0%b4%d0%bd%d0%b5%d0%b2%d0%bd%d0%be%d0%b9-%d0%b8-%d0%bd%d0%be%d1%87%d0%bd%d0%be%d0%b9-%d1%83%d0%b2%d0%bb%d0%b0%d0%b6%d0%bd%d1%8f%d1%8e%d1%89%d0%b8%d0%b9-%d0%ba%d1%80%d0%b5%d0%bc-%d0%b4%d0%bb%d1%8f\/"},"modified":"2024-01-12T08:57:10","modified_gmt":"2024-01-12T08:57:10","slug":"%d0%b4%d0%bd%d0%b5%d0%b2%d0%bd%d0%be%d0%b9-%d0%b8-%d0%bd%d0%be%d1%87%d0%bd%d0%be%d0%b9-%d1%83%d0%b2%d0%bb%d0%b0%d0%b6%d0%bd%d1%8f%d1%8e%d1%89%d0%b8%d0%b9-%d0%ba%d1%80%d0%b5%d0%bc-%d0%b4%d0%bb%d1%8f","status":"publish","type":"product","link":"https:\/\/beautysba.co.uk\/lt\/produktas\/%d0%b4%d0%bd%d0%b5%d0%b2%d0%bd%d0%be%d0%b9-%d0%b8-%d0%bd%d0%be%d1%87%d0%bd%d0%be%d0%b9-%d1%83%d0%b2%d0%bb%d0%b0%d0%b6%d0%bd%d1%8f%d1%8e%d1%89%d0%b8%d0%b9-%d0%ba%d1%80%d0%b5%d0%bc-%d0%b4%d0%bb%d1%8f\/","title":{"rendered":"Dieninis ir naktinis dr\u0117kinamasis veido kremas su l-argininu ir vynuogi\u0173 kauliuk\u0173 aliejumi 50-65+ 50ml &#8211; Victoria Beauty"},"content":{"rendered":"<p>Tai puikus b\u016bdas i\u0161laikyti sveik\u0105 ir gra\u017ei\u0105 od\u0105. \u0160ie du produktai yra specialiai sukurti taip, kad oda b\u016bt\u0173 intensyviai dr\u0117kinama, maitinama ir stangrinama vis\u0105 dien\u0105 ir nakt\u012f.<\/p>\n<p>Privalumai:<\/p>\n<p>Dr\u0117kinimas ir maitinimas: abiejuose kremuose yra nauding\u0173 ingredient\u0173, toki\u0173 kaip hialurono r\u016bg\u0161tis, vitaminai ir antioksidantai, kurie suteikia odai ap\u010diuopiamo dr\u0117kinimo ir b\u016btino maitinimo.<br \/>\nLiftinginis poveikis: speciali sud\u0117tis padeda stangrinti od\u0105 ir ma\u017einti sen\u0117jimo po\u017eymius, tod\u0117l veidas atrodo jaunesnis ir gaivesnis.<br \/>\nAgresyvi aplinkos apsauga: kremuose yra antioksidant\u0173, kurie padeda apsaugoti od\u0105 nuo aplinkos \u017ealos ir laisv\u0173j\u0173 radikal\u0173.<br \/>\nLengva tekst\u016bra: kremai yra malonios tekst\u016bros, greitai \u012fsigeria, nepalikdami lipnumo poj\u016b\u010dio. Jie tinka vis\u0173 tip\u0173 odai, \u012fskaitant saus\u0105, riebi\u0105 ir mi\u0161ri\u0105.<br \/>\nVeikliosios med\u017eiagos: kolagenas, L-argininas, vitaminai A, B5 ir E, hialurono r\u016bg\u0161tis ir vynuogi\u0173 kauliuk\u0173 aliejus, sud\u0117tyje yra UVA ir UVB filtr\u0173.<\/p>\n<p>Kaip naudoti: tepkite ant \u0161varios ir sausos odos ryte ir vakare.<\/p>\n","protected":false},"excerpt":{"rendered":"<p>Tai puikus b\u016bdas i\u0161laikyti sveik\u0105 ir gra\u017ei\u0105 od\u0105. \u0160ie du produktai yra specialiai sukurti taip, kad oda b\u016bt\u0173 intensyviai dr\u0117kinama, maitinama ir stangrinama vis\u0105 dien\u0105 ir nakt\u012f. Privalumai: Dr\u0117kinimas ir maitinimas: abiejuose kremuose yra nauding\u0173 ingredient\u0173, toki\u0173 kaip hialurono r\u016bg\u0161tis, vitaminai ir antioksidantai, kurie suteikia odai ap\u010diuopiamo dr\u0117kinimo ir b\u016btino maitinimo. Liftinginis poveikis: speciali sud\u0117tis [&hellip;]<\/p>\n","protected":false},"featured_media":12232,"comment_status":"open","ping_status":"closed","template":"","meta":[],"product_brand":[],"product_cat":[133,125,209,127],"product_tag":[],"class_list":{"0":"post-12234","1":"product","2":"type-product","3":"status-publish","4":"has-post-thumbnail","6":"product_cat-dienos-kremai","7":"product_cat-ispardavimas","8":"product_cat-naktiniai-kremai","9":"product_cat-veidas","11":"first","12":"outofstock","13":"sale","14":"shipping-taxable","15":"purchasable","16":"product-type-simple"},"_links":{"self":[{"href":"https:\/\/beautysba.co.uk\/lt\/wp-json\/wp\/v2\/product\/12234","targetHints":{"allow":["GET"]}}],"collection":[{"href":"https:\/\/beautysba.co.uk\/lt\/wp-json\/wp\/v2\/product"}],"about":[{"href":"https:\/\/beautysba.co.uk\/lt\/wp-json\/wp\/v2\/types\/product"}],"replies":[{"embeddable":true,"href":"https:\/\/beautysba.co.uk\/lt\/wp-json\/wp\/v2\/comments?post=12234"}],"wp:featuredmedia":[{"embeddable":true,"href":"https:\/\/beautysba.co.uk\/lt\/wp-json\/wp\/v2\/media\/12232"}],"wp:attachment":[{"href":"https:\/\/beautysba.co.uk\/lt\/wp-json\/wp\/v2\/media?parent=12234"}],"wp:term":[{"taxonomy":"product_brand","embeddable":true,"href":"https:\/\/beautysba.co.uk\/lt\/wp-json\/wp\/v2\/product_brand?post=12234"},{"taxonomy":"product_cat","embeddable":true,"href":"https:\/\/beautysba.co.uk\/lt\/wp-json\/wp\/v2\/product_cat?post=12234"},{"taxonomy":"product_tag","embeddable":true,"href":"https:\/\/beautysba.co.uk\/lt\/wp-json\/wp\/v2\/product_tag?post=12234"}],"curies":[{"name":"wp","href":"https:\/\/api.w.org\/{rel}","templated":true}]}}