{"id":12252,"date":"2024-01-12T07:24:33","date_gmt":"2024-01-12T07:24:33","guid":{"rendered":"https:\/\/beautysba.co.uk\/product\/%d1%81%d1%8b%d0%b2%d0%be%d1%80%d0%be%d1%82%d0%ba%d0%b0-%d0%ba%d0%be%d0%bd%d1%86%d0%b5%d0%bd%d1%82%d1%80%d0%b8%d1%80%d0%be%d0%b2%d0%b0%d0%bd%d0%b0-%d0%bf%d1%80%d0%be%d1%82%d0%b8%d0%b2-%d0%bc%d0%be\/"},"modified":"2026-04-24T09:35:04","modified_gmt":"2026-04-24T09:35:04","slug":"%d1%81%d1%8b%d0%b2%d0%be%d1%80%d0%be%d1%82%d0%ba%d0%b0-%d0%ba%d0%be%d0%bd%d1%86%d0%b5%d0%bd%d1%82%d1%80%d0%b8%d1%80%d0%be%d0%b2%d0%b0%d0%bd%d0%b0-%d0%bf%d1%80%d0%be%d1%82%d0%b8%d0%b2-%d0%bc%d0%be","status":"publish","type":"product","link":"https:\/\/beautysba.co.uk\/lt\/produktas\/%d1%81%d1%8b%d0%b2%d0%be%d1%80%d0%be%d1%82%d0%ba%d0%b0-%d0%ba%d0%be%d0%bd%d1%86%d0%b5%d0%bd%d1%82%d1%80%d0%b8%d1%80%d0%be%d0%b2%d0%b0%d0%bd%d0%b0-%d0%bf%d1%80%d0%be%d1%82%d0%b8%d0%b2-%d0%bc%d0%be\/","title":{"rendered":"Koncentruotas serumas nuo rauk\u0161li\u0173 su 10 % vitamin\u0173 su &#8220;Age Pro&#8221;, 30 ml &#8211; Victoria Beauty"},"content":{"rendered":"<p>&#8220;Victoria Beauty&#8221; ekspertai si\u016blo koncentruot\u0105 serum\u0105, kuris kovoja su rauk\u0161l\u0117mis ir suteikia odai \u0161vyt\u0117jimo. Sud\u0117tyje yra 10 % vitamino C, vaisi\u0173 ekstrakt\u0173 ir aliej\u0173, kurie nat\u016braliai \u0161viesina senatvines d\u0117mes ir atkuria nat\u016bral\u0173 odos \u0161vyt\u0117jim\u0105. Jie taip pat dr\u0117kina ir pagerina odos mink\u0161tum\u0105 bei elastingum\u0105. Serumas yra vegani\u0161kas, nat\u016braliai aromatizuotas, jo sud\u0117tyje yra 86 % nat\u016brali\u0173 valgom\u0173j\u0173 med\u017eiag\u0173*. Produktas si\u016blomas perdirbamame stikliniame indelyje, kuriame r\u016bpinamasi aplinka.<\/p>\n<p>Pagrindini\u0173 sudedam\u0173j\u0173 dali\u0173 savyb\u0117s:<\/p>\n<p>vitaminas C &#8211; apsaugo nuo laisv\u0173j\u0173 radikal\u0173, l\u0117tina odos sen\u0117jim\u0105; stimuliuoja kolageno sintez\u0119, gerina odos elastingum\u0105 ir tankum\u0105; padeda ma\u017einti rauk\u0161les ir smulkias linijas<br \/>\napelsin\u0173 aliejus &#8211; dr\u0117kina ir atkuria odos elastingum\u0105; pasi\u017eymi geru balinamuoju ir tonizuojan\u010diu poveikiu<br \/>\nananas\u0173 ekstraktas &#8211; pasi\u017eymi atjauninan\u010diomis, regeneruojan\u010diomis, \u0161viesinan\u010diomis ir dr\u0117kinan\u010diomis savyb\u0117mis<br \/>\n* Sudedam\u0173j\u0173 dali\u0173 kilm\u0119 garantuoja gamintojas.<\/p>\n<p>Taikymo b\u016bdas<\/p>\n<p>Tepkite ant gerai nuvalytos ir nusausintos odos.<br \/>\nNaudokite prie\u0161 pasirinkt\u0105 rytin\u012f ir vakarin\u012f veido krem\u0105.<br \/>\nSud\u0117tis<\/p>\n<p>Aqua<br \/>\nSodium Ascorbyl Phosphate<br \/>\nGlycerin<br \/>\nPEG-40 Hydrogenated Castor Oil<br \/>\nCitrinos r\u016bg\u0161tis<br \/>\nAnanas Sativus (Ananas) Fruit Extract<br \/>\nCitrus Aurantium Dulcis (Orange) Peel Oil Expressed<br \/>\nSodium Benzoate<br \/>\nPotassium Sorbate<br \/>\nLimonene<br \/>\nLinalool<br \/>\nCitral<\/p>\n","protected":false},"excerpt":{"rendered":"<p>&#8220;Victoria Beauty&#8221; ekspertai si\u016blo koncentruot\u0105 serum\u0105, kuris kovoja su rauk\u0161l\u0117mis ir suteikia odai \u0161vyt\u0117jimo. Sud\u0117tyje yra 10 % vitamino C, vaisi\u0173 ekstrakt\u0173 ir aliej\u0173, kurie nat\u016braliai \u0161viesina senatvines d\u0117mes ir atkuria nat\u016bral\u0173 odos \u0161vyt\u0117jim\u0105. Jie taip pat dr\u0117kina ir pagerina odos mink\u0161tum\u0105 bei elastingum\u0105. Serumas yra vegani\u0161kas, nat\u016braliai aromatizuotas, jo sud\u0117tyje yra 86 % nat\u016brali\u0173 [&hellip;]<\/p>\n","protected":false},"featured_media":12250,"comment_status":"open","ping_status":"closed","template":"","meta":[],"product_brand":[],"product_cat":[210,127],"product_tag":[],"class_list":{"0":"post-12252","1":"product","2":"type-product","3":"status-publish","4":"has-post-thumbnail","6":"product_cat-serumai","7":"product_cat-veidas","9":"first","10":"instock","11":"shipping-taxable","12":"purchasable","13":"product-type-simple"},"_links":{"self":[{"href":"https:\/\/beautysba.co.uk\/lt\/wp-json\/wp\/v2\/product\/12252","targetHints":{"allow":["GET"]}}],"collection":[{"href":"https:\/\/beautysba.co.uk\/lt\/wp-json\/wp\/v2\/product"}],"about":[{"href":"https:\/\/beautysba.co.uk\/lt\/wp-json\/wp\/v2\/types\/product"}],"replies":[{"embeddable":true,"href":"https:\/\/beautysba.co.uk\/lt\/wp-json\/wp\/v2\/comments?post=12252"}],"wp:featuredmedia":[{"embeddable":true,"href":"https:\/\/beautysba.co.uk\/lt\/wp-json\/wp\/v2\/media\/12250"}],"wp:attachment":[{"href":"https:\/\/beautysba.co.uk\/lt\/wp-json\/wp\/v2\/media?parent=12252"}],"wp:term":[{"taxonomy":"product_brand","embeddable":true,"href":"https:\/\/beautysba.co.uk\/lt\/wp-json\/wp\/v2\/product_brand?post=12252"},{"taxonomy":"product_cat","embeddable":true,"href":"https:\/\/beautysba.co.uk\/lt\/wp-json\/wp\/v2\/product_cat?post=12252"},{"taxonomy":"product_tag","embeddable":true,"href":"https:\/\/beautysba.co.uk\/lt\/wp-json\/wp\/v2\/product_tag?post=12252"}],"curies":[{"name":"wp","href":"https:\/\/api.w.org\/{rel}","templated":true}]}}