{"id":12301,"date":"2024-01-12T07:44:25","date_gmt":"2024-01-12T07:44:25","guid":{"rendered":"https:\/\/beautysba.co.uk\/product\/%d0%bc%d0%b0%d1%81%d0%bb%d0%be-%d1%87%d0%b5%d1%80%d0%bd%d0%be%d0%b3%d0%be-%d1%82%d0%bc%d0%b8%d0%bd%d0%b0-%d0%ba%d0%b0%d0%bf%d1%81%d1%83%d0%bb%d1%8b-%e2%84%9660-%d0%bf%d0%be-400-%d0%bc%d0%b3\/"},"modified":"2024-01-12T08:57:09","modified_gmt":"2024-01-12T08:57:09","slug":"%d0%bc%d0%b0%d1%81%d0%bb%d0%be-%d1%87%d0%b5%d1%80%d0%bd%d0%be%d0%b3%d0%be-%d1%82%d0%bc%d0%b8%d0%bd%d0%b0-%d0%ba%d0%b0%d0%bf%d1%81%d1%83%d0%bb%d1%8b-%e2%84%9660-%d0%bf%d0%be-400-%d0%bc%d0%b3","status":"publish","type":"product","link":"https:\/\/beautysba.co.uk\/lt\/produktas\/%d0%bc%d0%b0%d1%81%d0%bb%d0%be-%d1%87%d0%b5%d1%80%d0%bd%d0%be%d0%b3%d0%be-%d1%82%d0%bc%d0%b8%d0%bd%d0%b0-%d0%ba%d0%b0%d0%bf%d1%81%d1%83%d0%bb%d1%8b-%e2%84%9660-%d0%bf%d0%be-400-%d0%bc%d0%b3\/","title":{"rendered":"Juod\u0173j\u0173 kmyn\u0173 aliejaus kapsul\u0117s #60 po 400 mg"},"content":{"rendered":"<p>Juod\u0173j\u0173 kmyn\u0173 aliejus pad\u0117s sustiprinti imunin\u0119 sistem\u0105, suma\u017einti alergines reakcijas, normalizuoti svor\u012f ir cukraus kiek\u012f kraujyje, pagerinti darbingum\u0105, pad\u0117ti kovoti su nuovargiu ir pavargimu (l\u0117tinio nuovargio sindromu).<\/p>\n<p>Indikacijos<\/p>\n<p>Choriono nuovargio sindromas, suma\u017e\u0117j\u0119s imunitetas, padid\u0117j\u0119s cukraus kiekis kraujyje.<\/p>\n<p>Naudojimo rekomendacijos<\/p>\n<p>Suaugusiesiems gerti po 4 kapsules 2 kartus per dien\u0105 valgio metu. Pri\u0117mimo trukm\u0117 \u2013 1 m\u0117nuo.<\/p>\n<p>Jei reikia, pri\u0117mim\u0105 galima pakartoti.<\/p>\n<p>Sud\u0117tis<\/p>\n<p>Juod\u0173j\u0173 kmyn\u0173 aliejus, vitaminas E (tokoferolio acetatas). Kriaukl\u0117: \u017eelatina, glicerolis (E422).<\/p>\n<p>Kontraindikacijos<\/p>\n<p>Individualus komponent\u0173 netoleravimas.<\/p>\n<p>Laikymo s\u0105lygos<\/p>\n<p>Sausoje vietoje, apsaugotoje nuo tiesiogini\u0173 saul\u0117s spinduli\u0173, +25 temperat\u016broje.<\/p>\n<p>Galiojimo laikas<\/p>\n<p>2 metai<\/p>\n","protected":false},"excerpt":{"rendered":"<p>Juod\u0173j\u0173 kmyn\u0173 aliejus pad\u0117s sustiprinti imunin\u0119 sistem\u0105, suma\u017einti alergines reakcijas, normalizuoti svor\u012f ir cukraus kiek\u012f kraujyje, pagerinti darbingum\u0105, pad\u0117ti kovoti su nuovargiu ir pavargimu (l\u0117tinio nuovargio sindromu). Indikacijos Choriono nuovargio sindromas, suma\u017e\u0117j\u0119s imunitetas, padid\u0117j\u0119s cukraus kiekis kraujyje. Naudojimo rekomendacijos Suaugusiesiems gerti po 4 kapsules 2 kartus per dien\u0105 valgio metu. Pri\u0117mimo trukm\u0117 \u2013 1 m\u0117nuo. [&hellip;]<\/p>\n","protected":false},"featured_media":12293,"comment_status":"open","ping_status":"closed","template":"","meta":[],"product_brand":[],"product_cat":[217,220],"product_tag":[],"class_list":{"0":"post-12301","1":"product","2":"type-product","3":"status-publish","4":"has-post-thumbnail","6":"product_cat-sveikatos-prieziura","7":"product_cat-zarnyno-sveikata","9":"first","10":"outofstock","11":"shipping-taxable","12":"purchasable","13":"product-type-simple"},"_links":{"self":[{"href":"https:\/\/beautysba.co.uk\/lt\/wp-json\/wp\/v2\/product\/12301","targetHints":{"allow":["GET"]}}],"collection":[{"href":"https:\/\/beautysba.co.uk\/lt\/wp-json\/wp\/v2\/product"}],"about":[{"href":"https:\/\/beautysba.co.uk\/lt\/wp-json\/wp\/v2\/types\/product"}],"replies":[{"embeddable":true,"href":"https:\/\/beautysba.co.uk\/lt\/wp-json\/wp\/v2\/comments?post=12301"}],"wp:featuredmedia":[{"embeddable":true,"href":"https:\/\/beautysba.co.uk\/lt\/wp-json\/wp\/v2\/media\/12293"}],"wp:attachment":[{"href":"https:\/\/beautysba.co.uk\/lt\/wp-json\/wp\/v2\/media?parent=12301"}],"wp:term":[{"taxonomy":"product_brand","embeddable":true,"href":"https:\/\/beautysba.co.uk\/lt\/wp-json\/wp\/v2\/product_brand?post=12301"},{"taxonomy":"product_cat","embeddable":true,"href":"https:\/\/beautysba.co.uk\/lt\/wp-json\/wp\/v2\/product_cat?post=12301"},{"taxonomy":"product_tag","embeddable":true,"href":"https:\/\/beautysba.co.uk\/lt\/wp-json\/wp\/v2\/product_tag?post=12301"}],"curies":[{"name":"wp","href":"https:\/\/api.w.org\/{rel}","templated":true}]}}