{"id":12361,"date":"2024-01-12T08:07:53","date_gmt":"2024-01-12T08:07:53","guid":{"rendered":"https:\/\/beautysba.co.uk\/product\/%d1%81%d1%8b%d0%b2%d0%be%d1%80%d0%be%d1%82%d0%ba%d0%b0-%d0%b4%d0%bb%d1%8f-%d0%b3%d0%bb%d0%b0%d0%b7-%d1%81-%d0%b2%d0%b8%d1%82%d0%b0%d0%bc%d0%b8%d0%bd%d0%be%d0%bc-c-%d0%b8-%d0%b3%d0%b8%d0%b0%d0%bb%d1%83\/"},"modified":"2024-01-12T08:53:33","modified_gmt":"2024-01-12T08:53:33","slug":"%d1%81%d1%8b%d0%b2%d0%be%d1%80%d0%be%d1%82%d0%ba%d0%b0-%d0%b4%d0%bb%d1%8f-%d0%b3%d0%bb%d0%b0%d0%b7-%d1%81-%d0%b2%d0%b8%d1%82%d0%b0%d0%bc%d0%b8%d0%bd%d0%be%d0%bc-c-%d0%b8-%d0%b3%d0%b8%d0%b0%d0%bb%d1%83","status":"publish","type":"product","link":"https:\/\/beautysba.co.uk\/lt\/produktas\/%d1%81%d1%8b%d0%b2%d0%be%d1%80%d0%be%d1%82%d0%ba%d0%b0-%d0%b4%d0%bb%d1%8f-%d0%b3%d0%bb%d0%b0%d0%b7-%d1%81-%d0%b2%d0%b8%d1%82%d0%b0%d0%bc%d0%b8%d0%bd%d0%be%d0%bc-c-%d0%b8-%d0%b3%d0%b8%d0%b0%d0%bb%d1%83\/","title":{"rendered":"Aki\u0173 serumas su vitaminu c ir hialurono r\u016bg\u0161timi 15ml &#8211; deva"},"content":{"rendered":"<p>DEVA AKI\u0172 SERUMAS SU VITAMINU C IR HIALURONO R\u016aG\u0160TIMI 15 ML<br \/>\nSerumas veiksmingai ma\u017eina nuovargio po\u017eymius, tamsius ratilus po akimis ir paburkim\u0105. I\u0161lygina ir pary\u0161kina odos aplink akis spalv\u0105.<\/p>\n<p>&#8211; Visiems odos tipams<br \/>\n&#8211; Kasdieniam naudojimui<br \/>\n&#8211; Tinka veganams<br \/>\nVeikliosios med\u017eiagos  <\/p>\n<p>&#8211; Vitaminas C yra stiprus antioksidantas, kuris i\u0161lygina ir pagyvina odos spalv\u0105.<br \/>\n&#8211; Bio ro\u017ei\u0173 vanduo &#8211; gaivina ir ramina od\u0105<br \/>\nNaudojimo b\u016bdas  <\/p>\n<p>Specialiu antgaliu u\u017etepkite ant aki\u0173 kont\u016bro ir \u0161velniai paskirstykite nuo i\u0161orinio perianalinio kont\u016bro kra\u0161to iki vidinio kont\u016bro. Venkite tiesioginio kontakto su akimis. Neplaukite!<\/p>\n","protected":false},"excerpt":{"rendered":"<p>DEVA AKI\u0172 SERUMAS SU VITAMINU C IR HIALURONO R\u016aG\u0160TIMI 15 ML Serumas veiksmingai ma\u017eina nuovargio po\u017eymius, tamsius ratilus po akimis ir paburkim\u0105. I\u0161lygina ir pary\u0161kina odos aplink akis spalv\u0105. &#8211; Visiems odos tipams &#8211; Kasdieniam naudojimui &#8211; Tinka veganams Veikliosios med\u017eiagos &#8211; Vitaminas C yra stiprus antioksidantas, kuris i\u0161lygina ir pagyvina odos spalv\u0105. &#8211; Bio [&hellip;]<\/p>\n","protected":false},"featured_media":12359,"comment_status":"open","ping_status":"closed","template":"","meta":[],"product_brand":[],"product_cat":[202,125,127],"product_tag":[],"class_list":{"0":"post-12361","1":"product","2":"type-product","3":"status-publish","4":"has-post-thumbnail","6":"product_cat-akiu-kremai","7":"product_cat-ispardavimas","8":"product_cat-veidas","10":"first","11":"outofstock","12":"sale","13":"shipping-taxable","14":"purchasable","15":"product-type-simple"},"_links":{"self":[{"href":"https:\/\/beautysba.co.uk\/lt\/wp-json\/wp\/v2\/product\/12361","targetHints":{"allow":["GET"]}}],"collection":[{"href":"https:\/\/beautysba.co.uk\/lt\/wp-json\/wp\/v2\/product"}],"about":[{"href":"https:\/\/beautysba.co.uk\/lt\/wp-json\/wp\/v2\/types\/product"}],"replies":[{"embeddable":true,"href":"https:\/\/beautysba.co.uk\/lt\/wp-json\/wp\/v2\/comments?post=12361"}],"wp:featuredmedia":[{"embeddable":true,"href":"https:\/\/beautysba.co.uk\/lt\/wp-json\/wp\/v2\/media\/12359"}],"wp:attachment":[{"href":"https:\/\/beautysba.co.uk\/lt\/wp-json\/wp\/v2\/media?parent=12361"}],"wp:term":[{"taxonomy":"product_brand","embeddable":true,"href":"https:\/\/beautysba.co.uk\/lt\/wp-json\/wp\/v2\/product_brand?post=12361"},{"taxonomy":"product_cat","embeddable":true,"href":"https:\/\/beautysba.co.uk\/lt\/wp-json\/wp\/v2\/product_cat?post=12361"},{"taxonomy":"product_tag","embeddable":true,"href":"https:\/\/beautysba.co.uk\/lt\/wp-json\/wp\/v2\/product_tag?post=12361"}],"curies":[{"name":"wp","href":"https:\/\/api.w.org\/{rel}","templated":true}]}}