{"id":12367,"date":"2024-01-12T08:09:42","date_gmt":"2024-01-12T08:09:42","guid":{"rendered":"https:\/\/beautysba.co.uk\/product\/%d0%ba%d1%80%d0%b5%d0%bc-%d0%bc%d0%b0%d1%81%d0%bb%d0%be-%d1%8d%d0%bb%d0%b8%d0%ba%d1%81%d0%b8%d1%80-%d0%b4%d0%bb%d1%8f-%d0%bb%d0%b8%d1%86%d0%b0-%d1%81-6-%d0%bd%d0%b0%d1%82%d1%83%d1%80%d0%b0%d0%bb%d1%8c\/"},"modified":"2024-01-12T08:53:14","modified_gmt":"2024-01-12T08:53:14","slug":"%d0%ba%d1%80%d0%b5%d0%bc-%d0%bc%d0%b0%d1%81%d0%bb%d0%be-%d1%8d%d0%bb%d0%b8%d0%ba%d1%81%d0%b8%d1%80-%d0%b4%d0%bb%d1%8f-%d0%bb%d0%b8%d1%86%d0%b0-%d1%81-6-%d0%bd%d0%b0%d1%82%d1%83%d1%80%d0%b0%d0%bb%d1%8c","status":"publish","type":"product","link":"https:\/\/beautysba.co.uk\/lt\/produktas\/%d0%ba%d1%80%d0%b5%d0%bc-%d0%bc%d0%b0%d1%81%d0%bb%d0%be-%d1%8d%d0%bb%d0%b8%d0%ba%d1%81%d0%b8%d1%80-%d0%b4%d0%bb%d1%8f-%d0%bb%d0%b8%d1%86%d0%b0-%d1%81-6-%d0%bd%d0%b0%d1%82%d1%83%d1%80%d0%b0%d0%bb%d1%8c\/","title":{"rendered":"Veido kremas-alyva-eliksyras su 6 nat\u016braliais aliejais 50ml &#8211; deva"},"content":{"rendered":"<p>Su tonizuojan\u010diu ir stangrinan\u010diu poveikiu<br \/>\npasi\u017eymi antioksidacin\u0117mis savyb\u0117mis<br \/>\nMa\u017eina paraudim\u0105<br \/>\nL\u0117tina sen\u0117jimo proces\u0105<br \/>\nPadidina odos dr\u0117kinim\u0105<br \/>\n&#8220;DeBa Oil Elixir&#8221; veido kremas maitina od\u0105 ir padeda jai ilgai i\u0161likti skais\u010diai ir stangriai. Intensyviai puosel\u0117ja veido, kaklo ir dekolt\u0117 srit\u012f. Sud\u0117tyje yra 6 eterini\u0173 aliej\u0173 kompleksas ir perl\u0173 milteli\u0173 mikrodalel\u0117s.<\/p>\n","protected":false},"excerpt":{"rendered":"<p>Su tonizuojan\u010diu ir stangrinan\u010diu poveikiu pasi\u017eymi antioksidacin\u0117mis savyb\u0117mis Ma\u017eina paraudim\u0105 L\u0117tina sen\u0117jimo proces\u0105 Padidina odos dr\u0117kinim\u0105 &#8220;DeBa Oil Elixir&#8221; veido kremas maitina od\u0105 ir padeda jai ilgai i\u0161likti skais\u010diai ir stangriai. Intensyviai puosel\u0117ja veido, kaklo ir dekolt\u0117 srit\u012f. Sud\u0117tyje yra 6 eterini\u0173 aliej\u0173 kompleksas ir perl\u0173 milteli\u0173 mikrodalel\u0117s.<\/p>\n","protected":false},"featured_media":12365,"comment_status":"open","ping_status":"closed","template":"","meta":[],"product_brand":[],"product_cat":[133,125,209,127],"product_tag":[],"class_list":{"0":"post-12367","1":"product","2":"type-product","3":"status-publish","4":"has-post-thumbnail","6":"product_cat-dienos-kremai","7":"product_cat-ispardavimas","8":"product_cat-naktiniai-kremai","9":"product_cat-veidas","11":"first","12":"outofstock","13":"sale","14":"shipping-taxable","15":"purchasable","16":"product-type-simple"},"_links":{"self":[{"href":"https:\/\/beautysba.co.uk\/lt\/wp-json\/wp\/v2\/product\/12367","targetHints":{"allow":["GET"]}}],"collection":[{"href":"https:\/\/beautysba.co.uk\/lt\/wp-json\/wp\/v2\/product"}],"about":[{"href":"https:\/\/beautysba.co.uk\/lt\/wp-json\/wp\/v2\/types\/product"}],"replies":[{"embeddable":true,"href":"https:\/\/beautysba.co.uk\/lt\/wp-json\/wp\/v2\/comments?post=12367"}],"wp:featuredmedia":[{"embeddable":true,"href":"https:\/\/beautysba.co.uk\/lt\/wp-json\/wp\/v2\/media\/12365"}],"wp:attachment":[{"href":"https:\/\/beautysba.co.uk\/lt\/wp-json\/wp\/v2\/media?parent=12367"}],"wp:term":[{"taxonomy":"product_brand","embeddable":true,"href":"https:\/\/beautysba.co.uk\/lt\/wp-json\/wp\/v2\/product_brand?post=12367"},{"taxonomy":"product_cat","embeddable":true,"href":"https:\/\/beautysba.co.uk\/lt\/wp-json\/wp\/v2\/product_cat?post=12367"},{"taxonomy":"product_tag","embeddable":true,"href":"https:\/\/beautysba.co.uk\/lt\/wp-json\/wp\/v2\/product_tag?post=12367"}],"curies":[{"name":"wp","href":"https:\/\/api.w.org\/{rel}","templated":true}]}}