{"id":12374,"date":"2024-01-12T08:12:11","date_gmt":"2024-01-12T08:12:11","guid":{"rendered":"https:\/\/beautysba.co.uk\/product\/%d1%81%d1%8b%d0%b2%d0%be%d1%80%d0%be%d1%82%d0%ba%d0%b0-%d0%b4%d0%bb%d1%8f-%d0%bb%d0%b8%d1%86%d0%b0-lift-firm-30-%d0%bc%d0%bb-deva\/"},"modified":"2024-01-12T20:00:05","modified_gmt":"2024-01-12T20:00:05","slug":"%d1%81%d1%8b%d0%b2%d0%be%d1%80%d0%be%d1%82%d0%ba%d0%b0-%d0%b4%d0%bb%d1%8f-%d0%bb%d0%b8%d1%86%d0%b0-lift-firm-30-%d0%bc%d0%bb-deva","status":"publish","type":"product","link":"https:\/\/beautysba.co.uk\/lt\/produktas\/%d1%81%d1%8b%d0%b2%d0%be%d1%80%d0%be%d1%82%d0%ba%d0%b0-%d0%b4%d0%bb%d1%8f-%d0%bb%d0%b8%d1%86%d0%b0-lift-firm-30-%d0%bc%d0%bb-deva\/","title":{"rendered":"Veido serumas liftingas ir stangrinimas, 30 ml &#8211; deva"},"content":{"rendered":"<p>Nerimaujate d\u0117l smulki\u0173 linij\u0173 ar rauk\u0161li\u0173 ant veido? Ie\u0161kote \u0161ios problemos sprendimo? Si\u016blome jums Deva veido serum\u0105. Jo sud\u0117tyje yra veikli\u0173j\u0173 med\u017eiag\u0173, kurios intensyviai dr\u0117kina ir maitina od\u0105. Tinka vis\u0173 tip\u0173 odai ir gali b\u016bti naudojamas kasdien. Lengvai tepamas ir nepalieka riebios pl\u0117vel\u0117s.<\/p>\n<p>Veikliosios med\u017eiagos:<\/p>\n<p>Sud\u0117tyje esanti speciali veiklioji med\u017eiaga Matrixyl 3000\u2122 i\u0161lygina esamas rauk\u0161les ir neleid\u017eia atsirasti naujoms.<\/p>\n<p>Hialurono r\u016bg\u0161tis, pasi\u017eyminti tonizuojan\u010diomis ir prie\u0161u\u017edegimin\u0117mis savyb\u0117mis, i\u0161lygins ir atjaunins j\u016bs\u0173 od\u0105.<\/p>\n<p>Pleurimincyl\u2122 stangrina ir lygina od\u0105, tod\u0117l ji tampa stangresn\u0117.<\/p>\n<p>Taikymo b\u016bdas:<\/p>\n<p>Plonu sluoksniu tepkite serum\u0105 ant nuvalytos ir nusausintos veido ir kaklo odos. \u0160velniai masa\u017euokite, kol visi\u0161kai \u012fsigers. Rekomenduojama naudoti ryte ir vakare.<\/p>\n<p>Sud\u0117tis:<\/p>\n<p>Vanduo, butilenglikolis, pantenolis, propilenglikolis, glicerinas, natrio hialuronatas, Bulpeurum Falcatum \u0161akn\u0173 ekstraktas, Jasminum Officinale \u017eied\u0173 ekstraktas, PEG-40, hidrintas ricinos aliejus, polimetilsilasekvioksanas, kofeinas, dimetikonas, PEG-8, izoheksadekanas, kalcio hidroksimirtoninas, hidroksietilceliulioz\u0117, parfumas, kaprilinis glikolis, pentileno glikolis, karbomeras, trietanolaminas, cetearilo metikonas, PEG-40 stearatas, stearetas-2, stearetas-21, polisorbatas-20, biosacharidin\u0117 guma-1, poliakrilamidas, C13-14 izoparafinas, tropolonas, Decilen glikolis, lauretas-7, palmitoil, tripeptidas-1, palmitoil tetrapeptidas-7, 1,2 heksanediolis, 3-aminopropano sulfonin\u0117 r\u016bg\u0161tis, dinatrio EDTA, natrio benzoatas, fenoksietanolis.<\/p>\n","protected":false},"excerpt":{"rendered":"<p>Nerimaujate d\u0117l smulki\u0173 linij\u0173 ar rauk\u0161li\u0173 ant veido? Ie\u0161kote \u0161ios problemos sprendimo? Si\u016blome jums Deva veido serum\u0105. Jo sud\u0117tyje yra veikli\u0173j\u0173 med\u017eiag\u0173, kurios intensyviai dr\u0117kina ir maitina od\u0105. Tinka vis\u0173 tip\u0173 odai ir gali b\u016bti naudojamas kasdien. Lengvai tepamas ir nepalieka riebios pl\u0117vel\u0117s. Veikliosios med\u017eiagos: Sud\u0117tyje esanti speciali veiklioji med\u017eiaga Matrixyl 3000\u2122 i\u0161lygina esamas rauk\u0161les [&hellip;]<\/p>\n","protected":false},"featured_media":12372,"comment_status":"open","ping_status":"closed","template":"","meta":[],"product_brand":[],"product_cat":[125,210,127],"product_tag":[],"class_list":{"0":"post-12374","1":"product","2":"type-product","3":"status-publish","4":"has-post-thumbnail","6":"product_cat-ispardavimas","7":"product_cat-serumai","8":"product_cat-veidas","10":"first","11":"outofstock","12":"sale","13":"shipping-taxable","14":"purchasable","15":"product-type-simple"},"_links":{"self":[{"href":"https:\/\/beautysba.co.uk\/lt\/wp-json\/wp\/v2\/product\/12374","targetHints":{"allow":["GET"]}}],"collection":[{"href":"https:\/\/beautysba.co.uk\/lt\/wp-json\/wp\/v2\/product"}],"about":[{"href":"https:\/\/beautysba.co.uk\/lt\/wp-json\/wp\/v2\/types\/product"}],"replies":[{"embeddable":true,"href":"https:\/\/beautysba.co.uk\/lt\/wp-json\/wp\/v2\/comments?post=12374"}],"wp:featuredmedia":[{"embeddable":true,"href":"https:\/\/beautysba.co.uk\/lt\/wp-json\/wp\/v2\/media\/12372"}],"wp:attachment":[{"href":"https:\/\/beautysba.co.uk\/lt\/wp-json\/wp\/v2\/media?parent=12374"}],"wp:term":[{"taxonomy":"product_brand","embeddable":true,"href":"https:\/\/beautysba.co.uk\/lt\/wp-json\/wp\/v2\/product_brand?post=12374"},{"taxonomy":"product_cat","embeddable":true,"href":"https:\/\/beautysba.co.uk\/lt\/wp-json\/wp\/v2\/product_cat?post=12374"},{"taxonomy":"product_tag","embeddable":true,"href":"https:\/\/beautysba.co.uk\/lt\/wp-json\/wp\/v2\/product_tag?post=12374"}],"curies":[{"name":"wp","href":"https:\/\/api.w.org\/{rel}","templated":true}]}}