{"id":12396,"date":"2024-01-12T08:20:25","date_gmt":"2024-01-12T08:20:25","guid":{"rendered":"https:\/\/beautysba.co.uk\/product\/%d0%ba%d1%80%d0%b5%d0%bc-%d0%b8-%d0%bc%d0%b0%d1%81%d0%ba%d0%b0-%d0%bd%d0%be%d1%87%d0%bd%d0%b0%d1%8f-2-%d0%b2-1-night-therapy-50-%d0%bc%d0%bb-deva\/"},"modified":"2024-01-12T08:53:11","modified_gmt":"2024-01-12T08:53:11","slug":"%d0%ba%d1%80%d0%b5%d0%bc-%d0%b8-%d0%bc%d0%b0%d1%81%d0%ba%d0%b0-%d0%bd%d0%be%d1%87%d0%bd%d0%b0%d1%8f-2-%d0%b2-1-night-therapy-50-%d0%bc%d0%bb-deva","status":"publish","type":"product","link":"https:\/\/beautysba.co.uk\/lt\/produktas\/%d0%ba%d1%80%d0%b5%d0%bc-%d0%b8-%d0%bc%d0%b0%d1%81%d0%ba%d0%b0-%d0%bd%d0%be%d1%87%d0%bd%d0%b0%d1%8f-2-%d0%b2-1-night-therapy-50-%d0%bc%d0%bb-deva\/","title":{"rendered":"Kremas ir kauk\u0117 2 in 1 &#8220;naktin\u0117 terapija&#8221; 50 ml &#8211; deva"},"content":{"rendered":"<p>DEBA NAKTINIS KREMAS IR KAUK\u0116 2 IN 1 50 ML<br \/>\n&#8220;Deba q10&#8221; naktinio kremo ir veido kauk\u0117s sud\u0117tyje yra kofermento Q10, vynuogi\u0173 kauliuk\u0173 aliejaus, vitamin\u0173 komplekso (vitamino A+E).<\/p>\n<p>Maitina, dr\u0117kina ir gerina odos elastingum\u0105, padeda kovoti su pirmosiomis rauk\u0161l\u0117mis. \u0160i formul\u0117 veikia nakt\u012f, kai oda geriausiai reaguoja \u012f veikli\u0105sias med\u017eiagas.<\/p>\n<p>Maistin\u0117s med\u017eiagos kiekis: 50 ml.<\/p>\n<p>NAUDOJIMO INSTRUKCIJA: nedidel\u012f kiek\u012f kremo\/kauk\u0117s masa\u017euojamaisiais judesiais tepkite ant veido, kol visi\u0161kai \u012fsigers.<\/p>\n<p>SUD\u0116TIS INCI: \u017er. ant pakuot\u0117s.<\/p>\n<p>\u012eSP\u0116JIMAS: Nenaudoti esant padid\u0117jusiam jautrumui bet kuriai sudedamajai daliai. Jei pasirei\u0161kia alergin\u0117s reakcijos, nutraukite vartojim\u0105 ir kreipkit\u0117s \u012f gydytoj\u0105. Tik i\u0161oriniam naudojimui. Venkite aki\u0173 kontakto. Patekus \u012f akis, kruop\u0161\u010diai nuplaukite vandeniu. Laikyti nuo +5\u00baC iki +25\u00baC temperat\u016broje, sausoje, tamsioje, vaikams nepasiekiamoje vietoje.<\/p>\n<p>METAI PRIE\u0160: \u017er. pakuot\u0119.<\/p>\n<p>PRODUKTO VYKDYTOJAS: Rubella Beauty, Bulgarija.<\/p>\n","protected":false},"excerpt":{"rendered":"<p>DEBA NAKTINIS KREMAS IR KAUK\u0116 2 IN 1 50 ML &#8220;Deba q10&#8221; naktinio kremo ir veido kauk\u0117s sud\u0117tyje yra kofermento Q10, vynuogi\u0173 kauliuk\u0173 aliejaus, vitamin\u0173 komplekso (vitamino A+E). Maitina, dr\u0117kina ir gerina odos elastingum\u0105, padeda kovoti su pirmosiomis rauk\u0161l\u0117mis. \u0160i formul\u0117 veikia nakt\u012f, kai oda geriausiai reaguoja \u012f veikli\u0105sias med\u017eiagas. Maistin\u0117s med\u017eiagos kiekis: 50 ml. [&hellip;]<\/p>\n","protected":false},"featured_media":12394,"comment_status":"open","ping_status":"closed","template":"","meta":[],"product_brand":[],"product_cat":[125,209,127],"product_tag":[],"class_list":{"0":"post-12396","1":"product","2":"type-product","3":"status-publish","4":"has-post-thumbnail","6":"product_cat-ispardavimas","7":"product_cat-naktiniai-kremai","8":"product_cat-veidas","10":"first","11":"outofstock","12":"sale","13":"shipping-taxable","14":"purchasable","15":"product-type-simple"},"_links":{"self":[{"href":"https:\/\/beautysba.co.uk\/lt\/wp-json\/wp\/v2\/product\/12396","targetHints":{"allow":["GET"]}}],"collection":[{"href":"https:\/\/beautysba.co.uk\/lt\/wp-json\/wp\/v2\/product"}],"about":[{"href":"https:\/\/beautysba.co.uk\/lt\/wp-json\/wp\/v2\/types\/product"}],"replies":[{"embeddable":true,"href":"https:\/\/beautysba.co.uk\/lt\/wp-json\/wp\/v2\/comments?post=12396"}],"wp:featuredmedia":[{"embeddable":true,"href":"https:\/\/beautysba.co.uk\/lt\/wp-json\/wp\/v2\/media\/12394"}],"wp:attachment":[{"href":"https:\/\/beautysba.co.uk\/lt\/wp-json\/wp\/v2\/media?parent=12396"}],"wp:term":[{"taxonomy":"product_brand","embeddable":true,"href":"https:\/\/beautysba.co.uk\/lt\/wp-json\/wp\/v2\/product_brand?post=12396"},{"taxonomy":"product_cat","embeddable":true,"href":"https:\/\/beautysba.co.uk\/lt\/wp-json\/wp\/v2\/product_cat?post=12396"},{"taxonomy":"product_tag","embeddable":true,"href":"https:\/\/beautysba.co.uk\/lt\/wp-json\/wp\/v2\/product_tag?post=12396"}],"curies":[{"name":"wp","href":"https:\/\/api.w.org\/{rel}","templated":true}]}}