{"id":12402,"date":"2024-01-12T08:22:09","date_gmt":"2024-01-12T08:22:09","guid":{"rendered":"https:\/\/beautysba.co.uk\/product\/%d0%b4%d0%bd%d0%b5%d0%b2%d0%bd%d0%be%d0%b9-%d0%b8-%d0%bd%d0%be%d1%87%d0%bd%d0%be%d0%b9-%d0%ba%d1%80%d0%b5%d0%bc-%d0%b2%d0%b8%d1%82%d0%b0%d0%bc%d0%b8%d0%bd-%d1%81-%d1%81-%d0%b3%d0%b8%d0%b0%d0%bb%d1%83\/"},"modified":"2026-04-24T09:47:31","modified_gmt":"2026-04-24T09:47:31","slug":"%d0%b4%d0%bd%d0%b5%d0%b2%d0%bd%d0%be%d0%b9-%d0%b8-%d0%bd%d0%be%d1%87%d0%bd%d0%be%d0%b9-%d0%ba%d1%80%d0%b5%d0%bc-%d0%b2%d0%b8%d1%82%d0%b0%d0%bc%d0%b8%d0%bd-%d1%81-%d1%81-%d0%b3%d0%b8%d0%b0%d0%bb%d1%83","status":"publish","type":"product","link":"https:\/\/beautysba.co.uk\/lt\/produktas\/%d0%b4%d0%bd%d0%b5%d0%b2%d0%bd%d0%be%d0%b9-%d0%b8-%d0%bd%d0%be%d1%87%d0%bd%d0%be%d0%b9-%d0%ba%d1%80%d0%b5%d0%bc-%d0%b2%d0%b8%d1%82%d0%b0%d0%bc%d0%b8%d0%bd-%d1%81-%d1%81-%d0%b3%d0%b8%d0%b0%d0%bb%d1%83\/","title":{"rendered":"Vitaminas C dienos ir nakties kremas su hialurono r\u016bg\u0161timi 50 ml &#8211; deva"},"content":{"rendered":"<p>DEVA VITAMINO C DIENINIS IR NAKTINIS KREMAS SU HIALURONO ACIDU 50 ml<br \/>\nFormul\u0117 i\u0161lygina odos spalv\u0105 ir padidina jos atsparum\u0105 \u017ealingam i\u0161or\u0117s veiksni\u0173 poveikiui. \u0160velniai \u0161viesinantis kremas ma\u017eina odos pigmentacij\u0105.<\/p>\n<p>&#8211; Visiems odos tipams<br \/>\n&#8211; Kasdieniam naudojimui<br \/>\n&#8211; Vegani\u0161kas<br \/>\n Veikliosios sudedamosios dalys:<\/p>\n<p>Vitaminas C &#8211; stiprus antioksidantas, kuris i\u0161lygina ir \u0161viesina odos tonus\u0105<br \/>\nHialurono r\u016bg\u0161tis &#8211; padeda dr\u0117kinti ir palaiko optimal\u0173 dr\u0117gm\u0117s lyg\u012f<br \/>\nMoring\u0173 aliejus &#8211; dr\u0117kina ir \u0161viesina od\u0105<br \/>\nEkologi\u0161kas ro\u017ei\u0173 vanduo &#8211; gaivina ir ramina od\u0105<br \/>\n Kaip naudoti: Tepkite krem\u0105 ant nuvalytos odos ryte ir vakare, \u0161velniai \u012fmasa\u017euokite, kol visi\u0161kai \u012fsigers.<\/p>\n<p>INCI: Glicerinas, Stearetas-2, izopropilo miristatas, Peg-8 distearatas, Stearetas-21, dikaprilo eteris, kokokaprilatas\/kapratas, etilheksilmetoksicinnamatas, citrinos r\u016bg\u0161tis, pieno r\u016bg\u0161tis, obuoli\u0173 r\u016bg\u0161tis, gliukono r\u016bg\u0161tis, askorbo r\u016bg\u0161tis, glikolio r\u016bg\u0161tis, salicilo r\u016bg\u0161tis, vyno r\u016bg\u0161tis, parfumas, Moringa Oleifera s\u0117kl\u0173 aliejus, natrio askorbilo fosfatas, natrio hialuronato kry\u017eminis polimeras, natrio hialuronatas, natrio acetilintas hialuronatas, hidrolizuotas natrio hialuronatas, pentilen glikolis, etilheksilglicerinas, retinilo palmitatas, polimetilmetakrilatas, trikaprilinas, akrilat\u0173\/C10-30 alkilo akrilato kry\u017epolimeras, natrio hidroksidas, dinatrio EDTA, BHT, dichlorbenzilo alkoholis, 2-bromo-2-Nitropropan-1,3-diolis.<\/p>\n","protected":false},"excerpt":{"rendered":"<p>DEVA VITAMINO C DIENINIS IR NAKTINIS KREMAS SU HIALURONO ACIDU 50 ml Formul\u0117 i\u0161lygina odos spalv\u0105 ir padidina jos atsparum\u0105 \u017ealingam i\u0161or\u0117s veiksni\u0173 poveikiui. \u0160velniai \u0161viesinantis kremas ma\u017eina odos pigmentacij\u0105. &#8211; Visiems odos tipams &#8211; Kasdieniam naudojimui &#8211; Vegani\u0161kas Veikliosios sudedamosios dalys: Vitaminas C &#8211; stiprus antioksidantas, kuris i\u0161lygina ir \u0161viesina odos tonus\u0105 Hialurono r\u016bg\u0161tis [&hellip;]<\/p>\n","protected":false},"featured_media":12400,"comment_status":"open","ping_status":"closed","template":"","meta":[],"product_brand":[],"product_cat":[133,125,209,127],"product_tag":[],"class_list":{"0":"post-12402","1":"product","2":"type-product","3":"status-publish","4":"has-post-thumbnail","6":"product_cat-dienos-kremai","7":"product_cat-ispardavimas","8":"product_cat-naktiniai-kremai","9":"product_cat-veidas","11":"first","12":"outofstock","13":"sale","14":"shipping-taxable","15":"purchasable","16":"product-type-simple"},"_links":{"self":[{"href":"https:\/\/beautysba.co.uk\/lt\/wp-json\/wp\/v2\/product\/12402","targetHints":{"allow":["GET"]}}],"collection":[{"href":"https:\/\/beautysba.co.uk\/lt\/wp-json\/wp\/v2\/product"}],"about":[{"href":"https:\/\/beautysba.co.uk\/lt\/wp-json\/wp\/v2\/types\/product"}],"replies":[{"embeddable":true,"href":"https:\/\/beautysba.co.uk\/lt\/wp-json\/wp\/v2\/comments?post=12402"}],"wp:featuredmedia":[{"embeddable":true,"href":"https:\/\/beautysba.co.uk\/lt\/wp-json\/wp\/v2\/media\/12400"}],"wp:attachment":[{"href":"https:\/\/beautysba.co.uk\/lt\/wp-json\/wp\/v2\/media?parent=12402"}],"wp:term":[{"taxonomy":"product_brand","embeddable":true,"href":"https:\/\/beautysba.co.uk\/lt\/wp-json\/wp\/v2\/product_brand?post=12402"},{"taxonomy":"product_cat","embeddable":true,"href":"https:\/\/beautysba.co.uk\/lt\/wp-json\/wp\/v2\/product_cat?post=12402"},{"taxonomy":"product_tag","embeddable":true,"href":"https:\/\/beautysba.co.uk\/lt\/wp-json\/wp\/v2\/product_tag?post=12402"}],"curies":[{"name":"wp","href":"https:\/\/api.w.org\/{rel}","templated":true}]}}