{"id":12421,"date":"2024-01-12T08:32:16","date_gmt":"2024-01-12T08:32:16","guid":{"rendered":"https:\/\/beautysba.co.uk\/product\/%d0%bf%d0%b8%d0%bb%d0%b8%d0%bd%d0%b3-%d1%80%d0%b0%d1%81%d1%82%d0%b2%d0%be%d1%80-%d1%81-%d0%b2%d0%b8%d1%82%d0%b0%d0%bc%d0%b8%d0%bd%d0%be%d0%bc-c-9-ahabha-%d0%b2%d0%b5%d0%b3%d0%b0%d0%bd%d1%81%d0%ba\/"},"modified":"2024-01-12T08:53:14","modified_gmt":"2024-01-12T08:53:14","slug":"%d0%bf%d0%b8%d0%bb%d0%b8%d0%bd%d0%b3-%d1%80%d0%b0%d1%81%d1%82%d0%b2%d0%be%d1%80-%d1%81-%d0%b2%d0%b8%d1%82%d0%b0%d0%bc%d0%b8%d0%bd%d0%be%d0%bc-c-9-ahabha-%d0%b2%d0%b5%d0%b3%d0%b0%d0%bd%d1%81%d0%ba","status":"publish","type":"product","link":"https:\/\/beautysba.co.uk\/lt\/produktas\/%d0%bf%d0%b8%d0%bb%d0%b8%d0%bd%d0%b3-%d1%80%d0%b0%d1%81%d1%82%d0%b2%d0%be%d1%80-%d1%81-%d0%b2%d0%b8%d1%82%d0%b0%d0%bc%d0%b8%d0%bd%d0%be%d0%bc-c-9-ahabha-%d0%b2%d0%b5%d0%b3%d0%b0%d0%bd%d1%81%d0%ba\/","title":{"rendered":"\u0160vei\u010diamasis tirpalas su vitaminu c 9 % AHA+BHA , vegani\u0161kas 30 ml &#8211; deva"},"content":{"rendered":"<p>Alternatyvi prie\u017ei\u016bra namuose, pana\u0161i \u012f proced\u016bras profesionaliuose salonuose.<\/p>\n<p>\u0160vei\u010dia od\u0105 ir skatina l\u0105steli\u0173 atsinaujinim\u0105. Atkuria odos spindes\u012f ir gyvybingum\u0105, lygina veido od\u0105, stangrina ir tonizuoja.<\/p>\n<p>Vegani\u0161kas produktas<br \/>\n\u012esp\u0117jimas: nerekomenduojama naudoti jautriai ir sudirgusiai \/ pa\u017eeistai odai. Po produkto naudojimo naudokite apsaugin\u012f krem\u0105 nuo saul\u0117s su dideliu SPF.<\/p>\n<p>Veikliosios med\u017eiagos:<\/p>\n<p>Glikolio r\u016bg\u0161tis<br \/>\nCitrin\u0173 r\u016bg\u0161tis<br \/>\nPieno r\u016bg\u0161tis<br \/>\nPantenolis<br \/>\nVitaminas C yra stiprus antioksidantas, kuris i\u0161lygina ir pagyvina odos spalv\u0105.<br \/>\nEkologi\u0161kas ro\u017ei\u0173 vanduo &#8211; gaivina ir ramina od\u0105<br \/>\nAHA ir BHA r\u016bg\u0161tys padeda ma\u017einti saul\u0117s ir su am\u017eiumi atsirandan\u010dias senatvines d\u0117mes.<br \/>\nTaikymo b\u016bdas:<\/p>\n<p>Tepkite plon\u0105 produkto sluoksn\u012f ant gerai nuvalytos odos.<br \/>\nPalikite j\u012f 15 minu\u010di\u0173.<br \/>\n\u0160velniai \u012fmasa\u017euokite ir kruop\u0161\u010diai nuplaukite vandeniu.<br \/>\nNaudokite &#8220;Deva&#8221; vitamino C micelin\u012f tonik\u0105, kad veiksmingai i\u0161valytum\u0117te.<br \/>\nSvarbu:<\/p>\n<p>Nerekomenduojama naudoti da\u017eniau nei 2 kartus per savait\u0119.<br \/>\nNerekomenduojama naudoti jautriai ir sudirgusiai \/ pa\u017eeistai odai.<br \/>\nPo produkto naudojimo naudokite apsaugin\u012f krem\u0105 nuo saul\u0117s.<br \/>\nINCI: vanduo, propilenglikolis, glikolio r\u016bg\u0161tis, citrinos r\u016bg\u0161tis, poliakrilato kry\u017eminis polimeras-6, pieno r\u016bg\u0161tis, natrio hidroksidas, pantenolis, propilenglikolis, fenoksietanolis, polimetilsililsekvioksanas, dimetikonas, izoheksadekanas, PEG-40 stearatas, cetearilo metikonas, stearetas-2, stearetas-21, parfumas, alantoinas, T-butilo alkoholis.<\/p>\n","protected":false},"excerpt":{"rendered":"<p>Alternatyvi prie\u017ei\u016bra namuose, pana\u0161i \u012f proced\u016bras profesionaliuose salonuose. \u0160vei\u010dia od\u0105 ir skatina l\u0105steli\u0173 atsinaujinim\u0105. Atkuria odos spindes\u012f ir gyvybingum\u0105, lygina veido od\u0105, stangrina ir tonizuoja. Vegani\u0161kas produktas \u012esp\u0117jimas: nerekomenduojama naudoti jautriai ir sudirgusiai \/ pa\u017eeistai odai. Po produkto naudojimo naudokite apsaugin\u012f krem\u0105 nuo saul\u0117s su dideliu SPF. Veikliosios med\u017eiagos: Glikolio r\u016bg\u0161tis Citrin\u0173 r\u016bg\u0161tis Pieno r\u016bg\u0161tis [&hellip;]<\/p>\n","protected":false},"featured_media":12419,"comment_status":"open","ping_status":"closed","template":"","meta":[],"product_brand":[],"product_cat":[125,210,127],"product_tag":[],"class_list":{"0":"post-12421","1":"product","2":"type-product","3":"status-publish","4":"has-post-thumbnail","6":"product_cat-ispardavimas","7":"product_cat-serumai","8":"product_cat-veidas","10":"first","11":"outofstock","12":"sale","13":"shipping-taxable","14":"purchasable","15":"product-type-simple"},"_links":{"self":[{"href":"https:\/\/beautysba.co.uk\/lt\/wp-json\/wp\/v2\/product\/12421","targetHints":{"allow":["GET"]}}],"collection":[{"href":"https:\/\/beautysba.co.uk\/lt\/wp-json\/wp\/v2\/product"}],"about":[{"href":"https:\/\/beautysba.co.uk\/lt\/wp-json\/wp\/v2\/types\/product"}],"replies":[{"embeddable":true,"href":"https:\/\/beautysba.co.uk\/lt\/wp-json\/wp\/v2\/comments?post=12421"}],"wp:featuredmedia":[{"embeddable":true,"href":"https:\/\/beautysba.co.uk\/lt\/wp-json\/wp\/v2\/media\/12419"}],"wp:attachment":[{"href":"https:\/\/beautysba.co.uk\/lt\/wp-json\/wp\/v2\/media?parent=12421"}],"wp:term":[{"taxonomy":"product_brand","embeddable":true,"href":"https:\/\/beautysba.co.uk\/lt\/wp-json\/wp\/v2\/product_brand?post=12421"},{"taxonomy":"product_cat","embeddable":true,"href":"https:\/\/beautysba.co.uk\/lt\/wp-json\/wp\/v2\/product_cat?post=12421"},{"taxonomy":"product_tag","embeddable":true,"href":"https:\/\/beautysba.co.uk\/lt\/wp-json\/wp\/v2\/product_tag?post=12421"}],"curies":[{"name":"wp","href":"https:\/\/api.w.org\/{rel}","templated":true}]}}