{"id":12439,"date":"2024-01-12T08:37:57","date_gmt":"2024-01-12T08:37:57","guid":{"rendered":"https:\/\/beautysba.co.uk\/product\/%d1%83%d0%b2%d0%bb%d0%b0%d0%b6%d0%bd%d1%8f%d1%8e%d1%89%d0%b8%d0%b9-%d0%ba%d1%80%d0%b5%d0%bc-%d0%b4%d0%bb%d1%8f-%d0%bb%d0%b8%d1%86%d0%b0-%d0%bc%d0%b0%d1%81%d0%bb%d0%be-%d0%b2%d0%b8%d0%bd%d0%be%d0%b3\/"},"modified":"2024-01-12T08:53:13","modified_gmt":"2024-01-12T08:53:13","slug":"%d1%83%d0%b2%d0%bb%d0%b0%d0%b6%d0%bd%d1%8f%d1%8e%d1%89%d0%b8%d0%b9-%d0%ba%d1%80%d0%b5%d0%bc-%d0%b4%d0%bb%d1%8f-%d0%bb%d0%b8%d1%86%d0%b0-%d0%bc%d0%b0%d1%81%d0%bb%d0%be-%d0%b2%d0%b8%d0%bd%d0%be%d0%b3","status":"publish","type":"product","link":"https:\/\/beautysba.co.uk\/lt\/produktas\/%d1%83%d0%b2%d0%bb%d0%b0%d0%b6%d0%bd%d1%8f%d1%8e%d1%89%d0%b8%d0%b9-%d0%ba%d1%80%d0%b5%d0%bc-%d0%b4%d0%bb%d1%8f-%d0%bb%d0%b8%d1%86%d0%b0-%d0%bc%d0%b0%d1%81%d0%bb%d0%be-%d0%b2%d0%b8%d0%bd%d0%be%d0%b3\/","title":{"rendered":"Dr\u0117kinamasis veido kremas su vynuogi\u0173 kauliuk\u0173 aliejumi ir alaviju 50 ml &#8211; deva natural"},"content":{"rendered":"<p>DEBA NAT\u016aRALUS DR\u0116KINAMASIS VEIDO KREMAS &#8211; VYNUOGI\u0172 KAULIUK\u0172 ALIEJUS IR ALAVIJAS 50 ML.<br \/>\nDr\u0117kinamasis veido kremas su vynuogi\u0173 kauliuk\u0173 aliejumi ir alaviju. Tinka visiems odos tipams.<\/p>\n<p>Maistin\u0117s med\u017eiagos kiekis: 50 ml.<\/p>\n<p>NAUDOJIMO INSTRUKCIJA: nedidel\u012f kiek\u012f kremo u\u017etepkite ant veido masa\u017euodami, kol visi\u0161kai \u012fsigers.<\/p>\n<p>SUD\u0116TIS INCI: \u017er. ant pakuot\u0117s.<\/p>\n<p>\u012eSP\u0116JIMAS: Nenaudoti esant padid\u0117jusiam jautrumui bet kuriai sudedamajai daliai. Jei pasirei\u0161kia alergin\u0117s reakcijos, nutraukite vartojim\u0105 ir kreipkit\u0117s \u012f gydytoj\u0105. Tik i\u0161oriniam naudojimui. Venkite aki\u0173 kontakto. Patekus \u012f akis, kruop\u0161\u010diai nuplaukite vandeniu. Laikyti nuo +5\u00baC iki +25\u00baC temperat\u016broje, sausoje, tamsioje, vaikams nepasiekiamoje vietoje.<\/p>\n<p>Met\u0173 metai: \u017er. pakuot\u0119.<\/p>\n<p>PRODUKTO VADOVAS: Rubella Beauty. Bulgarija.<\/p>\n","protected":false},"excerpt":{"rendered":"<p>DEBA NAT\u016aRALUS DR\u0116KINAMASIS VEIDO KREMAS &#8211; VYNUOGI\u0172 KAULIUK\u0172 ALIEJUS IR ALAVIJAS 50 ML. Dr\u0117kinamasis veido kremas su vynuogi\u0173 kauliuk\u0173 aliejumi ir alaviju. Tinka visiems odos tipams. Maistin\u0117s med\u017eiagos kiekis: 50 ml. NAUDOJIMO INSTRUKCIJA: nedidel\u012f kiek\u012f kremo u\u017etepkite ant veido masa\u017euodami, kol visi\u0161kai \u012fsigers. SUD\u0116TIS INCI: \u017er. ant pakuot\u0117s. \u012eSP\u0116JIMAS: Nenaudoti esant padid\u0117jusiam jautrumui bet kuriai [&hellip;]<\/p>\n","protected":false},"featured_media":12437,"comment_status":"open","ping_status":"closed","template":"","meta":[],"product_brand":[],"product_cat":[133,125,209,127],"product_tag":[],"class_list":{"0":"post-12439","1":"product","2":"type-product","3":"status-publish","4":"has-post-thumbnail","6":"product_cat-dienos-kremai","7":"product_cat-ispardavimas","8":"product_cat-naktiniai-kremai","9":"product_cat-veidas","11":"first","12":"outofstock","13":"sale","14":"shipping-taxable","15":"purchasable","16":"product-type-simple"},"_links":{"self":[{"href":"https:\/\/beautysba.co.uk\/lt\/wp-json\/wp\/v2\/product\/12439","targetHints":{"allow":["GET"]}}],"collection":[{"href":"https:\/\/beautysba.co.uk\/lt\/wp-json\/wp\/v2\/product"}],"about":[{"href":"https:\/\/beautysba.co.uk\/lt\/wp-json\/wp\/v2\/types\/product"}],"replies":[{"embeddable":true,"href":"https:\/\/beautysba.co.uk\/lt\/wp-json\/wp\/v2\/comments?post=12439"}],"wp:featuredmedia":[{"embeddable":true,"href":"https:\/\/beautysba.co.uk\/lt\/wp-json\/wp\/v2\/media\/12437"}],"wp:attachment":[{"href":"https:\/\/beautysba.co.uk\/lt\/wp-json\/wp\/v2\/media?parent=12439"}],"wp:term":[{"taxonomy":"product_brand","embeddable":true,"href":"https:\/\/beautysba.co.uk\/lt\/wp-json\/wp\/v2\/product_brand?post=12439"},{"taxonomy":"product_cat","embeddable":true,"href":"https:\/\/beautysba.co.uk\/lt\/wp-json\/wp\/v2\/product_cat?post=12439"},{"taxonomy":"product_tag","embeddable":true,"href":"https:\/\/beautysba.co.uk\/lt\/wp-json\/wp\/v2\/product_tag?post=12439"}],"curies":[{"name":"wp","href":"https:\/\/api.w.org\/{rel}","templated":true}]}}