{"id":12445,"date":"2024-01-12T08:44:51","date_gmt":"2024-01-12T08:44:51","guid":{"rendered":"https:\/\/beautysba.co.uk\/product\/%d0%ba%d1%80%d0%b5%d0%bc-%d0%b4%d0%b5%d1%82%d1%81%d0%ba%d0%b8%d0%b9-%d1%83%d0%b2%d0%bb%d0%b0%d0%b6%d0%bd%d1%8f%d1%8e%d1%89%d0%b8%d0%b9-%d1%80%d0%be%d0%bc%d0%b0%d1%88%d0%ba%d0%b0-%d0%b8-%d0%ba%d0%b0\/"},"modified":"2024-02-18T14:02:22","modified_gmt":"2024-02-18T14:02:22","slug":"%d0%ba%d1%80%d0%b5%d0%bc-%d0%b4%d0%b5%d1%82%d1%81%d0%ba%d0%b8%d0%b9-%d1%83%d0%b2%d0%bb%d0%b0%d0%b6%d0%bd%d1%8f%d1%8e%d1%89%d0%b8%d0%b9-%d1%80%d0%be%d0%bc%d0%b0%d1%88%d0%ba%d0%b0-%d0%b8-%d0%ba%d0%b0","status":"publish","type":"product","link":"https:\/\/beautysba.co.uk\/lt\/produktas\/%d0%ba%d1%80%d0%b5%d0%bc-%d0%b4%d0%b5%d1%82%d1%81%d0%ba%d0%b8%d0%b9-%d1%83%d0%b2%d0%bb%d0%b0%d0%b6%d0%bd%d1%8f%d1%8e%d1%89%d0%b8%d0%b9-%d1%80%d0%be%d0%bc%d0%b0%d1%88%d0%ba%d0%b0-%d0%b8-%d0%ba%d0%b0\/","title":{"rendered":"Dr\u0117kinamasis kremas k\u016bdikiams su ramun\u0117l\u0117mis ir medetkomis &#8220;krya-krya&#8221;, 50ml"},"content":{"rendered":"<p>&#8220;Krya-Krya Baby Cream&#8221; dr\u0117kinamasis kremas, ramun\u0117l\u0117s ir medetkos, 50ml<br \/>\nKremas i\u0161laiko nat\u016brali\u0105 odos dr\u0117gm\u0119 ir pasi\u017eymi prie\u0161u\u017edegimin\u0117mis savyb\u0117mis. Hipoalergin\u0117 formul\u0117 ramina ir dr\u0117kina saus\u0105 od\u0105.<\/p>\n<p>&#8211; Hipoalerginis<br \/>\n&#8211; Dermatologi\u0161kai i\u0161bandyta<\/p>\n","protected":false},"excerpt":{"rendered":"<p>&#8220;Krya-Krya Baby Cream&#8221; dr\u0117kinamasis kremas, ramun\u0117l\u0117s ir medetkos, 50ml Kremas i\u0161laiko nat\u016brali\u0105 odos dr\u0117gm\u0119 ir pasi\u017eymi prie\u0161u\u017edegimin\u0117mis savyb\u0117mis. Hipoalergin\u0117 formul\u0117 ramina ir dr\u0117kina saus\u0105 od\u0105. &#8211; Hipoalerginis &#8211; Dermatologi\u0161kai i\u0161bandyta<\/p>\n","protected":false},"featured_media":12443,"comment_status":"open","ping_status":"closed","template":"","meta":[],"product_brand":[],"product_cat":[118,114],"product_tag":[],"class_list":{"0":"post-12445","1":"product","2":"type-product","3":"status-publish","4":"has-post-thumbnail","6":"product_cat-oda","7":"product_cat-vaikiska-kosmetika","9":"first","10":"outofstock","11":"shipping-taxable","12":"purchasable","13":"product-type-simple"},"_links":{"self":[{"href":"https:\/\/beautysba.co.uk\/lt\/wp-json\/wp\/v2\/product\/12445","targetHints":{"allow":["GET"]}}],"collection":[{"href":"https:\/\/beautysba.co.uk\/lt\/wp-json\/wp\/v2\/product"}],"about":[{"href":"https:\/\/beautysba.co.uk\/lt\/wp-json\/wp\/v2\/types\/product"}],"replies":[{"embeddable":true,"href":"https:\/\/beautysba.co.uk\/lt\/wp-json\/wp\/v2\/comments?post=12445"}],"wp:featuredmedia":[{"embeddable":true,"href":"https:\/\/beautysba.co.uk\/lt\/wp-json\/wp\/v2\/media\/12443"}],"wp:attachment":[{"href":"https:\/\/beautysba.co.uk\/lt\/wp-json\/wp\/v2\/media?parent=12445"}],"wp:term":[{"taxonomy":"product_brand","embeddable":true,"href":"https:\/\/beautysba.co.uk\/lt\/wp-json\/wp\/v2\/product_brand?post=12445"},{"taxonomy":"product_cat","embeddable":true,"href":"https:\/\/beautysba.co.uk\/lt\/wp-json\/wp\/v2\/product_cat?post=12445"},{"taxonomy":"product_tag","embeddable":true,"href":"https:\/\/beautysba.co.uk\/lt\/wp-json\/wp\/v2\/product_tag?post=12445"}],"curies":[{"name":"wp","href":"https:\/\/api.w.org\/{rel}","templated":true}]}}