{"id":12564,"date":"2024-02-16T08:34:37","date_gmt":"2024-02-16T08:34:37","guid":{"rendered":"https:\/\/beautysba.co.uk\/product\/%d0%ba%d1%80%d0%b5%d0%bc-%d0%b4%d0%bb%d1%8f-%d0%bb%d0%b8%d1%86%d0%b0-%d0%b8-%d1%82%d0%b5%d0%bb%d0%b0-%d0%b3%d0%b8%d0%b0%d0%bb%d1%83%d1%80%d0%be%d0%bd%d0%be%d0%b2%d1%8b%d0%b9-%d1%83%d0%b2%d0%bb\/"},"modified":"2026-04-24T09:37:25","modified_gmt":"2026-04-24T09:37:25","slug":"%d0%ba%d1%80%d0%b5%d0%bc-%d0%b4%d0%bb%d1%8f-%d0%bb%d0%b8%d1%86%d0%b0-%d0%b8-%d1%82%d0%b5%d0%bb%d0%b0-%d0%b3%d0%b8%d0%b0%d0%bb%d1%83%d1%80%d0%be%d0%bd%d0%be%d0%b2%d1%8b%d0%b9-%d1%83%d0%b2%d0%bb","status":"publish","type":"product","link":"https:\/\/beautysba.co.uk\/lt\/produktas\/%d0%ba%d1%80%d0%b5%d0%bc-%d0%b4%d0%bb%d1%8f-%d0%bb%d0%b8%d1%86%d0%b0-%d0%b8-%d1%82%d0%b5%d0%bb%d0%b0-%d0%b3%d0%b8%d0%b0%d0%bb%d1%83%d1%80%d0%be%d0%bd%d0%be%d0%b2%d1%8b%d0%b9-%d1%83%d0%b2%d0%bb\/","title":{"rendered":"&#8220;Hyaluronic&#8221; dr\u0117kinamasis veido ir k\u016bno kremas 250ml"},"content":{"rendered":"<p>Universalus dr\u0117kinamasis kremas &#8220;Hyaluronic&#8221; i\u0161 populiaraus vietinio prek\u0117s \u017eenklo &#8220;Domashniy Doktor&#8221; &#8211; tai &#8220;3-in-1&#8221; produktas, puikiai tinkantis veido, k\u016bno ir rank\u0173 odos prie\u017ei\u016brai. Jis pad\u0117s i\u0161laikyti dr\u0117gm\u0119 odoje 24 valandas per par\u0105, 7 dienas per savait\u0119.<\/p>\n<p>Hialurono r\u016bg\u0161ties dr\u0117kinamasis kremas suteiks j\u016bs\u0173 odai veiksming\u0105 greit\u0105j\u0105 proced\u016br\u0105. Jis suteiks j\u016bs\u0173 odai daug dr\u0117gm\u0117s ir suteiks jai ne\u012ftik\u0117tino \u0161velnumo ir glotnumo. Pagrindin\u0117s kremo veikliosios med\u017eiagos yra hialurono r\u016bg\u0161tis natrio hialuronato pavidalu ir kokos\u0173 aliejus. J\u0173 poveik\u012f papildo nat\u016bral\u016bs augal\u0173 aliejai, g\u0117li\u0173 vandenys ir vitaminai.<\/p>\n<p>Hialurono r\u016bg\u0161tis yra viena i\u0161 stipriausi\u0173 kosmetologijoje naudojam\u0173 dr\u0117kinam\u0173j\u0173 med\u017eiag\u0173. Jo molekul\u0117s pritraukia vandens molekules, padeda joms patekti \u012f giliuosius odos sluoksnius ir ten jas &#8220;u\u017erakina&#8221;, apsaugodamos nuo dehidratacijos. Be to, hialurono r\u016bg\u0161tis padeda i\u0161vengti prie\u0161laikinio odos sen\u0117jimo.<\/p>\n<p>Azijos \u0161alyse kokos\u0173 aliejus jau daugel\u012f \u0161imtme\u010di\u0173 naudojamas kaip kosmetikos priemon\u0117. Jame gausu so\u010di\u0173j\u0173 riebal\u0173 r\u016bg\u0161\u010di\u0173, kurios maitina ir dr\u0117kina od\u0105, apsaugo nuo sudirgimo ir pleiskanojimo, padeda kovoti su laisvaisiais radikalais ir nat\u016braliai apsaugo nuo UV spinduli\u0173 ir fotosen\u0117jimo.<\/p>\n<p>&#8220;Domashnoe Doktor&#8221; universalaus kremo sud\u0117tyje esan\u010dio kokos\u0173 aliejaus savybes papildo kiti nat\u016bral\u016bs aliejai &#8211; \u017eem\u0117s rie\u0161ut\u0173 aliejus ir saul\u0117gr\u0105\u017e\u0173 aliejus. Be to, kremo sud\u0117tyje yra arnikos ir ragani\u0173 lazdyn\u0173 \u017eied\u0173 vanden\u0173, kurie pasi\u017eymi raminamuoju, antiseptiniu ir prie\u0161u\u017edegiminiu poveikiu, taip pat vitamin\u0173 A, E ir B grup\u0117s vitamin\u0173 &#8211; nat\u016brali\u0173 antioksidant\u0173, padedan\u010di\u0173 i\u0161saugoti odos jaunyst\u0119, stangrum\u0105, elastingum\u0105 ir sveik\u0105 \u0161vyt\u0117jim\u0105.<\/p>\n<p>Kremas tinka vis\u0173 tip\u0173 odai, puikiai \u012fsigeria, nepalikdamas lipnios pl\u0117vel\u0117s ar riebumo poj\u016b\u010dio. Tinka naudoti kasdien.<\/p>\n<p>Taikymo b\u016bdas. Tepkite ant \u0161varios, sausos odos. Galima naudoti veidui, kaklui, k\u016bnui ir rankoms.<\/p>\n<p>Sud\u0117tis. Vanduo, Cocos Nucifera aliejus, Paraffinum Liquidum, glicerilo stearatas, stearino r\u016bg\u0161tis, palmitino r\u016bg\u0161tis, natrio hialuronatas, Hamamelis Virginiana vanduo, pantenolis, Arnica Montana \u017eied\u0173 vanduo, niacinamidas, tiamino HCl, alkoholis, tokoferilo acetatas, retinilo palmitatas, retinilo acetatas, biotinas, pieno r\u016bg\u0161tis, glicerinas, cetearilo alkoholis, dimetikonas, Akrilat\u0173\/C10-30 alkilo akrilato kry\u017epolimeras, natrio hidroksidas, parfumas, PEG-40 hidrintas ricin\u0173 aliejus, propilenglikolis, natrio benzoatas, kalio sorbatas, Arachis Hypogaea aliejus, Helianthus Annuus s\u0117kl\u0173 aliejus, pantolaktonas, tokoferolis, 1,2-heksanediolis, kaprilinis glikolis, fenoksietanolis, etilheksilglicerinas, hidroksicitronelolis, heksilcinamolis, linalolis.<\/p>\n","protected":false},"excerpt":{"rendered":"<p>Universalus dr\u0117kinamasis kremas &#8220;Hyaluronic&#8221; i\u0161 populiaraus vietinio prek\u0117s \u017eenklo &#8220;Domashniy Doktor&#8221; &#8211; tai &#8220;3-in-1&#8221; produktas, puikiai tinkantis veido, k\u016bno ir rank\u0173 odos prie\u017ei\u016brai. Jis pad\u0117s i\u0161laikyti dr\u0117gm\u0119 odoje 24 valandas per par\u0105, 7 dienas per savait\u0119. Hialurono r\u016bg\u0161ties dr\u0117kinamasis kremas suteiks j\u016bs\u0173 odai veiksming\u0105 greit\u0105j\u0105 proced\u016br\u0105. Jis suteiks j\u016bs\u0173 odai daug dr\u0117gm\u0117s ir suteiks jai [&hellip;]<\/p>\n","protected":false},"featured_media":12562,"comment_status":"open","ping_status":"closed","template":"","meta":[],"product_brand":[],"product_cat":[119,124],"product_tag":[],"class_list":{"0":"post-12564","1":"product","2":"type-product","3":"status-publish","4":"has-post-thumbnail","6":"product_cat-kuno-produktai","7":"product_cat-ranku-prieziura","9":"first","10":"instock","11":"shipping-taxable","12":"purchasable","13":"product-type-simple"},"_links":{"self":[{"href":"https:\/\/beautysba.co.uk\/lt\/wp-json\/wp\/v2\/product\/12564","targetHints":{"allow":["GET"]}}],"collection":[{"href":"https:\/\/beautysba.co.uk\/lt\/wp-json\/wp\/v2\/product"}],"about":[{"href":"https:\/\/beautysba.co.uk\/lt\/wp-json\/wp\/v2\/types\/product"}],"replies":[{"embeddable":true,"href":"https:\/\/beautysba.co.uk\/lt\/wp-json\/wp\/v2\/comments?post=12564"}],"wp:featuredmedia":[{"embeddable":true,"href":"https:\/\/beautysba.co.uk\/lt\/wp-json\/wp\/v2\/media\/12562"}],"wp:attachment":[{"href":"https:\/\/beautysba.co.uk\/lt\/wp-json\/wp\/v2\/media?parent=12564"}],"wp:term":[{"taxonomy":"product_brand","embeddable":true,"href":"https:\/\/beautysba.co.uk\/lt\/wp-json\/wp\/v2\/product_brand?post=12564"},{"taxonomy":"product_cat","embeddable":true,"href":"https:\/\/beautysba.co.uk\/lt\/wp-json\/wp\/v2\/product_cat?post=12564"},{"taxonomy":"product_tag","embeddable":true,"href":"https:\/\/beautysba.co.uk\/lt\/wp-json\/wp\/v2\/product_tag?post=12564"}],"curies":[{"name":"wp","href":"https:\/\/api.w.org\/{rel}","templated":true}]}}