{"id":12582,"date":"2024-02-16T08:43:55","date_gmt":"2024-02-16T08:43:55","guid":{"rendered":"https:\/\/beautysba.co.uk\/product\/%d1%83%d0%b2%d0%bb%d0%b0%d0%b6%d0%bd%d1%8f%d1%8e%d1%89%d0%b8%d0%b9-%d0%ba%d1%80%d0%b5%d0%bc-%d0%b4%d0%bb%d1%8f-%d0%bb%d0%b8%d1%86%d0%b0-%d1%81-%d0%b0%d0%bb%d0%be%d1%8d-%d0%b2%d0%b5%d1%80%d0%b0-42\/"},"modified":"2024-03-28T13:22:59","modified_gmt":"2024-03-28T13:22:59","slug":"%d1%83%d0%b2%d0%bb%d0%b0%d0%b6%d0%bd%d1%8f%d1%8e%d1%89%d0%b8%d0%b9-%d0%ba%d1%80%d0%b5%d0%bc-%d0%b4%d0%bb%d1%8f-%d0%bb%d0%b8%d1%86%d0%b0-%d1%81-%d0%b0%d0%bb%d0%be%d1%8d-%d0%b2%d0%b5%d1%80%d0%b0-42","status":"publish","type":"product","link":"https:\/\/beautysba.co.uk\/lt\/produktas\/%d1%83%d0%b2%d0%bb%d0%b0%d0%b6%d0%bd%d1%8f%d1%8e%d1%89%d0%b8%d0%b9-%d0%ba%d1%80%d0%b5%d0%bc-%d0%b4%d0%bb%d1%8f-%d0%bb%d0%b8%d1%86%d0%b0-%d1%81-%d0%b0%d0%bb%d0%be%d1%8d-%d0%b2%d0%b5%d1%80%d0%b0-42\/","title":{"rendered":"Dr\u0117kinamasis veido kremas &#8220;Aloe Vera&#8221; 42ml &#8211; Home Doctor"},"content":{"rendered":"<p>Veido kremas su alijo\u0161iaus ekstraktu dr\u0117kina dehidratuot\u0105 od\u0105. Apsaugo nuo i\u0161saus\u0117jimo, pa\u0161alina pleiskanojim\u0105 ir \u0161iurk\u0161tum\u0105, tod\u0117l oda tampa lygi ir maloni liesti, ilgai i\u0161lieka gaivi. Unikalios alavijo savyb\u0117s puikiai dr\u0117kina ir regeneruoja veido od\u0105.<\/p>\n","protected":false},"excerpt":{"rendered":"<p>Veido kremas su alijo\u0161iaus ekstraktu dr\u0117kina dehidratuot\u0105 od\u0105. Apsaugo nuo i\u0161saus\u0117jimo, pa\u0161alina pleiskanojim\u0105 ir \u0161iurk\u0161tum\u0105, tod\u0117l oda tampa lygi ir maloni liesti, ilgai i\u0161lieka gaivi. Unikalios alavijo savyb\u0117s puikiai dr\u0117kina ir regeneruoja veido od\u0105.<\/p>\n","protected":false},"featured_media":12580,"comment_status":"open","ping_status":"closed","template":"","meta":[],"product_brand":[],"product_cat":[133,209,127],"product_tag":[],"class_list":{"0":"post-12582","1":"product","2":"type-product","3":"status-publish","4":"has-post-thumbnail","6":"product_cat-dienos-kremai","7":"product_cat-naktiniai-kremai","8":"product_cat-veidas","10":"first","11":"instock","12":"shipping-taxable","13":"purchasable","14":"product-type-simple"},"_links":{"self":[{"href":"https:\/\/beautysba.co.uk\/lt\/wp-json\/wp\/v2\/product\/12582","targetHints":{"allow":["GET"]}}],"collection":[{"href":"https:\/\/beautysba.co.uk\/lt\/wp-json\/wp\/v2\/product"}],"about":[{"href":"https:\/\/beautysba.co.uk\/lt\/wp-json\/wp\/v2\/types\/product"}],"replies":[{"embeddable":true,"href":"https:\/\/beautysba.co.uk\/lt\/wp-json\/wp\/v2\/comments?post=12582"}],"wp:featuredmedia":[{"embeddable":true,"href":"https:\/\/beautysba.co.uk\/lt\/wp-json\/wp\/v2\/media\/12580"}],"wp:attachment":[{"href":"https:\/\/beautysba.co.uk\/lt\/wp-json\/wp\/v2\/media?parent=12582"}],"wp:term":[{"taxonomy":"product_brand","embeddable":true,"href":"https:\/\/beautysba.co.uk\/lt\/wp-json\/wp\/v2\/product_brand?post=12582"},{"taxonomy":"product_cat","embeddable":true,"href":"https:\/\/beautysba.co.uk\/lt\/wp-json\/wp\/v2\/product_cat?post=12582"},{"taxonomy":"product_tag","embeddable":true,"href":"https:\/\/beautysba.co.uk\/lt\/wp-json\/wp\/v2\/product_tag?post=12582"}],"curies":[{"name":"wp","href":"https:\/\/api.w.org\/{rel}","templated":true}]}}