{"id":12597,"date":"2024-02-16T08:48:32","date_gmt":"2024-02-16T08:48:32","guid":{"rendered":"https:\/\/beautysba.co.uk\/product\/%d0%ba%d1%80%d0%b5%d0%bc-%d0%b4%d0%bb%d1%8f-%d1%80%d1%83%d0%ba-%d1%81%d0%b8%d0%bb%d0%b8%d0%ba%d0%be%d0%bd%d0%be%d0%b2%d1%8b%d0%b9-42-%d0%bc%d0%bb-%d0%b4%d0%be%d0%bc%d0%b0%d1%88%d0%bd%d0%b8%d0%b9\/"},"modified":"2026-04-24T09:37:31","modified_gmt":"2026-04-24T09:37:31","slug":"%d0%ba%d1%80%d0%b5%d0%bc-%d0%b4%d0%bb%d1%8f-%d1%80%d1%83%d0%ba-%d1%81%d0%b8%d0%bb%d0%b8%d0%ba%d0%be%d0%bd%d0%be%d0%b2%d1%8b%d0%b9-42-%d0%bc%d0%bb-%d0%b4%d0%be%d0%bc%d0%b0%d1%88%d0%bd%d0%b8%d0%b9","status":"publish","type":"product","link":"https:\/\/beautysba.co.uk\/lt\/produktas\/%d0%ba%d1%80%d0%b5%d0%bc-%d0%b4%d0%bb%d1%8f-%d1%80%d1%83%d0%ba-%d1%81%d0%b8%d0%bb%d0%b8%d0%ba%d0%be%d0%bd%d0%be%d0%b2%d1%8b%d0%b9-42-%d0%bc%d0%bb-%d0%b4%d0%be%d0%bc%d0%b0%d1%88%d0%bd%d0%b8%d0%b9\/","title":{"rendered":"Silikoninis rank\u0173 kremas 42 ml nam\u0173 gydytojas"},"content":{"rendered":"<p>Kremo sud\u0117tyje yra silikono ir bi\u010di\u0173 va\u0161ko, kurie pasi\u017eymi apsaugin\u0117mis ir vanden\u012f atstumian\u010diomis savyb\u0117mis. \u0160ie komponentai taip pat padeda i\u0161laikyti nat\u016bral\u0173 odos pavir\u0161iaus hidrolipidin\u012f barjer\u0105 ir neleid\u017eia epidermio l\u0105stel\u0117ms prarasti dr\u0117gm\u0117s. Be to, silikonas ir bi\u010di\u0173 va\u0161kas \u0161velniai r\u016bpinasi oda, dr\u0117kina j\u0105, apsaugo nuo sausumo ir pleiskanojimo.<\/p>\n<p>Kremas ant odos pavir\u0161iaus sukuria plon\u0105, nematom\u0105 pl\u0117vel\u0119, kuri yra patikimas barjeras chemin\u0117ms med\u017eiagoms, kelian\u010dioms gr\u0117sm\u0119 rank\u0173 sveikatai. Kruop\u0161\u010diai nuplovus rankas vandeniu ir muilu, kremin\u0117 pl\u0117vel\u0117 i\u0161nyksta be p\u0117dsak\u0173.<\/p>\n<p>Taikymo b\u016bdas:<\/p>\n<p>tepkite ant saus\u0173 \u0161vari\u0173 rank\u0173 prie\u0161 nam\u0173 ruo\u0161os darbus.<\/p>\n<p>Sud\u0117tis:<\/p>\n<p>Vanduo, dimetikonas, skystasis parafinas, stearino r\u016bg\u0161tis, glicerilo monostearatas, cetearilo alkoholis, alba cera, natrio hidroksidas, fenoksietanolis, metilparabenas, etilparabenas, propilparabenas, butilparabenas, parfumas.<\/p>\n","protected":false},"excerpt":{"rendered":"<p>Kremo sud\u0117tyje yra silikono ir bi\u010di\u0173 va\u0161ko, kurie pasi\u017eymi apsaugin\u0117mis ir vanden\u012f atstumian\u010diomis savyb\u0117mis. \u0160ie komponentai taip pat padeda i\u0161laikyti nat\u016bral\u0173 odos pavir\u0161iaus hidrolipidin\u012f barjer\u0105 ir neleid\u017eia epidermio l\u0105stel\u0117ms prarasti dr\u0117gm\u0117s. Be to, silikonas ir bi\u010di\u0173 va\u0161kas \u0161velniai r\u016bpinasi oda, dr\u0117kina j\u0105, apsaugo nuo sausumo ir pleiskanojimo. Kremas ant odos pavir\u0161iaus sukuria plon\u0105, nematom\u0105 pl\u0117vel\u0119, [&hellip;]<\/p>\n","protected":false},"featured_media":12595,"comment_status":"open","ping_status":"closed","template":"","meta":[],"product_brand":[],"product_cat":[119,124],"product_tag":[],"class_list":{"0":"post-12597","1":"product","2":"type-product","3":"status-publish","4":"has-post-thumbnail","6":"product_cat-kuno-produktai","7":"product_cat-ranku-prieziura","9":"first","10":"instock","11":"shipping-taxable","12":"purchasable","13":"product-type-simple"},"_links":{"self":[{"href":"https:\/\/beautysba.co.uk\/lt\/wp-json\/wp\/v2\/product\/12597","targetHints":{"allow":["GET"]}}],"collection":[{"href":"https:\/\/beautysba.co.uk\/lt\/wp-json\/wp\/v2\/product"}],"about":[{"href":"https:\/\/beautysba.co.uk\/lt\/wp-json\/wp\/v2\/types\/product"}],"replies":[{"embeddable":true,"href":"https:\/\/beautysba.co.uk\/lt\/wp-json\/wp\/v2\/comments?post=12597"}],"wp:featuredmedia":[{"embeddable":true,"href":"https:\/\/beautysba.co.uk\/lt\/wp-json\/wp\/v2\/media\/12595"}],"wp:attachment":[{"href":"https:\/\/beautysba.co.uk\/lt\/wp-json\/wp\/v2\/media?parent=12597"}],"wp:term":[{"taxonomy":"product_brand","embeddable":true,"href":"https:\/\/beautysba.co.uk\/lt\/wp-json\/wp\/v2\/product_brand?post=12597"},{"taxonomy":"product_cat","embeddable":true,"href":"https:\/\/beautysba.co.uk\/lt\/wp-json\/wp\/v2\/product_cat?post=12597"},{"taxonomy":"product_tag","embeddable":true,"href":"https:\/\/beautysba.co.uk\/lt\/wp-json\/wp\/v2\/product_tag?post=12597"}],"curies":[{"name":"wp","href":"https:\/\/api.w.org\/{rel}","templated":true}]}}