{"id":12609,"date":"2024-02-16T08:54:12","date_gmt":"2024-02-16T08:54:12","guid":{"rendered":"https:\/\/beautysba.co.uk\/product\/%d0%ba%d1%80%d0%b5%d0%bc-%d0%b4%d0%bb%d1%8f-%d1%80%d1%83%d0%ba-%d0%b8-%d1%82%d0%b5%d0%bb%d0%b0-%d0%ba%d1%80%d0%b0%d1%81%d0%bd%d1%8b%d0%b5-%d1%8f%d0%b3%d0%be%d0%b4%d1%8b-%d0%b8-%d1%8d%d0%ba%d1%81%d1%82\/"},"modified":"2024-03-28T13:23:05","modified_gmt":"2024-03-28T13:23:05","slug":"%d0%ba%d1%80%d0%b5%d0%bc-%d0%b4%d0%bb%d1%8f-%d1%80%d1%83%d0%ba-%d0%b8-%d1%82%d0%b5%d0%bb%d0%b0-%d0%ba%d1%80%d0%b0%d1%81%d0%bd%d1%8b%d0%b5-%d1%8f%d0%b3%d0%be%d0%b4%d1%8b-%d0%b8-%d1%8d%d0%ba%d1%81%d1%82","status":"publish","type":"product","link":"https:\/\/beautysba.co.uk\/lt\/produktas\/%d0%ba%d1%80%d0%b5%d0%bc-%d0%b4%d0%bb%d1%8f-%d1%80%d1%83%d0%ba-%d0%b8-%d1%82%d0%b5%d0%bb%d0%b0-%d0%ba%d1%80%d0%b0%d1%81%d0%bd%d1%8b%d0%b5-%d1%8f%d0%b3%d0%be%d0%b4%d1%8b-%d0%b8-%d1%8d%d0%ba%d1%81%d1%82\/","title":{"rendered":"Rank\u0173 ir k\u016bno kremas su raudonosiomis uogomis ir goji ekstraktu 75ml &#8211; shik nectar"},"content":{"rendered":"<p>Visada sveika ir gra\u017ei oda su &#8220;Shik&#8221; prek\u0117s \u017eenklo &#8220;Nectar Yogurt Touch&#8221; kvapniuoju kremu!<\/p>\n<p>Produkto privalumai:<\/p>\n<p>Sud\u0117tyje yra nat\u016brali\u0173 ingredient\u0173.<br \/>\nJis yra malonios konsistencijos.<br \/>\nTinka vis\u0173 tip\u0173 odai.<br \/>\nKaip tai veikia?<\/p>\n<p>D\u0117l raudon\u0173j\u0173 uog\u0173 ir goji uog\u0173 ekstrakt\u0173, glicerino, alantoino ir pantenolio produktas veiksmingai pri\u017ei\u016bri rank\u0173 ir k\u016bno od\u0105, praturtina j\u0105 naudingomis med\u017eiagomis, dr\u0117kina, pasi\u017eymi raminamosiomis savyb\u0117mis.<\/p>\n<p>Produkto sud\u0117tis:<\/p>\n<p>Vanduo, cetearilo alkoholis, parafininis skystis, etilheksilo stearatas, izopropilo palmitatas, izopropilo miristatas, kaprilo ir kaprilo trigliceridas, glicerinas, fenoksietanolis, karbomeras, trietanolaminas, dinatrio cetearilo sulfosukcinatas, parfumas, Polimetilsilsilskvioksanas, dimetikonas, izoheksadekanas, cetiarilo metikonas, alantoinas, Prunus Avium vaisi\u0173 ekstraktas, Lycium Barbarum vaisi\u0173 ekstraktas, BHT, PEG-40 stearatas, stearetas-2, stearetas-21, jogurto ekstraktas, etilheksilglicerinas, pantenolis.<\/p>\n<p>Kaip naudoti:<\/p>\n<p>Masa\u017euojamaisiais judesiais tepkite produkt\u0105 ant nuvalytos k\u016bno ir rank\u0173 odos. Leiskite jam \u012fsigerti.<\/p>\n","protected":false},"excerpt":{"rendered":"<p>Visada sveika ir gra\u017ei oda su &#8220;Shik&#8221; prek\u0117s \u017eenklo &#8220;Nectar Yogurt Touch&#8221; kvapniuoju kremu! Produkto privalumai: Sud\u0117tyje yra nat\u016brali\u0173 ingredient\u0173. Jis yra malonios konsistencijos. Tinka vis\u0173 tip\u0173 odai. Kaip tai veikia? D\u0117l raudon\u0173j\u0173 uog\u0173 ir goji uog\u0173 ekstrakt\u0173, glicerino, alantoino ir pantenolio produktas veiksmingai pri\u017ei\u016bri rank\u0173 ir k\u016bno od\u0105, praturtina j\u0105 naudingomis med\u017eiagomis, dr\u0117kina, pasi\u017eymi [&hellip;]<\/p>\n","protected":false},"featured_media":12607,"comment_status":"open","ping_status":"closed","template":"","meta":[],"product_brand":[],"product_cat":[121,124],"product_tag":[],"class_list":{"0":"post-12609","1":"product","2":"type-product","3":"status-publish","4":"has-post-thumbnail","6":"product_cat-kuno-kremai-aliejai","7":"product_cat-ranku-prieziura","9":"first","10":"instock","11":"shipping-taxable","12":"purchasable","13":"product-type-simple"},"_links":{"self":[{"href":"https:\/\/beautysba.co.uk\/lt\/wp-json\/wp\/v2\/product\/12609","targetHints":{"allow":["GET"]}}],"collection":[{"href":"https:\/\/beautysba.co.uk\/lt\/wp-json\/wp\/v2\/product"}],"about":[{"href":"https:\/\/beautysba.co.uk\/lt\/wp-json\/wp\/v2\/types\/product"}],"replies":[{"embeddable":true,"href":"https:\/\/beautysba.co.uk\/lt\/wp-json\/wp\/v2\/comments?post=12609"}],"wp:featuredmedia":[{"embeddable":true,"href":"https:\/\/beautysba.co.uk\/lt\/wp-json\/wp\/v2\/media\/12607"}],"wp:attachment":[{"href":"https:\/\/beautysba.co.uk\/lt\/wp-json\/wp\/v2\/media?parent=12609"}],"wp:term":[{"taxonomy":"product_brand","embeddable":true,"href":"https:\/\/beautysba.co.uk\/lt\/wp-json\/wp\/v2\/product_brand?post=12609"},{"taxonomy":"product_cat","embeddable":true,"href":"https:\/\/beautysba.co.uk\/lt\/wp-json\/wp\/v2\/product_cat?post=12609"},{"taxonomy":"product_tag","embeddable":true,"href":"https:\/\/beautysba.co.uk\/lt\/wp-json\/wp\/v2\/product_tag?post=12609"}],"curies":[{"name":"wp","href":"https:\/\/api.w.org\/{rel}","templated":true}]}}