{"id":12615,"date":"2024-02-16T08:55:38","date_gmt":"2024-02-16T08:55:38","guid":{"rendered":"https:\/\/beautysba.co.uk\/product\/%d0%ba%d1%80%d0%b5%d0%bc-%d0%b4%d0%bb%d1%8f-%d1%80%d1%83%d0%ba-%d0%b8-%d1%82%d0%b5%d0%bb%d0%b0-%d1%8d%d0%ba%d1%81%d1%82%d1%80%d0%b0%d0%ba%d1%82-%d1%85%d1%83%d1%80%d0%bc%d1%8b-%d0%b8-%d0%b3%d0%b8%d0%b4\/"},"modified":"2024-03-28T13:23:07","modified_gmt":"2024-03-28T13:23:07","slug":"%d0%ba%d1%80%d0%b5%d0%bc-%d0%b4%d0%bb%d1%8f-%d1%80%d1%83%d0%ba-%d0%b8-%d1%82%d0%b5%d0%bb%d0%b0-%d1%8d%d0%ba%d1%81%d1%82%d1%80%d0%b0%d0%ba%d1%82-%d1%85%d1%83%d1%80%d0%bc%d1%8b-%d0%b8-%d0%b3%d0%b8%d0%b4","status":"publish","type":"product","link":"https:\/\/beautysba.co.uk\/lt\/produktas\/%d0%ba%d1%80%d0%b5%d0%bc-%d0%b4%d0%bb%d1%8f-%d1%80%d1%83%d0%ba-%d0%b8-%d1%82%d0%b5%d0%bb%d0%b0-%d1%8d%d0%ba%d1%81%d1%82%d1%80%d0%b0%d0%ba%d1%82-%d1%85%d1%83%d1%80%d0%bc%d1%8b-%d0%b8-%d0%b3%d0%b8%d0%b4\/","title":{"rendered":"Rank\u0173 ir k\u016bno kremas su persimono ekstraktu ir chia s\u0117kl\u0173 hidrolizatu, 75 ml &#8211; shik nectar"},"content":{"rendered":"<p>Patirkite \u0161veln\u0173 ir kvapn\u0173 prisilietim\u0105 prie odos su &#8220;Nectar Yogurt Touch&#8221; rank\u0173 ir k\u016bno kremu! Produkto privalumai Nat\u016bralios sud\u0117ties savyb\u0117s. Jis yra mink\u0161tos konsistencijos ir gerai \u012fsigeria. Tinka visiems odos tipams.<\/p>\n<p>Kaip tai veikia?<\/p>\n<p>D\u0117l persimono ekstrakto, ispaninio \u0161alavijo s\u0117kl\u0173 hidrolizato, glicerino, alantoino ir pantenolio produktas pasi\u017eymi puosel\u0117jamuoju poveikiu, dr\u0117kina od\u0105, saugo j\u0105 nuo i\u0161saus\u0117jimo ir turi mink\u0161tinam\u0173j\u0173 savybi\u0173.<\/p>\n<p>Sud\u0117tis <\/p>\n<p>Vanduo, cetearilo alkoholis, parafininis skystis, etilheksilo stearatas, izopropilo palmitatas, izopropilo miristatas, kaprilo ir kaprilo trigliceridas, glicerinas, fenoksietanolis, karbomeras, trietanolaminas, dinatrio cetearilo sulfosukcinatas, parfumas, polimetilsililsekvioksanas, dimetikonas, izoheksadekanas, cetearilo metikonas, alantoinas, Salvia Hispanica s\u0117kl\u0173 ekstraktas, Diospyros Kaki vaisi\u0173 ekstraktas, BHT, PEG-40 stearatas, Steareth-2, Steareth-21, jogurto ekstraktas, etilheksilglicerinas, pantenolis, heksil cinamalas, linaloolis, citronelolis, limonenas, geraniolis.<\/p>\n<p>Kaip naudoti<\/p>\n<p>Masa\u017euojamaisiais judesiais tepkite produkt\u0105 ant nuvalytos k\u016bno ir rank\u0173 odos. Leiskite jam \u012fsigerti.&#8221;<\/p>\n","protected":false},"excerpt":{"rendered":"<p>Patirkite \u0161veln\u0173 ir kvapn\u0173 prisilietim\u0105 prie odos su &#8220;Nectar Yogurt Touch&#8221; rank\u0173 ir k\u016bno kremu! Produkto privalumai Nat\u016bralios sud\u0117ties savyb\u0117s. Jis yra mink\u0161tos konsistencijos ir gerai \u012fsigeria. Tinka visiems odos tipams. Kaip tai veikia? D\u0117l persimono ekstrakto, ispaninio \u0161alavijo s\u0117kl\u0173 hidrolizato, glicerino, alantoino ir pantenolio produktas pasi\u017eymi puosel\u0117jamuoju poveikiu, dr\u0117kina od\u0105, saugo j\u0105 nuo i\u0161saus\u0117jimo [&hellip;]<\/p>\n","protected":false},"featured_media":12613,"comment_status":"open","ping_status":"closed","template":"","meta":[],"product_brand":[],"product_cat":[121,119,124],"product_tag":[],"class_list":{"0":"post-12615","1":"product","2":"type-product","3":"status-publish","4":"has-post-thumbnail","6":"product_cat-kuno-kremai-aliejai","7":"product_cat-kuno-produktai","8":"product_cat-ranku-prieziura","10":"first","11":"instock","12":"shipping-taxable","13":"purchasable","14":"product-type-simple"},"_links":{"self":[{"href":"https:\/\/beautysba.co.uk\/lt\/wp-json\/wp\/v2\/product\/12615","targetHints":{"allow":["GET"]}}],"collection":[{"href":"https:\/\/beautysba.co.uk\/lt\/wp-json\/wp\/v2\/product"}],"about":[{"href":"https:\/\/beautysba.co.uk\/lt\/wp-json\/wp\/v2\/types\/product"}],"replies":[{"embeddable":true,"href":"https:\/\/beautysba.co.uk\/lt\/wp-json\/wp\/v2\/comments?post=12615"}],"wp:featuredmedia":[{"embeddable":true,"href":"https:\/\/beautysba.co.uk\/lt\/wp-json\/wp\/v2\/media\/12613"}],"wp:attachment":[{"href":"https:\/\/beautysba.co.uk\/lt\/wp-json\/wp\/v2\/media?parent=12615"}],"wp:term":[{"taxonomy":"product_brand","embeddable":true,"href":"https:\/\/beautysba.co.uk\/lt\/wp-json\/wp\/v2\/product_brand?post=12615"},{"taxonomy":"product_cat","embeddable":true,"href":"https:\/\/beautysba.co.uk\/lt\/wp-json\/wp\/v2\/product_cat?post=12615"},{"taxonomy":"product_tag","embeddable":true,"href":"https:\/\/beautysba.co.uk\/lt\/wp-json\/wp\/v2\/product_tag?post=12615"}],"curies":[{"name":"wp","href":"https:\/\/api.w.org\/{rel}","templated":true}]}}