{"id":12627,"date":"2024-02-16T11:06:57","date_gmt":"2024-02-16T11:06:57","guid":{"rendered":"https:\/\/beautysba.co.uk\/product\/%d0%bc%d1%8b%d0%bb%d0%be-%d1%81-%d1%8d%d0%ba%d1%81%d1%82%d1%80%d0%b0%d0%ba%d1%82%d0%be%d0%bc-%d0%ba%d0%b0%d0%bb%d0%b5%d0%bd%d0%b4%d1%83%d0%bb%d1%8b-%d0%b4%d0%b5%d1%82%d1%81%d0%ba%d0%be%d0%b5-70-%d0%b3\/"},"modified":"2026-04-24T09:47:09","modified_gmt":"2026-04-24T09:47:09","slug":"%d0%bc%d1%8b%d0%bb%d0%be-%d1%81-%d1%8d%d0%ba%d1%81%d1%82%d1%80%d0%b0%d0%ba%d1%82%d0%be%d0%bc-%d0%ba%d0%b0%d0%bb%d0%b5%d0%bd%d0%b4%d1%83%d0%bb%d1%8b-%d0%b4%d0%b5%d1%82%d1%81%d0%ba%d0%be%d0%b5-70-%d0%b3","status":"publish","type":"product","link":"https:\/\/beautysba.co.uk\/lt\/produktas\/%d0%bc%d1%8b%d0%bb%d0%be-%d1%81-%d1%8d%d0%ba%d1%81%d1%82%d1%80%d0%b0%d0%ba%d1%82%d0%be%d0%bc-%d0%ba%d0%b0%d0%bb%d0%b5%d0%bd%d0%b4%d1%83%d0%bb%d1%8b-%d0%b4%d0%b5%d1%82%d1%81%d0%ba%d0%be%d0%b5-70-%d0%b3\/","title":{"rendered":"K\u016bdiki\u0173 muilas su medetk\u0173 ekstraktu 70 gram\u0173 &#8211; shik"},"content":{"rendered":"<p>K\u016bdikio maudymo proced\u016bra &#8211; tai labai atsakingas prie\u017ei\u016bros ritualas, kur\u012f reikia kruop\u0161\u010diai atlikti naudojant specialias priemones, viena i\u0161 j\u0173 &#8211; k\u016bdiki\u0173 muilas Ukrainos prek\u0117s \u017eenklo &#8220;Shik&#8221;. Jis pasi\u017eymi saugia sud\u0117timi, \u012f kuri\u0105 \u012feina odai naudingi nat\u016bral\u016bs ingredientai.<\/p>\n<p>Nat\u016bralaus vaiki\u0161ko muilo su medetk\u0173 ekstraktu savyb\u0117s:<\/p>\n<p>turi \u0161velniausi\u0105 prausimosi pagrind\u0105;<br \/>\n\u0161velniai valo epiderm\u012f nuo ne\u0161varum\u0173, i\u0161laikydamas nat\u016bral\u0173 jo pH lyg\u012f;<br \/>\napsaugo od\u0105 nuo i\u0161saus\u0117jimo ir pleiskanojimo;<br \/>\napsaugo od\u0105 nuo paraudimo, sudirginimo ir alergini\u0173 reakcij\u0173;<br \/>\npasi\u017eymi antiseptiniu, raminamuoju, mink\u0161tinamuoju ir dr\u0117kinamuoju poveikiu;<br \/>\ntinka naudoti suaugusiesiems, turintiems itin jautri\u0105 od\u0105.<br \/>\nNaudojimo instrukcija:<\/p>\n<p>U\u017etepkite ant dr\u0117gnos odos, \u0161velniai \u012fmasa\u017euokite ir nuplaukite \u0161iltu vandeniu.<\/p>\n","protected":false},"excerpt":{"rendered":"<p>K\u016bdikio maudymo proced\u016bra &#8211; tai labai atsakingas prie\u017ei\u016bros ritualas, kur\u012f reikia kruop\u0161\u010diai atlikti naudojant specialias priemones, viena i\u0161 j\u0173 &#8211; k\u016bdiki\u0173 muilas Ukrainos prek\u0117s \u017eenklo &#8220;Shik&#8221;. Jis pasi\u017eymi saugia sud\u0117timi, \u012f kuri\u0105 \u012feina odai naudingi nat\u016bral\u016bs ingredientai. Nat\u016bralaus vaiki\u0161ko muilo su medetk\u0173 ekstraktu savyb\u0117s: turi \u0161velniausi\u0105 prausimosi pagrind\u0105; \u0161velniai valo epiderm\u012f nuo ne\u0161varum\u0173, i\u0161laikydamas nat\u016bral\u0173 [&hellip;]<\/p>\n","protected":false},"featured_media":12625,"comment_status":"open","ping_status":"closed","template":"","meta":[],"product_brand":[],"product_cat":[115,114],"product_tag":[],"class_list":{"0":"post-12627","1":"product","2":"type-product","3":"status-publish","4":"has-post-thumbnail","6":"product_cat-prausimosi-priemones","7":"product_cat-vaikiska-kosmetika","9":"first","10":"outofstock","11":"shipping-taxable","12":"purchasable","13":"product-type-simple"},"_links":{"self":[{"href":"https:\/\/beautysba.co.uk\/lt\/wp-json\/wp\/v2\/product\/12627","targetHints":{"allow":["GET"]}}],"collection":[{"href":"https:\/\/beautysba.co.uk\/lt\/wp-json\/wp\/v2\/product"}],"about":[{"href":"https:\/\/beautysba.co.uk\/lt\/wp-json\/wp\/v2\/types\/product"}],"replies":[{"embeddable":true,"href":"https:\/\/beautysba.co.uk\/lt\/wp-json\/wp\/v2\/comments?post=12627"}],"wp:featuredmedia":[{"embeddable":true,"href":"https:\/\/beautysba.co.uk\/lt\/wp-json\/wp\/v2\/media\/12625"}],"wp:attachment":[{"href":"https:\/\/beautysba.co.uk\/lt\/wp-json\/wp\/v2\/media?parent=12627"}],"wp:term":[{"taxonomy":"product_brand","embeddable":true,"href":"https:\/\/beautysba.co.uk\/lt\/wp-json\/wp\/v2\/product_brand?post=12627"},{"taxonomy":"product_cat","embeddable":true,"href":"https:\/\/beautysba.co.uk\/lt\/wp-json\/wp\/v2\/product_cat?post=12627"},{"taxonomy":"product_tag","embeddable":true,"href":"https:\/\/beautysba.co.uk\/lt\/wp-json\/wp\/v2\/product_tag?post=12627"}],"curies":[{"name":"wp","href":"https:\/\/api.w.org\/{rel}","templated":true}]}}