{"id":12657,"date":"2024-02-16T11:16:38","date_gmt":"2024-02-16T11:16:38","guid":{"rendered":"https:\/\/beautysba.co.uk\/product\/%d0%bf%d0%b0%d0%bd%d0%ba%d1%80%d0%b5%d0%b0%d1%82%d0%b8%d0%bd-%d1%8d%d0%bd%d0%b7%d0%b8%d0%bc-%e2%84%9620\/"},"modified":"2026-04-24T09:50:22","modified_gmt":"2026-04-24T09:50:22","slug":"%d0%bf%d0%b0%d0%bd%d0%ba%d1%80%d0%b5%d0%b0%d1%82%d0%b8%d0%bd-%d1%8d%d0%bd%d0%b7%d0%b8%d0%bc-%e2%84%9620","status":"publish","type":"product","link":"https:\/\/beautysba.co.uk\/lt\/produktas\/%d0%bf%d0%b0%d0%bd%d0%ba%d1%80%d0%b5%d0%b0%d1%82%d0%b8%d0%bd-%d1%8d%d0%bd%d0%b7%d0%b8%d0%bc-%e2%84%9620\/","title":{"rendered":"Pankreatino fermentas #20"},"content":{"rendered":"<p>Pankreatino fermentas &#8211; pankreatinas skatina geresn\u012f vir\u0161kinim\u0105 ir padeda \u0161alinti tokius simptomus, kaip pilvo diskomfortas, sunkumas po valgio.<\/p>\n<p>Sud\u0117tis: 1 tablet\u0117: pankreatinas &#8211; 225 mg<\/p>\n<p>Vartojimo b\u016bdas: 1 tablet\u0117 per dien\u0105, nuryti vis\u0105, u\u017egeriant vandeniu.<\/p>\n<p>Nerekomenduojama vartoti asmenims, kurie netoleruoja produkto sudedam\u0173j\u0173 dali\u0173, n\u0117\u0161\u010dioms ir kr\u016btimi maitinan\u010dioms moterims. Nevir\u0161ykite paros normos.<\/p>\n<p>Nenaudokite esant \u016bminiam pankreatitui!<\/p>\n<p>Laikykite vaikams nepasiekiamoje vietoje!<\/p>\n<p>Grynasis svoris: Nr. 20<\/p>\n","protected":false},"excerpt":{"rendered":"<p>Pankreatino fermentas &#8211; pankreatinas skatina geresn\u012f vir\u0161kinim\u0105 ir padeda \u0161alinti tokius simptomus, kaip pilvo diskomfortas, sunkumas po valgio. Sud\u0117tis: 1 tablet\u0117: pankreatinas &#8211; 225 mg Vartojimo b\u016bdas: 1 tablet\u0117 per dien\u0105, nuryti vis\u0105, u\u017egeriant vandeniu. Nerekomenduojama vartoti asmenims, kurie netoleruoja produkto sudedam\u0173j\u0173 dali\u0173, n\u0117\u0161\u010dioms ir kr\u016btimi maitinan\u010dioms moterims. Nevir\u0161ykite paros normos. Nenaudokite esant \u016bminiam pankreatitui! [&hellip;]<\/p>\n","protected":false},"featured_media":12655,"comment_status":"open","ping_status":"closed","template":"","meta":[],"product_brand":[],"product_cat":[217,220],"product_tag":[],"class_list":{"0":"post-12657","1":"product","2":"type-product","3":"status-publish","4":"has-post-thumbnail","6":"product_cat-sveikatos-prieziura","7":"product_cat-zarnyno-sveikata","9":"first","10":"instock","11":"shipping-taxable","12":"purchasable","13":"product-type-simple"},"_links":{"self":[{"href":"https:\/\/beautysba.co.uk\/lt\/wp-json\/wp\/v2\/product\/12657","targetHints":{"allow":["GET"]}}],"collection":[{"href":"https:\/\/beautysba.co.uk\/lt\/wp-json\/wp\/v2\/product"}],"about":[{"href":"https:\/\/beautysba.co.uk\/lt\/wp-json\/wp\/v2\/types\/product"}],"replies":[{"embeddable":true,"href":"https:\/\/beautysba.co.uk\/lt\/wp-json\/wp\/v2\/comments?post=12657"}],"wp:featuredmedia":[{"embeddable":true,"href":"https:\/\/beautysba.co.uk\/lt\/wp-json\/wp\/v2\/media\/12655"}],"wp:attachment":[{"href":"https:\/\/beautysba.co.uk\/lt\/wp-json\/wp\/v2\/media?parent=12657"}],"wp:term":[{"taxonomy":"product_brand","embeddable":true,"href":"https:\/\/beautysba.co.uk\/lt\/wp-json\/wp\/v2\/product_brand?post=12657"},{"taxonomy":"product_cat","embeddable":true,"href":"https:\/\/beautysba.co.uk\/lt\/wp-json\/wp\/v2\/product_cat?post=12657"},{"taxonomy":"product_tag","embeddable":true,"href":"https:\/\/beautysba.co.uk\/lt\/wp-json\/wp\/v2\/product_tag?post=12657"}],"curies":[{"name":"wp","href":"https:\/\/api.w.org\/{rel}","templated":true}]}}