{"id":12676,"date":"2024-02-16T11:26:09","date_gmt":"2024-02-16T11:26:09","guid":{"rendered":"https:\/\/beautysba.co.uk\/product\/%d0%ba%d1%80%d0%b5%d0%bc-%d0%bc%d1%8b%d0%bb%d0%be-%d0%b3%d1%80%d0%b0%d0%bd%d0%b0%d1%82-%d0%b8-%d0%bc%d0%b0%d0%bb%d0%b8%d0%bd%d0%b0-125-%d0%b3-shik\/"},"modified":"2024-03-28T13:22:47","modified_gmt":"2024-03-28T13:22:47","slug":"%d0%ba%d1%80%d0%b5%d0%bc-%d0%bc%d1%8b%d0%bb%d0%be-%d0%b3%d1%80%d0%b0%d0%bd%d0%b0%d1%82-%d0%b8-%d0%bc%d0%b0%d0%bb%d0%b8%d0%bd%d0%b0-125-%d0%b3-shik","status":"publish","type":"product","link":"https:\/\/beautysba.co.uk\/lt\/produktas\/%d0%ba%d1%80%d0%b5%d0%bc-%d0%bc%d1%8b%d0%bb%d0%be-%d0%b3%d1%80%d0%b0%d0%bd%d0%b0%d1%82-%d0%b8-%d0%bc%d0%b0%d0%bb%d0%b8%d0%bd%d0%b0-125-%d0%b3-shik\/","title":{"rendered":"Granat\u0173 ir avie\u010di\u0173 kreminis muilas, 125 g Shik"},"content":{"rendered":"<p>&#8220;Shik Nectar&#8221; kreminis muilas &#8211; tai maloni kelion\u0117 \u012f egzoti\u0161kus kra\u0161tus su j\u016bs\u0173 vonia! Kreminis muilas pasi\u017eymi ry\u0161kiu atogr\u0105\u017e\u0173 vaisi\u0173 &#8211; mang\u0173 ir papaj\u0173 &#8211; aromatu, kuris i\u0161lieka ant odos. Be kvapo, jis \u0161velniai valo, mink\u0161tina ir pri\u017ei\u016bri od\u0105.<\/p>\n<p>Sud\u0117tis. Natrio palmatas, palmi\u0173 branduoli\u0173 natrio druska, natrio taloatas, vanduo, glicerinas, kvepalai, natrio chloridas, Punica granatum ekstraktas, Rubus idaeus vaisi\u0173 ekstraktas, EDTA dinatriumas, etidrono r\u016bg\u0161tis, BHT, kumarinas, CI 12490, CI 74160, CI 77891.<\/p>\n","protected":false},"excerpt":{"rendered":"<p>&#8220;Shik Nectar&#8221; kreminis muilas &#8211; tai maloni kelion\u0117 \u012f egzoti\u0161kus kra\u0161tus su j\u016bs\u0173 vonia! Kreminis muilas pasi\u017eymi ry\u0161kiu atogr\u0105\u017e\u0173 vaisi\u0173 &#8211; mang\u0173 ir papaj\u0173 &#8211; aromatu, kuris i\u0161lieka ant odos. Be kvapo, jis \u0161velniai valo, mink\u0161tina ir pri\u017ei\u016bri od\u0105. Sud\u0117tis. Natrio palmatas, palmi\u0173 branduoli\u0173 natrio druska, natrio taloatas, vanduo, glicerinas, kvepalai, natrio chloridas, Punica granatum [&hellip;]<\/p>\n","protected":false},"featured_media":12674,"comment_status":"open","ping_status":"closed","template":"","meta":[],"product_brand":[],"product_cat":[190,191,310],"product_tag":[],"class_list":{"0":"post-12676","1":"product","2":"type-product","3":"status-publish","4":"has-post-thumbnail","6":"product_cat-prausimosi-priemones2","7":"product_cat-tualeto-reikmenys","8":"product_cat----lt","10":"first","11":"instock","12":"shipping-taxable","13":"purchasable","14":"product-type-simple"},"_links":{"self":[{"href":"https:\/\/beautysba.co.uk\/lt\/wp-json\/wp\/v2\/product\/12676","targetHints":{"allow":["GET"]}}],"collection":[{"href":"https:\/\/beautysba.co.uk\/lt\/wp-json\/wp\/v2\/product"}],"about":[{"href":"https:\/\/beautysba.co.uk\/lt\/wp-json\/wp\/v2\/types\/product"}],"replies":[{"embeddable":true,"href":"https:\/\/beautysba.co.uk\/lt\/wp-json\/wp\/v2\/comments?post=12676"}],"wp:featuredmedia":[{"embeddable":true,"href":"https:\/\/beautysba.co.uk\/lt\/wp-json\/wp\/v2\/media\/12674"}],"wp:attachment":[{"href":"https:\/\/beautysba.co.uk\/lt\/wp-json\/wp\/v2\/media?parent=12676"}],"wp:term":[{"taxonomy":"product_brand","embeddable":true,"href":"https:\/\/beautysba.co.uk\/lt\/wp-json\/wp\/v2\/product_brand?post=12676"},{"taxonomy":"product_cat","embeddable":true,"href":"https:\/\/beautysba.co.uk\/lt\/wp-json\/wp\/v2\/product_cat?post=12676"},{"taxonomy":"product_tag","embeddable":true,"href":"https:\/\/beautysba.co.uk\/lt\/wp-json\/wp\/v2\/product_tag?post=12676"}],"curies":[{"name":"wp","href":"https:\/\/api.w.org\/{rel}","templated":true}]}}