{"id":12682,"date":"2024-02-16T11:27:36","date_gmt":"2024-02-16T11:27:36","guid":{"rendered":"https:\/\/beautysba.co.uk\/product\/%d0%ba%d1%80%d0%b5%d0%bc-%d0%bc%d1%8b%d0%bb%d0%be-%d1%87%d0%b5%d1%80%d0%bd%d0%b8%d0%ba%d0%b0-%d0%b8-%d0%b0%d0%b9%d0%b2%d0%b0-125-%d0%b3-shik\/"},"modified":"2026-04-24T09:50:13","modified_gmt":"2026-04-24T09:50:13","slug":"%d0%ba%d1%80%d0%b5%d0%bc-%d0%bc%d1%8b%d0%bb%d0%be-%d1%87%d0%b5%d1%80%d0%bd%d0%b8%d0%ba%d0%b0-%d0%b8-%d0%b0%d0%b9%d0%b2%d0%b0-125-%d0%b3-shik","status":"publish","type":"product","link":"https:\/\/beautysba.co.uk\/lt\/produktas\/%d0%ba%d1%80%d0%b5%d0%bc-%d0%bc%d1%8b%d0%bb%d0%be-%d1%87%d0%b5%d1%80%d0%bd%d0%b8%d0%ba%d0%b0-%d0%b8-%d0%b0%d0%b9%d0%b2%d0%b0-125-%d0%b3-shik\/","title":{"rendered":"m\u0117lyni\u0173 ir svaraini\u0173 kreminis muilas, 125 g Shik"},"content":{"rendered":"<p>Formul\u0117s pagrind\u0105 sudaro \u0161velnios valomosios pavir\u0161inio aktyvumo med\u017eiagos. D\u0117l tinkamo pH (5,5) jie i\u0161tirpina ne\u0161varumus ir nuplauna juos nepa\u017eeisdami lipidinio barjero. Kad po valymo oda i\u0161likt\u0173 mink\u0161ta, kreminio muilo sud\u0117tyje yra med\u017eiag\u0173, dr\u0117kinan\u010di\u0173 ir mink\u0161tinan\u010di\u0173 \u0161iurk\u0161\u010di\u0105 od\u0105.<\/p>\n<p>Natrio palmatas, natrio palmi\u0173 branduoli\u0173 sulfatas, natrio talovatas, vanduo, glicerinas, parfumas, natrio chloridas, Pyrus Cydonia vaisi\u0173 ekstraktas, Vaccinium Angustifolium vaisi\u0173 ekstraktas, dinatrio EDTA, etidrono r\u016bg\u0161tis, BHT, CI 74160, CI 12490, CI 77891.<\/p>\n","protected":false},"excerpt":{"rendered":"<p>Formul\u0117s pagrind\u0105 sudaro \u0161velnios valomosios pavir\u0161inio aktyvumo med\u017eiagos. D\u0117l tinkamo pH (5,5) jie i\u0161tirpina ne\u0161varumus ir nuplauna juos nepa\u017eeisdami lipidinio barjero. Kad po valymo oda i\u0161likt\u0173 mink\u0161ta, kreminio muilo sud\u0117tyje yra med\u017eiag\u0173, dr\u0117kinan\u010di\u0173 ir mink\u0161tinan\u010di\u0173 \u0161iurk\u0161\u010di\u0105 od\u0105. Natrio palmatas, natrio palmi\u0173 branduoli\u0173 sulfatas, natrio talovatas, vanduo, glicerinas, parfumas, natrio chloridas, Pyrus Cydonia vaisi\u0173 ekstraktas, Vaccinium [&hellip;]<\/p>\n","protected":false},"featured_media":12680,"comment_status":"open","ping_status":"closed","template":"","meta":[],"product_brand":[],"product_cat":[190,191,310],"product_tag":[],"class_list":{"0":"post-12682","1":"product","2":"type-product","3":"status-publish","4":"has-post-thumbnail","6":"product_cat-prausimosi-priemones2","7":"product_cat-tualeto-reikmenys","8":"product_cat----lt","10":"first","11":"instock","12":"shipping-taxable","13":"purchasable","14":"product-type-simple"},"_links":{"self":[{"href":"https:\/\/beautysba.co.uk\/lt\/wp-json\/wp\/v2\/product\/12682","targetHints":{"allow":["GET"]}}],"collection":[{"href":"https:\/\/beautysba.co.uk\/lt\/wp-json\/wp\/v2\/product"}],"about":[{"href":"https:\/\/beautysba.co.uk\/lt\/wp-json\/wp\/v2\/types\/product"}],"replies":[{"embeddable":true,"href":"https:\/\/beautysba.co.uk\/lt\/wp-json\/wp\/v2\/comments?post=12682"}],"wp:featuredmedia":[{"embeddable":true,"href":"https:\/\/beautysba.co.uk\/lt\/wp-json\/wp\/v2\/media\/12680"}],"wp:attachment":[{"href":"https:\/\/beautysba.co.uk\/lt\/wp-json\/wp\/v2\/media?parent=12682"}],"wp:term":[{"taxonomy":"product_brand","embeddable":true,"href":"https:\/\/beautysba.co.uk\/lt\/wp-json\/wp\/v2\/product_brand?post=12682"},{"taxonomy":"product_cat","embeddable":true,"href":"https:\/\/beautysba.co.uk\/lt\/wp-json\/wp\/v2\/product_cat?post=12682"},{"taxonomy":"product_tag","embeddable":true,"href":"https:\/\/beautysba.co.uk\/lt\/wp-json\/wp\/v2\/product_tag?post=12682"}],"curies":[{"name":"wp","href":"https:\/\/api.w.org\/{rel}","templated":true}]}}