{"id":12754,"date":"2024-03-25T08:53:02","date_gmt":"2024-03-25T08:53:02","guid":{"rendered":"https:\/\/beautysba.co.uk\/product\/%d0%ba%d1%80%d0%b0%d1%81%d0%bd%d0%b0%d1%8f-%d1%89%d0%b5%d1%82%d0%ba%d0%b0-%d1%82%d0%b0%d0%b1%d0%bb%d0%b5%d1%82%d0%ba%d0%b8-n50-farm-group\/"},"modified":"2024-03-28T13:20:58","modified_gmt":"2024-03-28T13:20:58","slug":"%d0%ba%d1%80%d0%b0%d1%81%d0%bd%d0%b0%d1%8f-%d1%89%d0%b5%d1%82%d0%ba%d0%b0-%d1%82%d0%b0%d0%b1%d0%bb%d0%b5%d1%82%d0%ba%d0%b8-n50-farm-group","status":"publish","type":"product","link":"https:\/\/beautysba.co.uk\/lt\/produktas\/%d0%ba%d1%80%d0%b0%d1%81%d0%bd%d0%b0%d1%8f-%d1%89%d0%b5%d1%82%d0%ba%d0%b0-%d1%82%d0%b0%d0%b1%d0%bb%d0%b5%d1%82%d0%ba%d0%b8-n50-farm-group\/","title":{"rendered":"Raudonojo \u0161epe\u010dio tablet\u0117s n50 &#8211; Farm Group"},"content":{"rendered":"<p>Prisideda prie moters k\u016bno funkcin\u0117s b\u016bkl\u0117s gerinimo.<br \/>\nfarmakologinis poveikis<\/p>\n<p>Raudonasis \u0161epetys pasi\u017eymi ry\u0161kiu hemostaziniu ir \u0161velniu tonizuojamuoju poveikiu.<\/p>\n<p>Ma\u017eina smegen\u0173 kraujagysli\u0173 spazmus (geriau nei nootropinas, kuris turi nema\u017eai kontraindikacij\u0173).<\/p>\n<p>Raudonasis \u0161epetys &#8211; skatina endokrinini\u0173 sutrikim\u0173 \u0161alinim\u0105: g\u016b\u017e\u012f, antinks\u010di\u0173 ligas ir kt.<\/p>\n<p>Sud\u0117tis:<\/p>\n<p>Mikrokristalin\u0117 celiulioz\u0117, Rhodiola quadriceps (\u0161akniastiebis su \u0161aknimis, milteliai), askorbo r\u016bg\u0161tis, rutinas, pagalbin\u0117s med\u017eiagos (maltas talkas, bi\u010di\u0173 va\u0161kas, talkas).<\/p>\n<p>Naudojimo rekomendacijos:<\/p>\n<p>Suaugusieji vartoja po 3 tabletes ryte valgio metu, u\u017egerdami dideliu kiekiu vandens. Vartojimo trukm\u0117 &#8211; 2-3 savait\u0117s.<\/p>\n<p>Kontraindikacijos:<\/p>\n<p>Padid\u0117j\u0119s jautrumas maisto papild\u0173 sudedamosioms dalims, n\u0117\u0161tumas, \u017eindymas, padid\u0117j\u0119s nervinis jaudrumas, nemiga, auk\u0161tas kraujosp\u016bdis, \u0161irdies veiklos sutrikimai, ry\u0161ki ateroskleroz\u0117.<\/p>\n<p>Informacija:<\/p>\n<p>Prie\u0161 vartojim\u0105 rekomenduojama pasitarti su gydytoju. Maisto papildas n\u0117ra vaistas.<\/p>\n","protected":false},"excerpt":{"rendered":"<p>Prisideda prie moters k\u016bno funkcin\u0117s b\u016bkl\u0117s gerinimo. farmakologinis poveikis Raudonasis \u0161epetys pasi\u017eymi ry\u0161kiu hemostaziniu ir \u0161velniu tonizuojamuoju poveikiu. Ma\u017eina smegen\u0173 kraujagysli\u0173 spazmus (geriau nei nootropinas, kuris turi nema\u017eai kontraindikacij\u0173). Raudonasis \u0161epetys &#8211; skatina endokrinini\u0173 sutrikim\u0173 \u0161alinim\u0105: g\u016b\u017e\u012f, antinks\u010di\u0173 ligas ir kt. Sud\u0117tis: Mikrokristalin\u0117 celiulioz\u0117, Rhodiola quadriceps (\u0161akniastiebis su \u0161aknimis, milteliai), askorbo r\u016bg\u0161tis, rutinas, pagalbin\u0117s med\u017eiagos [&hellip;]<\/p>\n","protected":false},"featured_media":12752,"comment_status":"open","ping_status":"closed","template":"","meta":[],"product_brand":[],"product_cat":[217,220],"product_tag":[],"class_list":{"0":"post-12754","1":"product","2":"type-product","3":"status-publish","4":"has-post-thumbnail","6":"product_cat-sveikatos-prieziura","7":"product_cat-zarnyno-sveikata","9":"first","10":"outofstock","11":"shipping-taxable","12":"purchasable","13":"product-type-simple"},"_links":{"self":[{"href":"https:\/\/beautysba.co.uk\/lt\/wp-json\/wp\/v2\/product\/12754","targetHints":{"allow":["GET"]}}],"collection":[{"href":"https:\/\/beautysba.co.uk\/lt\/wp-json\/wp\/v2\/product"}],"about":[{"href":"https:\/\/beautysba.co.uk\/lt\/wp-json\/wp\/v2\/types\/product"}],"replies":[{"embeddable":true,"href":"https:\/\/beautysba.co.uk\/lt\/wp-json\/wp\/v2\/comments?post=12754"}],"wp:featuredmedia":[{"embeddable":true,"href":"https:\/\/beautysba.co.uk\/lt\/wp-json\/wp\/v2\/media\/12752"}],"wp:attachment":[{"href":"https:\/\/beautysba.co.uk\/lt\/wp-json\/wp\/v2\/media?parent=12754"}],"wp:term":[{"taxonomy":"product_brand","embeddable":true,"href":"https:\/\/beautysba.co.uk\/lt\/wp-json\/wp\/v2\/product_brand?post=12754"},{"taxonomy":"product_cat","embeddable":true,"href":"https:\/\/beautysba.co.uk\/lt\/wp-json\/wp\/v2\/product_cat?post=12754"},{"taxonomy":"product_tag","embeddable":true,"href":"https:\/\/beautysba.co.uk\/lt\/wp-json\/wp\/v2\/product_tag?post=12754"}],"curies":[{"name":"wp","href":"https:\/\/api.w.org\/{rel}","templated":true}]}}