{"id":12799,"date":"2024-03-25T09:19:33","date_gmt":"2024-03-25T09:19:33","guid":{"rendered":"https:\/\/beautysba.co.uk\/product\/%d1%87%d0%b0%d0%b9-%d1%81%d1%83%d0%bf%d0%b5%d1%80-%d1%81%d0%bb%d0%b8%d0%bc-%d0%bf%d0%b5%d1%80%d1%81%d0%b8%d0%ba-%d1%84%d0%b8%d1%82%d0%be%d1%81%d0%b1%d0%be%d1%80-30-%d1%852%d0%b3\/"},"modified":"2024-03-28T13:21:00","modified_gmt":"2024-03-28T13:21:00","slug":"%d1%87%d0%b0%d0%b9-%d1%81%d1%83%d0%bf%d0%b5%d1%80-%d1%81%d0%bb%d0%b8%d0%bc-%d0%bf%d0%b5%d1%80%d1%81%d0%b8%d0%ba-%d1%84%d0%b8%d1%82%d0%be%d1%81%d0%b1%d0%be%d1%80-30-%d1%852%d0%b3","status":"publish","type":"product","link":"https:\/\/beautysba.co.uk\/lt\/produktas\/%d1%87%d0%b0%d0%b9-%d1%81%d1%83%d0%bf%d0%b5%d1%80-%d1%81%d0%bb%d0%b8%d0%bc-%d0%bf%d0%b5%d1%80%d1%81%d0%b8%d0%ba-%d1%84%d0%b8%d1%82%d0%be%d1%81%d0%b1%d0%be%d1%80-30-%d1%852%d0%b3\/","title":{"rendered":"Arbata &#8220;Super Slim&#8221; &#8220;Persik\u0173&#8221; fitosboro 30 x2g"},"content":{"rendered":"<p>SUDEDAMOSIOS DALYS: Sudano \u017eemuog\u0117s (hibiscus) \u017eiedai, Aleksandrijos lapai (senna), er\u0161k\u0117tuogi\u0173 vaisiai, melisa, kvapioji med\u017eiaga &#8220;Persikas&#8221;.<\/p>\n<p>Komponent\u0173 veiksmai.<br \/>\n&#8211; Aleksandrijos lapai (kasijos lapai, sena). Kasijos lap\u0173 ir vaisi\u0173 u\u017epilai yra populiarios vidurius laisvinan\u010dios priemon\u0117s. Skiriami nuo \u012fvairios kilm\u0117s viduri\u0173 u\u017ekiet\u0117jimo, jie netoksi\u0161ki ir gali b\u016bti vartojami ilg\u0105 laik\u0105. Senna, kaip vidurius laisvinanti priemon\u0117, ypa\u010d vertinga d\u0117l savo \u0161velnaus poveikio, tod\u0117l tinka net sergant sunkiausiomis vir\u0161kinamojo trakto ligomis.<br \/>\n&#8211; Sudano mal\u016bno (hibisko \u017eiedyno), kurio gydomosios savyb\u0117s \u017einomos nuo faraon\u0173 laik\u0173, spalva. Ibis\u0173 spalva skatina tonus\u0105, valo inkstus ir kepenis, normalizuoja kraujosp\u016bd\u012f, turi daug vitamino C, stiprina imunitet\u0105, didina fizin\u012f aktyvum\u0105. Be to, jis suteikia u\u017epilui gra\u017ei\u0105 tamsiai vy\u0161nin\u0119 spalv\u0105 ir malon\u0173 aromat\u0105, taip pat gerai mal\u0161ina tro\u0161kul\u012f.<br \/>\n&#8211; Ro\u017einiai er\u0161k\u0117\u010diai pasi\u017eymi tonizuojamuoju, prie\u0161u\u017edegiminiu, diuretiniu, choleretiniu, antisklerotiniu ir stipininiu poveikiu, gerina oksidacijos-redukcijos procesus organizme, didina hormon\u0173 sintez\u0119 organizme, ferment\u0173 aktyvum\u0105, audini\u0173 atsinaujinim\u0105, didina organizmo atsparum\u0105 neigiamam aplinkos poveikiui, taip pat turi daug \u012fvairi\u0173 vitamin\u0173 (C, B1, B2, P, PP, K).<\/p>\n<p>Reguliariai vartojant arbat\u0105 &#8220;Super Slim&#8221; normalizuojama \u017earnyno veikla, reguliuojama med\u017eiag\u0173 apykaita organizme, tod\u0117l pager\u0117ja vis\u0173 vir\u0161kinimo sistemos organ\u0173, inkst\u0173, kepen\u0173, \u0161irdies ir kraujagysli\u0173 sistemos veikla, taip pat bendra sveikata. Visa tai padeda suma\u017einti vir\u0161svor\u012f ir pa\u0161alinti i\u0161 organizmo susikaupusius toksinus.<\/p>\n<p>NAUDOJIMAS: 1 filtravimo paket\u0117l\u012f u\u017epilkite stikline verdan\u010dio vandens, palaikykite 20 minu\u010di\u0173.<\/p>\n<p>TAIKYMO REKOMENDACIJOS:<br \/>\nSuaugusiesiems gerti po 1 puodel\u012f 1 kart\u0105 per dien\u0105 valgio metu.<br \/>\nVartojimo trukm\u0117 &#8211; 2-3 savait\u0117s.<\/p>\n<p>KONTRAINDIKACIJOS:<br \/>\n\u016bmin\u0117s vir\u0161kinimo trakto ligos, n\u0117\u0161tumas, \u017eindymas, individualus produkto sudedam\u0173j\u0173 dali\u0173 netoleravimas, viduriavimas.<\/p>\n","protected":false},"excerpt":{"rendered":"<p>SUDEDAMOSIOS DALYS: Sudano \u017eemuog\u0117s (hibiscus) \u017eiedai, Aleksandrijos lapai (senna), er\u0161k\u0117tuogi\u0173 vaisiai, melisa, kvapioji med\u017eiaga &#8220;Persikas&#8221;. Komponent\u0173 veiksmai. &#8211; Aleksandrijos lapai (kasijos lapai, sena). Kasijos lap\u0173 ir vaisi\u0173 u\u017epilai yra populiarios vidurius laisvinan\u010dios priemon\u0117s. Skiriami nuo \u012fvairios kilm\u0117s viduri\u0173 u\u017ekiet\u0117jimo, jie netoksi\u0161ki ir gali b\u016bti vartojami ilg\u0105 laik\u0105. Senna, kaip vidurius laisvinanti priemon\u0117, ypa\u010d vertinga d\u0117l [&hellip;]<\/p>\n","protected":false},"featured_media":12797,"comment_status":"open","ping_status":"closed","template":"","meta":[],"product_brand":[],"product_cat":[217,270],"product_tag":[],"class_list":{"0":"post-12799","1":"product","2":"type-product","3":"status-publish","4":"has-post-thumbnail","6":"product_cat-sveikatos-prieziura","7":"product_cat----lt","9":"first","10":"instock","11":"shipping-taxable","12":"purchasable","13":"product-type-simple"},"_links":{"self":[{"href":"https:\/\/beautysba.co.uk\/lt\/wp-json\/wp\/v2\/product\/12799","targetHints":{"allow":["GET"]}}],"collection":[{"href":"https:\/\/beautysba.co.uk\/lt\/wp-json\/wp\/v2\/product"}],"about":[{"href":"https:\/\/beautysba.co.uk\/lt\/wp-json\/wp\/v2\/types\/product"}],"replies":[{"embeddable":true,"href":"https:\/\/beautysba.co.uk\/lt\/wp-json\/wp\/v2\/comments?post=12799"}],"wp:featuredmedia":[{"embeddable":true,"href":"https:\/\/beautysba.co.uk\/lt\/wp-json\/wp\/v2\/media\/12797"}],"wp:attachment":[{"href":"https:\/\/beautysba.co.uk\/lt\/wp-json\/wp\/v2\/media?parent=12799"}],"wp:term":[{"taxonomy":"product_brand","embeddable":true,"href":"https:\/\/beautysba.co.uk\/lt\/wp-json\/wp\/v2\/product_brand?post=12799"},{"taxonomy":"product_cat","embeddable":true,"href":"https:\/\/beautysba.co.uk\/lt\/wp-json\/wp\/v2\/product_cat?post=12799"},{"taxonomy":"product_tag","embeddable":true,"href":"https:\/\/beautysba.co.uk\/lt\/wp-json\/wp\/v2\/product_tag?post=12799"}],"curies":[{"name":"wp","href":"https:\/\/api.w.org\/{rel}","templated":true}]}}