{"id":12823,"date":"2024-03-25T09:27:59","date_gmt":"2024-03-25T09:27:59","guid":{"rendered":"https:\/\/beautysba.co.uk\/product\/%d0%ba%d1%80%d0%b5%d0%bc-%d0%b4%d0%bb%d1%8f-%d0%bb%d0%b8%d1%86%d0%b0-%d1%87%d0%b8%d1%81%d1%82%d0%b0%d1%8f-%d0%bb%d0%b8%d0%bd%d0%b8%d1%8f-%d1%84%d0%b8%d1%82%d0%be%d1%82%d0%b5%d1%80%d0%b0%d0%bf%d0%b8\/"},"modified":"2024-03-28T13:20:51","modified_gmt":"2024-03-28T13:20:51","slug":"%d0%ba%d1%80%d0%b5%d0%bc-%d0%b4%d0%bb%d1%8f-%d0%bb%d0%b8%d1%86%d0%b0-%d1%87%d0%b8%d1%81%d1%82%d0%b0%d1%8f-%d0%bb%d0%b8%d0%bd%d0%b8%d1%8f-%d1%84%d0%b8%d1%82%d0%be%d1%82%d0%b5%d1%80%d0%b0%d0%bf%d0%b8","status":"publish","type":"product","link":"https:\/\/beautysba.co.uk\/lt\/produktas\/%d0%ba%d1%80%d0%b5%d0%bc-%d0%b4%d0%bb%d1%8f-%d0%bb%d0%b8%d1%86%d0%b0-%d1%87%d0%b8%d1%81%d1%82%d0%b0%d1%8f-%d0%bb%d0%b8%d0%bd%d0%b8%d1%8f-%d1%84%d0%b8%d1%82%d0%be%d1%82%d0%b5%d1%80%d0%b0%d0%bf%d0%b8\/","title":{"rendered":"Veido kremas clean line fitoterapija nuo spuog\u0173 40 ml"},"content":{"rendered":"<p>&#8220;Clean Line&#8221; veido kremas nuo spuog\u0173 veiksmingai kovoja su u\u017edegimais, juodais ta\u0161keliais ir riebiu blizgesiu. Veikliosios med\u017eiagos padeda i\u0161valyti ir susiaurinti poras, d\u0117l antiseptinio poveikio u\u017ekerta keli\u0105 u\u017edegimams, daro od\u0105 lygi\u0105 ir lygi\u0105.<\/p>\n<p>Nat\u016bral\u016bs komponentai:<\/p>\n<p>alavijas<br \/>\n\u017eoleli\u0173 arbata<br \/>\ncinkas<br \/>\nNaudojimo rezultatas:<\/p>\n<p>veiksmingai kovoja su juodosiomis d\u0117m\u0117mis<br \/>\ngiliai valo ir sutraukia poras<br \/>\noda tampa tobulai \u0161vari ir lygi.<br \/>\nTaikymo b\u016bdas<\/p>\n<p>Tepkite krem\u0105 ant \u0161varios, sausos veido odos, tolygiai paskirstykite, \u012fmasa\u017euokite<\/p>\n<p>Sud\u0117tis<\/p>\n<p>Vanduo, propilenglikolis, ciklopentasiloksanas, C12-13 alkil laktatas, dimetikonas, glicerilo stearatas, Vitis Vinifera (vynuogi\u0173) s\u0117kl\u0173 aliejus, cetearilo alkoholis, aliuminio krakmolo oktenilsukcinatas, Aloe Barbadensis lap\u0173 sultys, Melaleuca Alternifolia (arbatmed\u017eio) lap\u0173 aliejus, cinko PCA, salicilo r\u016bg\u0161tis, alantoinas, niacinamidas, dinatrio cetearilo sulfosukcinatas, cetaretas-20, natrio sulfitas, trietanolaminas, akrilat\u0173\/C10-30 alkilo akrilato kry\u017epolimeras, dinatrio EDTA, parfumas, DMDM hidantoinas, metilparabenas, etilparabenas, natrio benzoatas, kalio sorbatas, benzilo benzoatas, citralis, heksil cinamalas, limonenas, linalolis<\/p>\n","protected":false},"excerpt":{"rendered":"<p>&#8220;Clean Line&#8221; veido kremas nuo spuog\u0173 veiksmingai kovoja su u\u017edegimais, juodais ta\u0161keliais ir riebiu blizgesiu. Veikliosios med\u017eiagos padeda i\u0161valyti ir susiaurinti poras, d\u0117l antiseptinio poveikio u\u017ekerta keli\u0105 u\u017edegimams, daro od\u0105 lygi\u0105 ir lygi\u0105. Nat\u016bral\u016bs komponentai: alavijas \u017eoleli\u0173 arbata cinkas Naudojimo rezultatas: veiksmingai kovoja su juodosiomis d\u0117m\u0117mis giliai valo ir sutraukia poras oda tampa tobulai \u0161vari [&hellip;]<\/p>\n","protected":false},"featured_media":12821,"comment_status":"open","ping_status":"closed","template":"","meta":[],"product_brand":[],"product_cat":[128,127],"product_tag":[],"class_list":{"0":"post-12823","1":"product","2":"type-product","3":"status-publish","4":"has-post-thumbnail","6":"product_cat-spuogu-demiu-gydymas","7":"product_cat-veidas","9":"first","10":"instock","11":"shipping-taxable","12":"purchasable","13":"product-type-simple"},"_links":{"self":[{"href":"https:\/\/beautysba.co.uk\/lt\/wp-json\/wp\/v2\/product\/12823","targetHints":{"allow":["GET"]}}],"collection":[{"href":"https:\/\/beautysba.co.uk\/lt\/wp-json\/wp\/v2\/product"}],"about":[{"href":"https:\/\/beautysba.co.uk\/lt\/wp-json\/wp\/v2\/types\/product"}],"replies":[{"embeddable":true,"href":"https:\/\/beautysba.co.uk\/lt\/wp-json\/wp\/v2\/comments?post=12823"}],"wp:featuredmedia":[{"embeddable":true,"href":"https:\/\/beautysba.co.uk\/lt\/wp-json\/wp\/v2\/media\/12821"}],"wp:attachment":[{"href":"https:\/\/beautysba.co.uk\/lt\/wp-json\/wp\/v2\/media?parent=12823"}],"wp:term":[{"taxonomy":"product_brand","embeddable":true,"href":"https:\/\/beautysba.co.uk\/lt\/wp-json\/wp\/v2\/product_brand?post=12823"},{"taxonomy":"product_cat","embeddable":true,"href":"https:\/\/beautysba.co.uk\/lt\/wp-json\/wp\/v2\/product_cat?post=12823"},{"taxonomy":"product_tag","embeddable":true,"href":"https:\/\/beautysba.co.uk\/lt\/wp-json\/wp\/v2\/product_tag?post=12823"}],"curies":[{"name":"wp","href":"https:\/\/api.w.org\/{rel}","templated":true}]}}