{"id":12833,"date":"2024-03-25T09:30:32","date_gmt":"2024-03-25T09:30:32","guid":{"rendered":"https:\/\/beautysba.co.uk\/product\/%d0%ba%d1%80%d0%b5%d0%bc-%d0%b4%d0%bb%d1%8f-%d0%bb%d0%b8%d1%86%d0%b0-%d1%87%d0%b8%d1%81%d1%82%d0%b0%d1%8f-%d0%bb%d0%b8%d0%bd%d0%b8%d1%8f-%d1%84%d0%b8%d1%82%d0%be%d1%82%d0%b5%d1%80%d0%b0%d0%bf-2\/"},"modified":"2026-04-24T09:37:10","modified_gmt":"2026-04-24T09:37:10","slug":"%d0%ba%d1%80%d0%b5%d0%bc-%d0%b4%d0%bb%d1%8f-%d0%bb%d0%b8%d1%86%d0%b0-%d1%87%d0%b8%d1%81%d1%82%d0%b0%d1%8f-%d0%bb%d0%b8%d0%bd%d0%b8%d1%8f-%d1%84%d0%b8%d1%82%d0%be%d1%82%d0%b5%d1%80%d0%b0%d0%bf-2","status":"publish","type":"product","link":"https:\/\/beautysba.co.uk\/lt\/produktas\/%d0%ba%d1%80%d0%b5%d0%bc-%d0%b4%d0%bb%d1%8f-%d0%bb%d0%b8%d1%86%d0%b0-%d1%87%d0%b8%d1%81%d1%82%d0%b0%d1%8f-%d0%bb%d0%b8%d0%bd%d0%b8%d1%8f-%d1%84%d0%b8%d1%82%d0%be%d1%82%d0%b5%d1%80%d0%b0%d0%bf-2\/","title":{"rendered":"&#8220;Clean Line Phytotherapy&#8221; dieninis dr\u0117kinamasis veido kremas 40 ml"},"content":{"rendered":"<p>Produkto sud\u0117tyje yra &#8220;Nature Plus&#8221; esencijos: 5 ekstraktai ir aliejai (verben\u0173 ekstraktas, bij\u016bn\u0173, migdol\u0173, lin\u0173 s\u0117men\u0173 ir alyvuogi\u0173 aliejai).<br \/>\nPraturtintas alaviju, kuris dr\u0117kina ir tonizuoja od\u0105, stimuliuoja l\u0105steli\u0173 atsinaujinim\u0105 ir suteikia jauninam\u0105j\u012f poveik\u012f. Rezultatas &#8211; nat\u016braliai gra\u017ei, lygi ir \u0161vytinti oda. Produktas intensyviai maitina, lygina ir dr\u0117kina od\u0105.<br \/>\nPagaminta be bandym\u0173 su gyv\u016bnais (PETA sertifikuota).<br \/>\nJame yra 97 % nat\u016bralios kilm\u0117s ingredient\u0173.<br \/>\nNaudojant dienin\u012f ir naktin\u012f krem\u0105 mi\u0161riai odai 7 dienas, dr\u0117kinamasis poveikis i\u0161lieka iki 24 valand\u0173 (klini\u0161kai \u012frodyta).<br \/>\nSud\u0117tis<\/p>\n<p>Vanduo, izopropilo miristatas, glicerinas, kaprilo\/kapriko trigliceridas, cetearilo alkoholis, sviestas Butyrospermum Parkii (Shea), glicerilo stearato citratas, Prunus Amygdalus Dulcis (sald\u017ei\u0173j\u0173 migdol\u0173) aliejus, hidrolizuota hialurono r\u016bg\u0161tis, natrio karageninas, alavijo (Aloe Barbadensis) lap\u0173 sultys, vaistin\u0117s verbenos (Verbena Officinalis) lap\u0173 ekstraktas, Paeonia Officinalis \u017eied\u0173 ekstraktas, Linum Usitatissimum (lin\u0173 s\u0117men\u0173) s\u0117kl\u0173 aliejus, Olea Europaea (alyvuogi\u0173) vaisi\u0173 aliejus, Candida Bombicola \/ gliukoz\u0117s \/ metilo raps\u0173 fermentas, betainas, dinatrio EDTA, etilparabenas, glicinas, metilparabenas, parfumas, PEG-40 hidrintas ricin\u0173 aliejus, fenoksietanolis, kalio cetilo fosfatas, natrio poliakrilatas, alfa-izometilo jononas, geraniolis, linaloolis.<\/p>\n<p>Taikymo b\u016bdas<\/p>\n<p>Tepkite krem\u0105 ant \u0161varios, sausos veido odos, tolygiai paskirstykite, \u012fmasa\u017euokite.<\/p>\n","protected":false},"excerpt":{"rendered":"<p>Produkto sud\u0117tyje yra &#8220;Nature Plus&#8221; esencijos: 5 ekstraktai ir aliejai (verben\u0173 ekstraktas, bij\u016bn\u0173, migdol\u0173, lin\u0173 s\u0117men\u0173 ir alyvuogi\u0173 aliejai). Praturtintas alaviju, kuris dr\u0117kina ir tonizuoja od\u0105, stimuliuoja l\u0105steli\u0173 atsinaujinim\u0105 ir suteikia jauninam\u0105j\u012f poveik\u012f. Rezultatas &#8211; nat\u016braliai gra\u017ei, lygi ir \u0161vytinti oda. Produktas intensyviai maitina, lygina ir dr\u0117kina od\u0105. Pagaminta be bandym\u0173 su gyv\u016bnais (PETA sertifikuota). [&hellip;]<\/p>\n","protected":false},"featured_media":12831,"comment_status":"open","ping_status":"closed","template":"","meta":[],"product_brand":[],"product_cat":[209,127],"product_tag":[],"class_list":{"0":"post-12833","1":"product","2":"type-product","3":"status-publish","4":"has-post-thumbnail","6":"product_cat-naktiniai-kremai","7":"product_cat-veidas","9":"first","10":"instock","11":"shipping-taxable","12":"purchasable","13":"product-type-simple"},"_links":{"self":[{"href":"https:\/\/beautysba.co.uk\/lt\/wp-json\/wp\/v2\/product\/12833","targetHints":{"allow":["GET"]}}],"collection":[{"href":"https:\/\/beautysba.co.uk\/lt\/wp-json\/wp\/v2\/product"}],"about":[{"href":"https:\/\/beautysba.co.uk\/lt\/wp-json\/wp\/v2\/types\/product"}],"replies":[{"embeddable":true,"href":"https:\/\/beautysba.co.uk\/lt\/wp-json\/wp\/v2\/comments?post=12833"}],"wp:featuredmedia":[{"embeddable":true,"href":"https:\/\/beautysba.co.uk\/lt\/wp-json\/wp\/v2\/media\/12831"}],"wp:attachment":[{"href":"https:\/\/beautysba.co.uk\/lt\/wp-json\/wp\/v2\/media?parent=12833"}],"wp:term":[{"taxonomy":"product_brand","embeddable":true,"href":"https:\/\/beautysba.co.uk\/lt\/wp-json\/wp\/v2\/product_brand?post=12833"},{"taxonomy":"product_cat","embeddable":true,"href":"https:\/\/beautysba.co.uk\/lt\/wp-json\/wp\/v2\/product_cat?post=12833"},{"taxonomy":"product_tag","embeddable":true,"href":"https:\/\/beautysba.co.uk\/lt\/wp-json\/wp\/v2\/product_tag?post=12833"}],"curies":[{"name":"wp","href":"https:\/\/api.w.org\/{rel}","templated":true}]}}