{"id":12839,"date":"2024-03-25T09:32:45","date_gmt":"2024-03-25T09:32:45","guid":{"rendered":"https:\/\/beautysba.co.uk\/product\/%d1%81%d0%ba%d1%80%d0%b0%d0%b1-%d0%b4%d0%bb%d1%8f-%d0%bb%d0%b8%d1%86%d0%b0-%d0%b0%d0%b1%d1%80%d0%b8%d0%ba%d0%be%d1%81%d0%be%d0%b2%d1%8b%d0%b5-%d0%ba%d0%be%d1%81%d1%82%d0%be%d1%87%d0%ba%d0%b8-120\/"},"modified":"2026-04-24T09:37:14","modified_gmt":"2026-04-24T09:37:14","slug":"%d1%81%d0%ba%d1%80%d0%b0%d0%b1-%d0%b4%d0%bb%d1%8f-%d0%bb%d0%b8%d1%86%d0%b0-%d0%b0%d0%b1%d1%80%d0%b8%d0%ba%d0%be%d1%81%d0%be%d0%b2%d1%8b%d0%b5-%d0%ba%d0%be%d1%81%d1%82%d0%be%d1%87%d0%ba%d0%b8-120","status":"publish","type":"product","link":"https:\/\/beautysba.co.uk\/lt\/produktas\/%d1%81%d0%ba%d1%80%d0%b0%d0%b1-%d0%b4%d0%bb%d1%8f-%d0%bb%d0%b8%d1%86%d0%b0-%d0%b0%d0%b1%d1%80%d0%b8%d0%ba%d0%be%d1%81%d0%be%d0%b2%d1%8b%d0%b5-%d0%ba%d0%be%d1%81%d1%82%d0%be%d1%87%d0%ba%d0%b8-120\/","title":{"rendered":"Abrikos\u0173 kauliuk\u0173 veido \u0161veitiklis 120 ml &#8211; clean line"},"content":{"rendered":"<p>&#8220;Clean Line&#8221; veido \u0161veitiklis &#8220;Abrikos\u0173 s\u0117klos&#8221; \u0161velniai ir giliai valo od\u0105 nuo ne\u0161varum\u0173, \u0161velniai pa\u0161alina negyvas l\u0105steles, i\u0161valo u\u017eter\u0161tas poras, nedirgindamas odos. Gaivina, mink\u0161tina, gerina veido spalv\u0105, skatina l\u0105steli\u0173 atsinaujinim\u0105. Aktyv\u016bs nat\u016bral\u016bs ingredientai i\u0161lygina od\u0105, palikdami j\u0105 lygi\u0105 ir spindin\u010di\u0105.<\/p>\n<p>Nat\u016bral\u016bs komponentai:<\/p>\n<p>Abrikos\u0173 branduoliai<br \/>\nRamun\u0117l\u0117s<br \/>\nNaudojimo rezultatas:<\/p>\n<p>\u0160velniai nuvalyta oda<br \/>\nOda tampa lygi ir \u0161velni<br \/>\nVeido spalva gaivi ir tolygi<br \/>\nKaip naudoti<\/p>\n<p>Tepkite ant dr\u0117gno veido ir kaklo, minut\u0119 masa\u017euokite, nuplaukite.<\/p>\n<p>Sud\u0117tis<\/p>\n<p>Vanduo, Prunus Armeniaca (abrikos\u0173) s\u0117kl\u0173 milteliai, silicio dioksidas, glicero-2 kokoatas, cetearilo alkoholis, glicerinas, glicerilo stearatas, Paraffinum Liquidum, Zea Mays (kukur\u016bz\u0173) aliejus, dimetikonas, kaolinas, stearino r\u016bg\u0161tis, karbamidas, Chamomilla Recutita (Matricaria) \u017eied\u0173 ir lap\u0173 ekstraktas, Glycine Soja (soj\u0173 pupeli\u0173) aliejus, dinatrio EDTA, etilheksilglicerinas, metilchlorizotiazolinonas, metilizotiazolinonas, palmitino r\u016bg\u0161tis, parfumas, PEG-40 hidrintas ricin\u0173 aliejus, fenoksietanolis, kalio cetilo fosfatas, natrio chloridas, natrio laurilsulfatas, natrio sulfatas, trietanolaminas, ksantano derva, heksil cinamalas, limonenas, linalolis.<\/p>\n","protected":false},"excerpt":{"rendered":"<p>&#8220;Clean Line&#8221; veido \u0161veitiklis &#8220;Abrikos\u0173 s\u0117klos&#8221; \u0161velniai ir giliai valo od\u0105 nuo ne\u0161varum\u0173, \u0161velniai pa\u0161alina negyvas l\u0105steles, i\u0161valo u\u017eter\u0161tas poras, nedirgindamas odos. Gaivina, mink\u0161tina, gerina veido spalv\u0105, skatina l\u0105steli\u0173 atsinaujinim\u0105. Aktyv\u016bs nat\u016bral\u016bs ingredientai i\u0161lygina od\u0105, palikdami j\u0105 lygi\u0105 ir spindin\u010di\u0105. Nat\u016bral\u016bs komponentai: Abrikos\u0173 branduoliai Ramun\u0117l\u0117s Naudojimo rezultatas: \u0160velniai nuvalyta oda Oda tampa lygi ir \u0161velni [&hellip;]<\/p>\n","protected":false},"featured_media":12837,"comment_status":"open","ping_status":"closed","template":"","meta":[],"product_brand":[],"product_cat":[127,205],"product_tag":[],"class_list":{"0":"post-12839","1":"product","2":"type-product","3":"status-publish","4":"has-post-thumbnail","6":"product_cat-veidas","7":"product_cat-veido-sveitikliai","9":"first","10":"outofstock","11":"shipping-taxable","12":"purchasable","13":"product-type-simple"},"_links":{"self":[{"href":"https:\/\/beautysba.co.uk\/lt\/wp-json\/wp\/v2\/product\/12839","targetHints":{"allow":["GET"]}}],"collection":[{"href":"https:\/\/beautysba.co.uk\/lt\/wp-json\/wp\/v2\/product"}],"about":[{"href":"https:\/\/beautysba.co.uk\/lt\/wp-json\/wp\/v2\/types\/product"}],"replies":[{"embeddable":true,"href":"https:\/\/beautysba.co.uk\/lt\/wp-json\/wp\/v2\/comments?post=12839"}],"wp:featuredmedia":[{"embeddable":true,"href":"https:\/\/beautysba.co.uk\/lt\/wp-json\/wp\/v2\/media\/12837"}],"wp:attachment":[{"href":"https:\/\/beautysba.co.uk\/lt\/wp-json\/wp\/v2\/media?parent=12839"}],"wp:term":[{"taxonomy":"product_brand","embeddable":true,"href":"https:\/\/beautysba.co.uk\/lt\/wp-json\/wp\/v2\/product_brand?post=12839"},{"taxonomy":"product_cat","embeddable":true,"href":"https:\/\/beautysba.co.uk\/lt\/wp-json\/wp\/v2\/product_cat?post=12839"},{"taxonomy":"product_tag","embeddable":true,"href":"https:\/\/beautysba.co.uk\/lt\/wp-json\/wp\/v2\/product_tag?post=12839"}],"curies":[{"name":"wp","href":"https:\/\/api.w.org\/{rel}","templated":true}]}}