{"id":12859,"date":"2024-03-28T13:14:12","date_gmt":"2024-03-28T13:14:12","guid":{"rendered":"https:\/\/beautysba.co.uk\/product\/%d0%bc%d1%8b%d0%bb%d0%be-%d0%b6%d0%b8%d0%b4%d0%ba%d0%be%d0%b5-%d0%b4%d0%b5%d0%b3%d1%82%d1%8f%d1%80%d0%bd%d0%be%d0%b5-300-ml-shik\/"},"modified":"2024-09-06T04:34:50","modified_gmt":"2024-09-06T04:34:50","slug":"%d0%bc%d1%8b%d0%bb%d0%be-%d0%b6%d0%b8%d0%b4%d0%ba%d0%be%d0%b5-%d0%b4%d0%b5%d0%b3%d1%82%d1%8f%d1%80%d0%bd%d0%be%d0%b5-300-ml-shik","status":"publish","type":"product","link":"https:\/\/beautysba.co.uk\/lt\/produktas\/%d0%bc%d1%8b%d0%bb%d0%be-%d0%b6%d0%b8%d0%b4%d0%ba%d0%be%d0%b5-%d0%b4%d0%b5%d0%b3%d1%82%d1%8f%d1%80%d0%bd%d0%be%d0%b5-300-ml-shik\/","title":{"rendered":"Skystas deguto muilas 300 ml Shik"},"content":{"rendered":"<p>TM &#8220;Shik&#8221; produkt\u0173 gamybai naudojamos tik nat\u016bralios ir auk\u0161tos kokyb\u0117s augalin\u0117s kilm\u0117s \u017ealiavos. I\u0161skirtinis apvalaus balto muilo asortimentas individualiose pakuot\u0117se su gimtojo kra\u0161to floros aromatais.<\/p>\n<p>Ber\u017e\u0173 degutas nuo seno \u017einomas d\u0117l savo gydom\u0173j\u0173 savybi\u0173. Muilas su ber\u017e\u0173 derva pasi\u017eymi prie\u0161grybelin\u0117mis, antimikrobin\u0117mis ir regeneruojan\u010diomis savyb\u0117mis. Tod\u0117l jis rekomenduojamas kaip pagalbin\u0117 priemon\u0117 sergant \u012fvairiomis u\u017edegimin\u0117mis odos ligomis, akne, puikiai tinka riebi\u0105 od\u0105 turintiems \u017emon\u0117ms. Sausai ir jautriai odai rekomenduojama lygiagre\u010diai naudoti mink\u0161tinan\u010dias ir dr\u0117kinan\u010dias priemones.<\/p>\n<p>Deguto muilas yra visi\u0161kai nat\u016bralus produktas, nes jo sud\u0117tyje n\u0117ra sintetini\u0173 kvapi\u0173j\u0173 med\u017eiag\u0173 ir da\u017eikli\u0173. Nepaisant specifinio muilo kvapo, jis nelieka ant odos po maudyni\u0173. Antibakterin\u0117s muilo savyb\u0117s patvirtintos sudedam\u0173j\u0173 dali\u0173 \u012fstaig\u0173 bandym\u0173 protokolais. Yra nebrangi ir universali priemon\u0117, padedanti greitai i\u0161gydyti \u012fvairias traumas.<\/p>\n<p>Taikymo b\u016bdas<\/p>\n<p>U\u017etepkite ant dr\u0117gnos odos, \u0161velniai \u012fmasa\u017euokite, nuplaukite \u0161iltu vandeniu.<\/p>\n<p>INCI: vanduo, natrio laureto sulfatas, kokamidopropil betainas, kokamidas DEA, glicerinas, natrio chloridas, betulo derva, dinatrio EDTA, citrinos r\u016bg\u0161tis, metilchlorizotiazolinonas, metilotiazolinonas, benzilo alkoholis.<\/p>\n","protected":false},"excerpt":{"rendered":"<p>TM &#8220;Shik&#8221; produkt\u0173 gamybai naudojamos tik nat\u016bralios ir auk\u0161tos kokyb\u0117s augalin\u0117s kilm\u0117s \u017ealiavos. I\u0161skirtinis asortimentas&#8230;<\/p>\n","protected":false},"featured_media":12857,"comment_status":"open","ping_status":"closed","template":"","meta":[],"product_brand":[],"product_cat":[190,191],"product_tag":[],"class_list":{"0":"post-12859","1":"product","2":"type-product","3":"status-publish","4":"has-post-thumbnail","6":"product_cat-prausimosi-priemones2","7":"product_cat-tualeto-reikmenys","9":"first","10":"instock","11":"shipping-taxable","12":"purchasable","13":"product-type-simple"},"_links":{"self":[{"href":"https:\/\/beautysba.co.uk\/lt\/wp-json\/wp\/v2\/product\/12859","targetHints":{"allow":["GET"]}}],"collection":[{"href":"https:\/\/beautysba.co.uk\/lt\/wp-json\/wp\/v2\/product"}],"about":[{"href":"https:\/\/beautysba.co.uk\/lt\/wp-json\/wp\/v2\/types\/product"}],"replies":[{"embeddable":true,"href":"https:\/\/beautysba.co.uk\/lt\/wp-json\/wp\/v2\/comments?post=12859"}],"wp:featuredmedia":[{"embeddable":true,"href":"https:\/\/beautysba.co.uk\/lt\/wp-json\/wp\/v2\/media\/12857"}],"wp:attachment":[{"href":"https:\/\/beautysba.co.uk\/lt\/wp-json\/wp\/v2\/media?parent=12859"}],"wp:term":[{"taxonomy":"product_brand","embeddable":true,"href":"https:\/\/beautysba.co.uk\/lt\/wp-json\/wp\/v2\/product_brand?post=12859"},{"taxonomy":"product_cat","embeddable":true,"href":"https:\/\/beautysba.co.uk\/lt\/wp-json\/wp\/v2\/product_cat?post=12859"},{"taxonomy":"product_tag","embeddable":true,"href":"https:\/\/beautysba.co.uk\/lt\/wp-json\/wp\/v2\/product_tag?post=12859"}],"curies":[{"name":"wp","href":"https:\/\/api.w.org\/{rel}","templated":true}]}}