{"id":12892,"date":"2024-04-04T06:29:32","date_gmt":"2024-04-04T06:29:32","guid":{"rendered":"https:\/\/beautysba.co.uk\/product\/%d1%87%d0%b0%d0%b9-%d0%b3%d1%80%d0%b0%d0%bd%d0%b0%d1%82%d0%be%d0%b2%d1%8b%d0%b9-%d1%80%d0%b0%d1%81%d1%82%d0%b2%d0%be%d1%80%d0%b8%d0%bc%d1%8b%d0%b9-%d0%b2-%d0%b3%d1%80%d0%b0%d0%bd%d1%83%d0%bb%d0%b0\/"},"modified":"2024-04-04T06:35:05","modified_gmt":"2024-04-04T06:35:05","slug":"%d1%87%d0%b0%d0%b9-%d0%b3%d1%80%d0%b0%d0%bd%d0%b0%d1%82%d0%be%d0%b2%d1%8b%d0%b9-%d1%80%d0%b0%d1%81%d1%82%d0%b2%d0%be%d1%80%d0%b8%d0%bc%d1%8b%d0%b9-%d0%b2-%d0%b3%d1%80%d0%b0%d0%bd%d1%83%d0%bb%d0%b0","status":"publish","type":"product","link":"https:\/\/beautysba.co.uk\/lt\/produktas\/%d1%87%d0%b0%d0%b9-%d0%b3%d1%80%d0%b0%d0%bd%d0%b0%d1%82%d0%be%d0%b2%d1%8b%d0%b9-%d1%80%d0%b0%d1%81%d1%82%d0%b2%d0%be%d1%80%d0%b8%d0%bc%d1%8b%d0%b9-%d0%b2-%d0%b3%d1%80%d0%b0%d0%bd%d1%83%d0%bb%d0%b0\/","title":{"rendered":"Granat\u0173 arbata granul\u0117mis 100 g"},"content":{"rendered":"<p>Granat\u0173 arbata &#8211; nat\u016bralus ir skanus g\u0117rimas, kuris puikiai papildys j\u016bs\u0173 arbatos vakar\u0117l\u012f. Jis gaminamas i\u0161 granat\u0173 \u017eied\u0173 ir nat\u016brali\u0173 kvapi\u0173j\u0173 med\u017eiag\u0173 su prid\u0117tiniu cukrumi, tod\u0117l yra ne tik skanus, bet ir sveikas.<\/p>\n<p>\u0160i arbata pateikiama patogiu greito paruo\u0161imo granuli\u0173 pavidalu, kurios lengvai i\u0161tirpsta kar\u0161tame vandenyje ir nereikalauja ilgo virimo laiko. Granat\u0173 arbata pasi\u017eymi sodriu granat\u0173 skoniu ir aromatu, tod\u0117l tikrai m\u0117gausit\u0117s kiekvienu gurk\u0161niu.<\/p>\n<p>D\u0117l savo nat\u016bralumo granat\u0173 tirpioji arbata tinka vartoti kasdien ir gali b\u016bti vartojama kaip alternatyva \u012fprastai arbatai ar kavai. Jis taip pat gali b\u016bti puikus pasirinkimas tiems, kurie nori sustiprinti savo imunin\u0119 sistem\u0105 ir pagerinti bendr\u0105 sveikat\u0105.<\/p>\n","protected":false},"excerpt":{"rendered":"<p>Granat\u0173 arbata &#8211; nat\u016bralus ir skanus g\u0117rimas, kuris puikiai papildys j\u016bs\u0173 arbatos vakar\u0117l\u012f. Jis gaminamas i\u0161 granat\u0173 \u017eied\u0173 ir nat\u016brali\u0173 kvapi\u0173j\u0173 med\u017eiag\u0173 su prid\u0117tiniu cukrumi, tod\u0117l yra ne tik skanus, bet ir sveikas. \u0160i arbata pateikiama patogiu greito paruo\u0161imo granuli\u0173 pavidalu, kurios lengvai i\u0161tirpsta kar\u0161tame vandenyje ir nereikalauja ilgo virimo laiko. Granat\u0173 arbata pasi\u017eymi sodriu [&hellip;]<\/p>\n","protected":false},"featured_media":12890,"comment_status":"open","ping_status":"closed","template":"","meta":[],"product_brand":[],"product_cat":[217,270],"product_tag":[],"class_list":{"0":"post-12892","1":"product","2":"type-product","3":"status-publish","4":"has-post-thumbnail","6":"product_cat-sveikatos-prieziura","7":"product_cat----lt","9":"first","10":"outofstock","11":"shipping-taxable","12":"purchasable","13":"product-type-simple"},"_links":{"self":[{"href":"https:\/\/beautysba.co.uk\/lt\/wp-json\/wp\/v2\/product\/12892","targetHints":{"allow":["GET"]}}],"collection":[{"href":"https:\/\/beautysba.co.uk\/lt\/wp-json\/wp\/v2\/product"}],"about":[{"href":"https:\/\/beautysba.co.uk\/lt\/wp-json\/wp\/v2\/types\/product"}],"replies":[{"embeddable":true,"href":"https:\/\/beautysba.co.uk\/lt\/wp-json\/wp\/v2\/comments?post=12892"}],"wp:featuredmedia":[{"embeddable":true,"href":"https:\/\/beautysba.co.uk\/lt\/wp-json\/wp\/v2\/media\/12890"}],"wp:attachment":[{"href":"https:\/\/beautysba.co.uk\/lt\/wp-json\/wp\/v2\/media?parent=12892"}],"wp:term":[{"taxonomy":"product_brand","embeddable":true,"href":"https:\/\/beautysba.co.uk\/lt\/wp-json\/wp\/v2\/product_brand?post=12892"},{"taxonomy":"product_cat","embeddable":true,"href":"https:\/\/beautysba.co.uk\/lt\/wp-json\/wp\/v2\/product_cat?post=12892"},{"taxonomy":"product_tag","embeddable":true,"href":"https:\/\/beautysba.co.uk\/lt\/wp-json\/wp\/v2\/product_tag?post=12892"}],"curies":[{"name":"wp","href":"https:\/\/api.w.org\/{rel}","templated":true}]}}