{"id":12905,"date":"2024-04-05T05:40:52","date_gmt":"2024-04-05T05:40:52","guid":{"rendered":"https:\/\/beautysba.co.uk\/product\/antinal-200-%d0%bc%d0%b3-n24\/"},"modified":"2026-04-24T09:52:33","modified_gmt":"2026-04-24T09:52:33","slug":"antinal-200-%d0%bc%d0%b3-n24","status":"publish","type":"product","link":"https:\/\/beautysba.co.uk\/lt\/produktas\/antinal-200-%d0%bc%d0%b3-n24\/","title":{"rendered":"Antinal 200 mg N24"},"content":{"rendered":"<p>Antibakterin\u0117 priemon\u0117. Blokuoja dehidrogenazes ir slopina kv\u0117pavimo grandines, trikarboksir\u016bg\u0161ties cikl\u0105 ir kelet\u0105 kit\u0173. biocheminiai procesai mikrobin\u0117je l\u0105stel\u0117je. Pa\u017eeid\u017eia mikrob\u0173 sienel\u0119 ir citoplazmin\u0119 membran\u0105, suma\u017eina mikroorganizm\u0173 gaminam\u0173 toksin\u0173 kiek\u012f. Suaktyvina imunitet\u0105: didina mikroorganizm\u0173 fagocitoz\u0119 ir komplemento titr\u0105. Prarijus jis prakti\u0161kai neabsorbuojamas ir veikia \u017earnyno \u0161viesoje. Veiksmingas prie\u0161 daugum\u0105 gramteigiam\u0173 (stafilokokus, streptokokus, klostridijas) ir gramneigiam\u0173 (Escherichia coli, salmoneles, \u0161igeles, Klebsiella, Enterobacter, choleros vibrionus) patogenini\u0173 \u017earnyno bakterij\u0173. U\u017esikr\u0117tus enterotropiniais virusais, jis neleid\u017eia i\u0161sivystyti bakterinei superinfekcijai. Poveikio tipas (baktericidinis ar bakteriostatinis) priklauso nuo koncentracijos \u017earnyne. Esant \u016bminiam bakterin\u0117s etiologijos viduriavimui, atstato \u017earnyno eubioz\u0119.<br \/>\nIndikacijos:<br \/>\n\u016amin\u0117s \u017earnyno infekcijos su viduriavimu, l\u0117tin\u0117s \u017earnyno infekcijos &#8211; kolitas ir enterokolitas, disbakterioz\u0117 (\u017earnyno mikrofloros sutrikimas) &#8211; kaip kompleksinio gydymo dalis, infekcini\u0173 komplikacij\u0173 prevencija vir\u0161kinamojo trakto operacij\u0173 metu.<\/p>\n<p>Dozavimas ir vartojimas:<br \/>\npo 1 kapsul\u0119 4 kartus per dien\u0105.<\/p>\n<p>Gydymo kursas trunka ne ilgiau kaip 3 dienas.<\/p>\n<p>Antinal geriamas ne kramtant, o nuryjant vis\u0105 kapsul\u0119. Gerkite \u0161var\u0173 vanden\u012f. Suspensij\u0105 taip pat reik\u0117t\u0173 nuplauti vandeniu. Vaist\u0105 galite vartoti prie\u0161 valg\u012f arba po jo &#8211; tai nesvarbu. Ta\u010diau tarp \u012fsiurbim\u0173 tur\u0117t\u0173 b\u016bti vienodi laiko intervalai.<\/p>\n<p>Kontraindikacijos :<br \/>\nIndividualus padid\u0117j\u0119s jautrumas vaistui (alergija).<\/p>\n<p>Jaunesni nei 15 met\u0173 vaikai.<\/p>\n","protected":false},"excerpt":{"rendered":"<p>\u016amin\u0117s \u017earnyno infekcijos su viduriavimu; l\u0117tin\u0117s \u017earnyno infekcijos &#8211; kolitas ir enterokolitas; disbakterioz\u0117 (\u017earnyno mikrofloros sutrikimas) &#8211; kaip kompleksinio gydymo dalis; infekcini\u0173 komplikacij\u0173 prevencija vir\u0161kinimo trakto operacij\u0173 metu.<\/p>\n","protected":false},"featured_media":12903,"comment_status":"open","ping_status":"closed","template":"","meta":[],"product_brand":[],"product_cat":[217,220],"product_tag":[],"class_list":{"0":"post-12905","1":"product","2":"type-product","3":"status-publish","4":"has-post-thumbnail","6":"product_cat-sveikatos-prieziura","7":"product_cat-zarnyno-sveikata","9":"first","10":"outofstock","11":"shipping-taxable","12":"purchasable","13":"product-type-simple"},"_links":{"self":[{"href":"https:\/\/beautysba.co.uk\/lt\/wp-json\/wp\/v2\/product\/12905","targetHints":{"allow":["GET"]}}],"collection":[{"href":"https:\/\/beautysba.co.uk\/lt\/wp-json\/wp\/v2\/product"}],"about":[{"href":"https:\/\/beautysba.co.uk\/lt\/wp-json\/wp\/v2\/types\/product"}],"replies":[{"embeddable":true,"href":"https:\/\/beautysba.co.uk\/lt\/wp-json\/wp\/v2\/comments?post=12905"}],"wp:featuredmedia":[{"embeddable":true,"href":"https:\/\/beautysba.co.uk\/lt\/wp-json\/wp\/v2\/media\/12903"}],"wp:attachment":[{"href":"https:\/\/beautysba.co.uk\/lt\/wp-json\/wp\/v2\/media?parent=12905"}],"wp:term":[{"taxonomy":"product_brand","embeddable":true,"href":"https:\/\/beautysba.co.uk\/lt\/wp-json\/wp\/v2\/product_brand?post=12905"},{"taxonomy":"product_cat","embeddable":true,"href":"https:\/\/beautysba.co.uk\/lt\/wp-json\/wp\/v2\/product_cat?post=12905"},{"taxonomy":"product_tag","embeddable":true,"href":"https:\/\/beautysba.co.uk\/lt\/wp-json\/wp\/v2\/product_tag?post=12905"}],"curies":[{"name":"wp","href":"https:\/\/api.w.org\/{rel}","templated":true}]}}