{"id":12918,"date":"2024-04-05T05:48:19","date_gmt":"2024-04-05T05:48:19","guid":{"rendered":"https:\/\/beautysba.co.uk\/product\/amigraine-adco-n30\/"},"modified":"2026-04-24T09:52:32","modified_gmt":"2026-04-24T09:52:32","slug":"amigraine-adco-n30","status":"publish","type":"product","link":"https:\/\/beautysba.co.uk\/lt\/produktas\/amigraine-adco-n30\/","title":{"rendered":"Amigraine ADCO N60 (2 d\u0117\u017eut\u0117s)"},"content":{"rendered":"<p>Sud\u0117tis:<br \/>\nKiekvienoje tablet\u0117je yra:<\/p>\n<p>Analginas &#8211; 300 mg.<\/p>\n<p>Kofeinas &#8211; 100 mg.  <\/p>\n<p>Ergotamino tartratas &#8211; 1 mg.<\/p>\n<p>Pagalbin\u0117s med\u017eiagos: talkas, magnio stearatas, krakmolas.<\/p>\n<p>Savyb\u0117s:<br \/>\nErgotamino tartratas yra veiksmingiausia migrenos skausm\u0105 mal\u0161inanti med\u017eiaga. Jo poveik\u012f dar labiau sustiprina kofeinas ir analginas, jis pasi\u017eymi analgeziniu poveikiu, kuris padeda mal\u0161inti skausm\u0105.<br \/>\nmigrenos priepuoli\u0173 ir kit\u0173 galvos skausm\u0173 simptominiam gydymui ir profilaktikai. Histaminin\u0117 cefalgija ir pakau\u0161io neuralgija.<\/p>\n<p>Vartojimo b\u016bdas:<br \/>\n\u016bminio priepuolio profilaktikai vartojama nuo 1 iki 4 table\u010di\u0173 per dien\u0105. Daugeliu atvej\u0173 u\u017etenka vienos doz\u0117s (1-2 table\u010di\u0173), kad b\u016bt\u0173 i\u0161vengta priepuolio (arba kaip nurod\u0117 gydytojas).  <\/p>\n<p>Kontraindikacijos:<br \/>\nperiferini\u0173 kraujagysli\u0173 liga, i\u0161emin\u0117 \u0161irdies liga, sutrikusi inkst\u0173 ar kepen\u0173 funkcija, n\u0117\u0161tumas.<\/p>\n<p>\u0160alutinis poveikis:<br \/>\npadid\u0117jusi agranulocitoz\u0117s ir \u0161oko rizika. \u0160irdies ritmo poky\u010diai, pykinimas, v\u0117mimas, koj\u0173 silpnumas, gal\u016bni\u0173 raumen\u0173 skausmas, rank\u0173 ir koj\u0173 pir\u0161t\u0173 tirpimas ir dilg\u010diojimas, lokalus patinimas, nie\u017eulys.<\/p>\n<p>S\u0105veika su vaistais:<\/p>\n<p>Vartojant ergotamin\u0105 ir makrolidinius antibiotikus, tokius kaip eritromicinas, pasirei\u0161kia ergotizmas (\u017emogaus organizmo apsinuodijimas ergotos grybo alkaloidais). Pacientams, vartojantiems sumatriptano, ergotamino negalima skirti tol, kol nepra\u0117jo 6 valandos po vaisto vartojimo nutraukimo.<br \/>\nPriklausomyb\u0117 gali i\u0161sivystyti ne\u017eymiai, jei ergotamino tartrato vartojama daugiau kaip 2 dienas per savait\u0119, net jei laikomasi bendr\u0173j\u0173 kasdienio ar kassavaitinio dozavimo rekomendacij\u0173. Gydymo \u0161iuo vaistu metu gali pasireik\u0161ti padid\u0117j\u0119s jautrumas ir balt\u0173j\u0173 kraujo k\u016bneli\u0173 sutrikimai. Jei ilgai gydant sutrinka paciento savijauta, reikia patikrinti leukocit\u0173 skai\u010di\u0173 ir, jei granuliocit\u0173 kiekis suma\u017e\u0117ja, vaisto vartojim\u0105 reikia nutraukti. Vaisto sud\u0117tyje yra analgino, kuris gali sukelti agranulocitoz\u0119. Vaisto negalima skirti vaikams.<\/p>\n<p>N\u0117\u0161tumas ir \u017eindymas:  <\/p>\n<p>netur\u0117t\u0173 vartoti n\u0117\u0161\u010dios ir \u017eindan\u010dios motinos, nes \u0161ios med\u017eiagos i\u0161siskiria su motinos pienu.<\/p>\n<p>Laikymas:<br \/>\nLaikyti ne auk\u0161tesn\u0117je kaip 30C temperat\u016broje, sausoje, vaikams nepasiekiamoje vietoje.<\/p>\n<p>Pakuot\u0117:<br \/>\nKartono d\u0117\u017eut\u0117je yra 3 lizdin\u0117s plok\u0161tel\u0117s po 10 table\u010di\u0173.<\/p>\n","protected":false},"excerpt":{"rendered":"<p>Simptominis migrenos priepuoli\u0173 ir kit\u0173 r\u016b\u0161i\u0173 galvos skausm\u0173 gydymas ir profilaktika. Histaminin\u0117 cefalgija ir pakau\u0161io neuralgija.<\/p>\n","protected":false},"featured_media":12916,"comment_status":"open","ping_status":"closed","template":"","meta":[],"product_brand":[],"product_cat":[217,220],"product_tag":[],"class_list":{"0":"post-12918","1":"product","2":"type-product","3":"status-publish","4":"has-post-thumbnail","6":"product_cat-sveikatos-prieziura","7":"product_cat-zarnyno-sveikata","9":"first","10":"outofstock","11":"shipping-taxable","12":"purchasable","13":"product-type-simple"},"_links":{"self":[{"href":"https:\/\/beautysba.co.uk\/lt\/wp-json\/wp\/v2\/product\/12918","targetHints":{"allow":["GET"]}}],"collection":[{"href":"https:\/\/beautysba.co.uk\/lt\/wp-json\/wp\/v2\/product"}],"about":[{"href":"https:\/\/beautysba.co.uk\/lt\/wp-json\/wp\/v2\/types\/product"}],"replies":[{"embeddable":true,"href":"https:\/\/beautysba.co.uk\/lt\/wp-json\/wp\/v2\/comments?post=12918"}],"wp:featuredmedia":[{"embeddable":true,"href":"https:\/\/beautysba.co.uk\/lt\/wp-json\/wp\/v2\/media\/12916"}],"wp:attachment":[{"href":"https:\/\/beautysba.co.uk\/lt\/wp-json\/wp\/v2\/media?parent=12918"}],"wp:term":[{"taxonomy":"product_brand","embeddable":true,"href":"https:\/\/beautysba.co.uk\/lt\/wp-json\/wp\/v2\/product_brand?post=12918"},{"taxonomy":"product_cat","embeddable":true,"href":"https:\/\/beautysba.co.uk\/lt\/wp-json\/wp\/v2\/product_cat?post=12918"},{"taxonomy":"product_tag","embeddable":true,"href":"https:\/\/beautysba.co.uk\/lt\/wp-json\/wp\/v2\/product_tag?post=12918"}],"curies":[{"name":"wp","href":"https:\/\/api.w.org\/{rel}","templated":true}]}}