{"id":12956,"date":"2024-04-23T09:26:03","date_gmt":"2024-04-23T09:26:03","guid":{"rendered":"https:\/\/beautysba.co.uk\/product\/%d0%ba%d1%80%d0%b5%d0%bc-%d0%b4%d0%bb%d1%8f-%d0%bb%d0%b8%d1%86%d0%b0-hyaluron-hydra-shot-50ml-victoria-beauty\/"},"modified":"2024-05-07T09:34:46","modified_gmt":"2024-05-07T09:34:46","slug":"%d0%ba%d1%80%d0%b5%d0%bc-%d0%b4%d0%bb%d1%8f-%d0%bb%d0%b8%d1%86%d0%b0-hyaluron-hydra-shot-50ml-victoria-beauty","status":"publish","type":"product","link":"https:\/\/beautysba.co.uk\/lt\/produktas\/%d0%ba%d1%80%d0%b5%d0%bc-%d0%b4%d0%bb%d1%8f-%d0%bb%d0%b8%d1%86%d0%b0-hyaluron-hydra-shot-50ml-victoria-beauty\/","title":{"rendered":"hialurono hydra shot veido kremas 50ml &#8211; victoria beauty"},"content":{"rendered":"<p>Veikliosios med\u017eiagos: hialurono r\u016bg\u0161tis, alavijas.<\/p>\n<p>Tai kasdienis dr\u0117kinamasis kremas, praturtintas hialurono r\u016bg\u0161timi, alavij\u0173 sultimis ir niacinamidu (vit. B3). Giliai dr\u0117kina vis\u0173 tip\u0173 saus\u0105 ir jautri\u0105 od\u0105, suteikia gaivumo ir \u0161vie\u017eumo poj\u016bt\u012f. Veikliosios med\u017eiagos ramina od\u0105, kad ji atrodyt\u0173 sveikesn\u0117 ir \u0161vytinti.<\/p>\n<p>Naudojimas: tepkite ryte ir (arba) vakare. Venkite aki\u0173 kontakto.<\/p>\n<p>Sudedamosios dalys (INCI): vanduo, glicerinas, kokos\u0173 karpilamas\/kapratas, kaprilo\/kapriko trigliceridas, cetearilo alkoholis, glicerilo stearato citratas, OLEA EUROPAEA (alyvuogi\u0173) vaisi\u0173 aliejus, niacinamidas, natrio hialuronatas, alavijo lap\u0173 sultys, totrogeris, ramun\u0117li\u0173 recuti acetatas, fenoksietanolis, etilheksilglicerinas, akrilat\u0173\/C10-30 ALKILAKRILATO KRYSPOLIMERIS, DEET, dinatrio EDTA, natrio hidroksidas, limoneno r\u016bg\u0161tis, natrio benzoatas, kalio sorbatas, limonenas.<\/p>\n","protected":false},"excerpt":{"rendered":"<p>Veikliosios med\u017eiagos: hialurono r\u016bg\u0161tis, alavijas. Tai kasdienis dr\u0117kinamasis kremas, praturtintas hialurono r\u016bg\u0161timi, alavij\u0173 sultimis ir niacinamidu (vit. B3). Giliai dr\u0117kina vis\u0173 tip\u0173 saus\u0105 ir jautri\u0105 od\u0105, suteikia gaivumo ir \u0161vie\u017eumo poj\u016bt\u012f. Veikliosios med\u017eiagos ramina od\u0105, kad ji atrodyt\u0173 sveikesn\u0117 ir \u0161vytinti. Naudojimas: tepkite ryte ir (arba) vakare. Venkite aki\u0173 kontakto. Sudedamosios dalys (INCI): vanduo, glicerinas, [&hellip;]<\/p>\n","protected":false},"featured_media":12954,"comment_status":"open","ping_status":"closed","template":"","meta":[],"product_brand":[],"product_cat":[133,125,209,127],"product_tag":[],"class_list":{"0":"post-12956","1":"product","2":"type-product","3":"status-publish","4":"has-post-thumbnail","6":"product_cat-dienos-kremai","7":"product_cat-ispardavimas","8":"product_cat-naktiniai-kremai","9":"product_cat-veidas","11":"first","12":"outofstock","13":"sale","14":"shipping-taxable","15":"purchasable","16":"product-type-simple"},"_links":{"self":[{"href":"https:\/\/beautysba.co.uk\/lt\/wp-json\/wp\/v2\/product\/12956","targetHints":{"allow":["GET"]}}],"collection":[{"href":"https:\/\/beautysba.co.uk\/lt\/wp-json\/wp\/v2\/product"}],"about":[{"href":"https:\/\/beautysba.co.uk\/lt\/wp-json\/wp\/v2\/types\/product"}],"replies":[{"embeddable":true,"href":"https:\/\/beautysba.co.uk\/lt\/wp-json\/wp\/v2\/comments?post=12956"}],"wp:featuredmedia":[{"embeddable":true,"href":"https:\/\/beautysba.co.uk\/lt\/wp-json\/wp\/v2\/media\/12954"}],"wp:attachment":[{"href":"https:\/\/beautysba.co.uk\/lt\/wp-json\/wp\/v2\/media?parent=12956"}],"wp:term":[{"taxonomy":"product_brand","embeddable":true,"href":"https:\/\/beautysba.co.uk\/lt\/wp-json\/wp\/v2\/product_brand?post=12956"},{"taxonomy":"product_cat","embeddable":true,"href":"https:\/\/beautysba.co.uk\/lt\/wp-json\/wp\/v2\/product_cat?post=12956"},{"taxonomy":"product_tag","embeddable":true,"href":"https:\/\/beautysba.co.uk\/lt\/wp-json\/wp\/v2\/product_tag?post=12956"}],"curies":[{"name":"wp","href":"https:\/\/api.w.org\/{rel}","templated":true}]}}