{"id":12969,"date":"2024-04-23T09:34:01","date_gmt":"2024-04-23T09:34:01","guid":{"rendered":"https:\/\/beautysba.co.uk\/product\/%d0%b0%d0%bd%d1%82%d0%b8%d0%b2%d0%be%d0%b7%d1%80%d0%b0%d1%81%d1%82%d0%bd%d0%b0%d1%8f-%d1%81%d1%8b%d0%b2%d0%be%d1%80%d0%be%d1%82%d0%ba%d0%b0-%d0%b4%d0%bb%d1%8f-%d0%bb%d0%b8%d1%86%d0%b0-hyaluron-%d1%81\/"},"modified":"2024-05-07T09:34:46","modified_gmt":"2024-05-07T09:34:46","slug":"%d0%b0%d0%bd%d1%82%d0%b8%d0%b2%d0%be%d0%b7%d1%80%d0%b0%d1%81%d1%82%d0%bd%d0%b0%d1%8f-%d1%81%d1%8b%d0%b2%d0%be%d1%80%d0%be%d1%82%d0%ba%d0%b0-%d0%b4%d0%bb%d1%8f-%d0%bb%d0%b8%d1%86%d0%b0-hyaluron-%d1%81","status":"publish","type":"product","link":"https:\/\/beautysba.co.uk\/lt\/produktas\/%d0%b0%d0%bd%d1%82%d0%b8%d0%b2%d0%be%d0%b7%d1%80%d0%b0%d1%81%d1%82%d0%bd%d0%b0%d1%8f-%d1%81%d1%8b%d0%b2%d0%be%d1%80%d0%be%d1%82%d0%ba%d0%b0-%d0%b4%d0%bb%d1%8f-%d0%bb%d0%b8%d1%86%d0%b0-hyaluron-%d1%81\/","title":{"rendered":"Sen\u0117jim\u0105 stabdantis hialurono+ veido serumas su hialurono r\u016bg\u0161timi, kolagenu ir matriksilu\u2122, 20 ml &#8211; victoria beauty"},"content":{"rendered":"<p>&#8220;Victoria Beauty Hyaluron+&#8221; dieninis ir naktinis veido serumas &#8211; tai koncentruotas produktas, specialiai sukurtas veiksmingai odos prie\u017ei\u016brai nuo sen\u0117jimo po\u017eymi\u0173, kurio pagrind\u0105 sudaro galingas veikli\u0173j\u0173 med\u017eiag\u0173 kompleksas.<\/p>\n<p>Veikliosios med\u017eiagos:<\/p>\n<p>&#8220;Matrixyl&#8221; yra patentuotas, klini\u0161kai \u012frodytas peptid\u0173 preparatas. Pla\u010diai pripa\u017eintas sen\u0117jim\u0105 stabdantis ingredientas Matrixyl akivaizd\u017eiai pagerina odos tekst\u016br\u0105, patobulina veido kont\u016brus ir s\u0117kmingai neutralizuoja sen\u0117jimo poveik\u012f, suteikdamas odai akivaizd\u017eiai jaunesn\u0119 ir sveikesn\u0119 i\u0161vaizd\u0105.<br \/>\nKolagenas yra viena i\u0161 pagrindini\u0173 odos sudedam\u0173j\u0173 dali\u0173, i\u0161laikan\u010di\u0173 j\u0105 stipri\u0105 ir stangri\u0105. Giliai dr\u0117kina od\u0105, daro j\u0105 lygesn\u0119 ir stangresn\u0119, stiprina jos strukt\u016br\u0105.<br \/>\nHialurono r\u016bg\u0161tis yra dr\u0117kinamoji med\u017eiaga, kuri gali i\u0161laikyti 200 kart\u0173 daugiau vandens nei jos svoris. Papildo od\u0105 svarbia dr\u0117gme, giliai dr\u0117kina od\u0105, kad ji atrodyt\u0173 \u0161viesesn\u0117, gaivesn\u0117 ir labiau \u0161vytinti. Pagerina smulki\u0173 linij\u0173 ir rauk\u0161li\u0173 i\u0161vaizd\u0105, oda tampa stangri ir lygi.<br \/>\nKaip naudoti: tepkite ryte ir (arba) vakare ant gerai nuvalytos odos vien\u0105 arba kartu su veido kremu. Gali b\u016bti naudojamas kaip serumas po akimis, nes nedirgina. Serumas tinka vis\u0173 tip\u0173 odai, ypa\u010d naudingas sausai ir brand\u017eiai odai.<\/p>\n<p>Laikymas: laikyti sausoje vietoje, ne auk\u0161tesn\u0117je kaip 25 \u00b0C temperat\u016broje, saugoti nuo tiesiogini\u0173 saul\u0117s spinduli\u0173! Laikykite vaikams nepasiekiamoje vietoje!<\/p>\n<p>Unisex gamini\u0173 linija &#8211; idealiai tinka ir vyrams, ir moterims.<\/p>\n","protected":false},"excerpt":{"rendered":"<p>&#8220;Victoria Beauty Hyaluron+&#8221; dieninis ir naktinis veido serumas &#8211; tai koncentruotas produktas, specialiai sukurtas veiksmingai odos prie\u017ei\u016brai nuo sen\u0117jimo po\u017eymi\u0173, kurio pagrind\u0105 sudaro galingas veikli\u0173j\u0173 med\u017eiag\u0173 kompleksas. Veikliosios med\u017eiagos: &#8220;Matrixyl&#8221; yra patentuotas, klini\u0161kai \u012frodytas peptid\u0173 preparatas. Pla\u010diai pripa\u017eintas sen\u0117jim\u0105 stabdantis ingredientas Matrixyl akivaizd\u017eiai pagerina odos tekst\u016br\u0105, patobulina veido kont\u016brus ir s\u0117kmingai neutralizuoja sen\u0117jimo poveik\u012f, suteikdamas [&hellip;]<\/p>\n","protected":false},"featured_media":12967,"comment_status":"open","ping_status":"closed","template":"","meta":[],"product_brand":[],"product_cat":[210,127],"product_tag":[],"class_list":{"0":"post-12969","1":"product","2":"type-product","3":"status-publish","4":"has-post-thumbnail","6":"product_cat-serumai","7":"product_cat-veidas","9":"first","10":"outofstock","11":"shipping-taxable","12":"purchasable","13":"product-type-simple"},"_links":{"self":[{"href":"https:\/\/beautysba.co.uk\/lt\/wp-json\/wp\/v2\/product\/12969","targetHints":{"allow":["GET"]}}],"collection":[{"href":"https:\/\/beautysba.co.uk\/lt\/wp-json\/wp\/v2\/product"}],"about":[{"href":"https:\/\/beautysba.co.uk\/lt\/wp-json\/wp\/v2\/types\/product"}],"replies":[{"embeddable":true,"href":"https:\/\/beautysba.co.uk\/lt\/wp-json\/wp\/v2\/comments?post=12969"}],"wp:featuredmedia":[{"embeddable":true,"href":"https:\/\/beautysba.co.uk\/lt\/wp-json\/wp\/v2\/media\/12967"}],"wp:attachment":[{"href":"https:\/\/beautysba.co.uk\/lt\/wp-json\/wp\/v2\/media?parent=12969"}],"wp:term":[{"taxonomy":"product_brand","embeddable":true,"href":"https:\/\/beautysba.co.uk\/lt\/wp-json\/wp\/v2\/product_brand?post=12969"},{"taxonomy":"product_cat","embeddable":true,"href":"https:\/\/beautysba.co.uk\/lt\/wp-json\/wp\/v2\/product_cat?post=12969"},{"taxonomy":"product_tag","embeddable":true,"href":"https:\/\/beautysba.co.uk\/lt\/wp-json\/wp\/v2\/product_tag?post=12969"}],"curies":[{"name":"wp","href":"https:\/\/api.w.org\/{rel}","templated":true}]}}