{"id":12975,"date":"2024-04-23T09:35:31","date_gmt":"2024-04-23T09:35:31","guid":{"rendered":"https:\/\/beautysba.co.uk\/product\/%d1%81%d1%8b%d0%b2%d0%be%d1%80%d0%be%d1%82%d0%ba%d0%b0-%d0%b4%d0%bb%d1%8f-%d0%bb%d0%b8%d1%86%d0%b0-hydra-shot-%d1%81-10-%d0%ba%d0%be%d0%bc%d0%bf%d0%bb%d0%b5%d0%ba%d1%81%d0%be%d0%bc-%d0%b3%d0%b8%d0%b0\/"},"modified":"2024-05-07T09:35:49","modified_gmt":"2024-05-07T09:35:49","slug":"%d1%81%d1%8b%d0%b2%d0%be%d1%80%d0%be%d1%82%d0%ba%d0%b0-%d0%b4%d0%bb%d1%8f-%d0%bb%d0%b8%d1%86%d0%b0-hydra-shot-%d1%81-10-%d0%ba%d0%be%d0%bc%d0%bf%d0%bb%d0%b5%d0%ba%d1%81%d0%be%d0%bc-%d0%b3%d0%b8%d0%b0","status":"publish","type":"product","link":"https:\/\/beautysba.co.uk\/lt\/produktas\/%d1%81%d1%8b%d0%b2%d0%be%d1%80%d0%be%d1%82%d0%ba%d0%b0-%d0%b4%d0%bb%d1%8f-%d0%bb%d0%b8%d1%86%d0%b0-hydra-shot-%d1%81-10-%d0%ba%d0%be%d0%bc%d0%bf%d0%bb%d0%b5%d0%ba%d1%81%d0%be%d0%bc-%d0%b3%d0%b8%d0%b0\/","title":{"rendered":"Hydra shot veido serumas su 10 % hialurono r\u016bg\u0161ties kompleksu, alaviju ir niacinu 30ml &#8211; victoria beauty &#8211; victoria beauty"},"content":{"rendered":"<p>Tai produktas, skirtas maksimaliai dr\u0117kinti ir atjauninti od\u0105. \u0160is serumas &#8211; tai galing\u0173 veikli\u0173j\u0173 med\u017eiag\u0173 derinys, kad oda b\u016bt\u0173 \u0161velni, \u0161vytinti ir sveika.<\/p>\n<p>Privalumai:<\/p>\n<p>Dr\u0117kinimas: 10 kompleks\u0173 hialurono r\u016bg\u0161tis giliai dr\u0117kina od\u0105, tod\u0117l ji tampa \u0161velni ir elastinga. Hialurono r\u016bg\u0161tis padeda i\u0161laikyti dr\u0117gm\u0119 odos l\u0105stel\u0117se, tod\u0117l suma\u017e\u0117ja rauk\u0161li\u0173 ir kiekviena j\u0173 \u012fgauna jaunatvi\u0161k\u0105 form\u0105.<br \/>\nRamina: alavijo ekstraktas padeda dr\u0117kinti od\u0105, ma\u017eina paraudim\u0105 ir sudirgim\u0105.<br \/>\nGeresnis odos tonusas: niacinamidas, dar \u017einomas kaip B3, padeda pagerinti odos tekst\u016br\u0105 ir suma\u017einti poras. Jis taip pat gali i\u0161lyginti odos spalv\u0105 ir suma\u017einti senatvines d\u0117mes.<br \/>\nVeikliosios med\u017eiagos: 10 % hialurono r\u016bg\u0161ties kompleksas, ekologi\u0161kos alavijo sultys, niacinamidas.<\/p>\n<p>Kaip naudoti: tepkite ryte ir vakare prie\u0161 dr\u0117kinam\u0105j\u012f krem\u0105. Venkite aki\u0173 kontakto<\/p>\n<p>Sudedamosios dalys (INCI): ALOE BARBADENSIS LAP\u0172 SULTYS, NATRIO HIALURONATAS, NIACINAMIDAS, 1,2-HEKSANEDIOLIS, KAPRILO GLIKOLIS, HIDROKSIETILCELIULIOZ\u0116, PPG-1-PEG-9 LAURILO GLIKOLIO ETERIS, FENOKSIETANOLIS, CITRIN\u0172 R\u016aG\u0160TIS, NATRIO BENZOATAS, KALIO SORBATAS.<\/p>\n","protected":false},"excerpt":{"rendered":"<p>Tai produktas, skirtas maksimaliai dr\u0117kinti ir atjauninti od\u0105. \u0160is serumas &#8211; tai galing\u0173 veikli\u0173j\u0173 med\u017eiag\u0173 derinys, kad oda b\u016bt\u0173 \u0161velni, \u0161vytinti ir sveika. Privalumai: Dr\u0117kinimas: 10 kompleks\u0173 hialurono r\u016bg\u0161tis giliai dr\u0117kina od\u0105, tod\u0117l ji tampa \u0161velni ir elastinga. Hialurono r\u016bg\u0161tis padeda i\u0161laikyti dr\u0117gm\u0119 odos l\u0105stel\u0117se, tod\u0117l suma\u017e\u0117ja rauk\u0161li\u0173 ir kiekviena j\u0173 \u012fgauna jaunatvi\u0161k\u0105 form\u0105. Ramina: [&hellip;]<\/p>\n","protected":false},"featured_media":12973,"comment_status":"open","ping_status":"closed","template":"","meta":[],"product_brand":[],"product_cat":[210,127],"product_tag":[],"class_list":{"0":"post-12975","1":"product","2":"type-product","3":"status-publish","4":"has-post-thumbnail","6":"product_cat-serumai","7":"product_cat-veidas","9":"first","10":"outofstock","11":"shipping-taxable","12":"purchasable","13":"product-type-simple"},"_links":{"self":[{"href":"https:\/\/beautysba.co.uk\/lt\/wp-json\/wp\/v2\/product\/12975","targetHints":{"allow":["GET"]}}],"collection":[{"href":"https:\/\/beautysba.co.uk\/lt\/wp-json\/wp\/v2\/product"}],"about":[{"href":"https:\/\/beautysba.co.uk\/lt\/wp-json\/wp\/v2\/types\/product"}],"replies":[{"embeddable":true,"href":"https:\/\/beautysba.co.uk\/lt\/wp-json\/wp\/v2\/comments?post=12975"}],"wp:featuredmedia":[{"embeddable":true,"href":"https:\/\/beautysba.co.uk\/lt\/wp-json\/wp\/v2\/media\/12973"}],"wp:attachment":[{"href":"https:\/\/beautysba.co.uk\/lt\/wp-json\/wp\/v2\/media?parent=12975"}],"wp:term":[{"taxonomy":"product_brand","embeddable":true,"href":"https:\/\/beautysba.co.uk\/lt\/wp-json\/wp\/v2\/product_brand?post=12975"},{"taxonomy":"product_cat","embeddable":true,"href":"https:\/\/beautysba.co.uk\/lt\/wp-json\/wp\/v2\/product_cat?post=12975"},{"taxonomy":"product_tag","embeddable":true,"href":"https:\/\/beautysba.co.uk\/lt\/wp-json\/wp\/v2\/product_tag?post=12975"}],"curies":[{"name":"wp","href":"https:\/\/api.w.org\/{rel}","templated":true}]}}