{"id":13017,"date":"2024-04-23T09:59:37","date_gmt":"2024-04-23T09:59:37","guid":{"rendered":"https:\/\/beautysba.co.uk\/product\/%d0%b4%d0%be%d0%b1%d0%b0%d0%b2%d0%ba%d0%b0-%d0%b4%d0%bb%d1%8f-%d0%bf%d0%be%d1%85%d1%83%d0%b4%d0%b5%d0%bd%d0%b8%d1%8f-%d0%bf%d1%81%d0%b8%d0%bb%d0%bb%d0%b8%d1%83%d0%bc-slim-caps-%e2%84%9660\/"},"modified":"2024-05-07T09:35:28","modified_gmt":"2024-05-07T09:35:28","slug":"%d0%b4%d0%be%d0%b1%d0%b0%d0%b2%d0%ba%d0%b0-%d0%b4%d0%bb%d1%8f-%d0%bf%d0%be%d1%85%d1%83%d0%b4%d0%b5%d0%bd%d0%b8%d1%8f-%d0%bf%d1%81%d0%b8%d0%bb%d0%bb%d0%b8%d1%83%d0%bc-slim-caps-%e2%84%9660","status":"publish","type":"product","link":"https:\/\/beautysba.co.uk\/lt\/produktas\/%d0%b4%d0%be%d0%b1%d0%b0%d0%b2%d0%ba%d0%b0-%d0%b4%d0%bb%d1%8f-%d0%bf%d0%be%d1%85%d1%83%d0%b4%d0%b5%d0%bd%d0%b8%d1%8f-%d0%bf%d1%81%d0%b8%d0%bb%d0%bb%d0%b8%d1%83%d0%bc-slim-caps-%e2%84%9660\/","title":{"rendered":"Psilium liekn\u0117jimo papildas &#8220;psilium slim caps&#8221; #60 &#8211; \u016bkio grup\u0117 (Psilium)"},"content":{"rendered":"<p>Psyllium yra skaidulos, gaunamos i\u0161 Plantago ovata (kiau\u0161ininio gyslo\u010dio) s\u0117kl\u0173 apvalkalo. Psyllium yra gausus tirpi\u0173 ir netirpi\u0173 skaidul\u0173, kurios padeda normaliai \u017earnyno veiklai, \u0161altinis, be to, jame yra lengvai vir\u0161kinam\u0173 angliavandeni\u0173, kurie teigiamai veikia \u017earnyno mikroflor\u0105.<\/p>\n<p>Sud\u0117tis:<\/p>\n<p>Kiau\u0161inio s\u0117kl\u0173 luk\u0161tas, \u017eelatina, slyv\u0173 ekstraktas, kalcio D-pantotenatas, silicio dioksidas (lubrikantas), da\u017eikliai: titano dioksidas, indigokarminas.<\/p>\n<p>Naudojimo instrukcijos:<\/p>\n<p>Suaugusiesiems po 2 kapsules per dien\u0105 valgio metu. Parai\u0161kos teikimo trukm\u0117 &#8211; 1 m\u0117nuo.<\/p>\n<p>Kontraindikacijos:<\/p>\n<p>Padid\u0117j\u0119s jautrumas maisto papildo sudedamosioms dalims, n\u0117\u0161tumas, \u017eindymas, polinkis \u012f \u017earnyno veiklos sutrikimus, \u017earnyno nepraeinamumas, \u016bmin\u0117s vir\u0161kinimo trakto ligos.<\/p>\n<p>Prie\u0161 vartojim\u0105 rekomenduojama pasitarti su gydytoju.<\/p>\n<p>Galiojimo laikas:<\/p>\n<p>2 metai.<\/p>\n<p>Laikymo s\u0105lygos:<\/p>\n<p>Laikyti sausoje, apsaugotoje nuo tiesiogini\u0173 saul\u0117s spinduli\u0173, vaikams nepasiekiamoje vietoje, ne auk\u0161tesn\u0117je kaip 25 \u00b0C temperat\u016broje.<\/p>\n","protected":false},"excerpt":{"rendered":"<p>Psyllium yra skaidulos, gaunamos i\u0161 Plantago ovata (kiau\u0161ininio gyslo\u010dio) s\u0117kl\u0173 apvalkalo. Psyllium yra gausus tirpi\u0173 ir netirpi\u0173 skaidul\u0173, kurios padeda normaliai \u017earnyno veiklai, \u0161altinis, be to, jame yra lengvai vir\u0161kinam\u0173 angliavandeni\u0173, kurie teigiamai veikia \u017earnyno mikroflor\u0105. Sud\u0117tis: Kiau\u0161inio s\u0117kl\u0173 luk\u0161tas, \u017eelatina, slyv\u0173 ekstraktas, kalcio D-pantotenatas, silicio dioksidas (lubrikantas), da\u017eikliai: titano dioksidas, indigokarminas. Naudojimo instrukcijos: Suaugusiesiems [&hellip;]<\/p>\n","protected":false},"featured_media":13015,"comment_status":"open","ping_status":"closed","template":"","meta":[],"product_brand":[],"product_cat":[217,220],"product_tag":[],"class_list":{"0":"post-13017","1":"product","2":"type-product","3":"status-publish","4":"has-post-thumbnail","6":"product_cat-sveikatos-prieziura","7":"product_cat-zarnyno-sveikata","9":"first","10":"instock","11":"shipping-taxable","12":"purchasable","13":"product-type-simple"},"_links":{"self":[{"href":"https:\/\/beautysba.co.uk\/lt\/wp-json\/wp\/v2\/product\/13017","targetHints":{"allow":["GET"]}}],"collection":[{"href":"https:\/\/beautysba.co.uk\/lt\/wp-json\/wp\/v2\/product"}],"about":[{"href":"https:\/\/beautysba.co.uk\/lt\/wp-json\/wp\/v2\/types\/product"}],"replies":[{"embeddable":true,"href":"https:\/\/beautysba.co.uk\/lt\/wp-json\/wp\/v2\/comments?post=13017"}],"wp:featuredmedia":[{"embeddable":true,"href":"https:\/\/beautysba.co.uk\/lt\/wp-json\/wp\/v2\/media\/13015"}],"wp:attachment":[{"href":"https:\/\/beautysba.co.uk\/lt\/wp-json\/wp\/v2\/media?parent=13017"}],"wp:term":[{"taxonomy":"product_brand","embeddable":true,"href":"https:\/\/beautysba.co.uk\/lt\/wp-json\/wp\/v2\/product_brand?post=13017"},{"taxonomy":"product_cat","embeddable":true,"href":"https:\/\/beautysba.co.uk\/lt\/wp-json\/wp\/v2\/product_cat?post=13017"},{"taxonomy":"product_tag","embeddable":true,"href":"https:\/\/beautysba.co.uk\/lt\/wp-json\/wp\/v2\/product_tag?post=13017"}],"curies":[{"name":"wp","href":"https:\/\/api.w.org\/{rel}","templated":true}]}}