{"id":13029,"date":"2024-04-23T10:03:38","date_gmt":"2024-04-23T10:03:38","guid":{"rendered":"https:\/\/beautysba.co.uk\/product\/b12-vitamin-%d0%ba%d0%b0%d0%bf%d1%81%d1%83%d0%bb%d1%8b-n60-phytopharma\/"},"modified":"2026-04-24T09:47:01","modified_gmt":"2026-04-24T09:47:01","slug":"b12-vitamin-%d0%ba%d0%b0%d0%bf%d1%81%d1%83%d0%bb%d1%8b-n60-phytopharma","status":"publish","type":"product","link":"https:\/\/beautysba.co.uk\/lt\/produktas\/b12-vitamin-%d0%ba%d0%b0%d0%bf%d1%81%d1%83%d0%bb%d1%8b-n60-phytopharma\/","title":{"rendered":"B12 vitamin\u0173 kapsul\u0117s n60 &#8211; phytopharma"},"content":{"rendered":"<p>Vaisto vitamino B12 vartojimo indikacijos:<br \/>\nL\u0117tin\u0117 anemija, kai tr\u016bksta vitamino B12 (Adisono-Birmerio liga, alimentin\u0117 makrocitin\u0117 anemija), kaip kompleksinio anemij\u0173 (\u012fskaitant gele\u017eies tr\u016bkumo, pohemoragin\u0119, aplastin\u0119, toksini\u0173 med\u017eiag\u0173 ir (arba) vaist\u0173 sukelt\u0105 anemij\u0105) gydymo dalis. L\u0117tinis hepatitas, kepen\u0173 ciroz\u0117, kepen\u0173 nepakankamumas. Alkoholizmas, ilgalaikis kar\u0161\u010diavimas. Polineuritas, i\u0161ialgija, neuralgija (\u012fskaitant tri\u0161akio nervo neuralgij\u0105), hipotrofija, funikulin\u0117 mieloz\u0117, periferini\u0173 nerv\u0173 pa\u017eeidimai, \u0161onin\u0117 amiotrofin\u0117 skleroz\u0117, cerebrinis paraly\u017eius, Dauno liga. Odos ligos (psoriaz\u0117, fotodermatoz\u0117, herpetinis dermatitas, atopinis dermatitas). Profilakti\u0161kai &#8211; skiriant biguanid\u0173, PASK, dideli\u0173 dozi\u0173 askorbo r\u016bg\u0161ties, skrand\u017eio ir \u017earnyno patologij\u0105, kai sutrinka vitamino B12 absorbcija (skrand\u017eio dalies, plonosios \u017earnos rezekcija, Krono liga, celiakija, malabsorbcijos sindromas, sprue), kasos ir \u017earnyno piktybinius navikus, spindulin\u0119 lig\u0105. Stresas ir infekcija (ilgalaik\u0117), dieta, inkst\u0173 patologija.<\/p>\n","protected":false},"excerpt":{"rendered":"<p>Vaisto vitamino B12 vartojimo indikacijos: L\u0117tin\u0117 anemija, kai tr\u016bksta vitamino B12 (Adisono-Birmerio liga, alimentin\u0117 makrocitin\u0117 anemija), kaip kompleksinio anemij\u0173 (\u012fskaitant gele\u017eies tr\u016bkumo, pohemoragin\u0119, aplastin\u0119, toksini\u0173 med\u017eiag\u0173 ir (arba) vaist\u0173 sukelt\u0105 anemij\u0105) gydymo dalis. L\u0117tinis hepatitas, kepen\u0173 ciroz\u0117, kepen\u0173 nepakankamumas. Alkoholizmas, ilgalaikis kar\u0161\u010diavimas. Polineuritas, i\u0161ialgija, neuralgija (\u012fskaitant tri\u0161akio nervo neuralgij\u0105), hipotrofija, funikulin\u0117 mieloz\u0117, periferini\u0173 nerv\u0173 pa\u017eeidimai, [&hellip;]<\/p>\n","protected":false},"featured_media":13027,"comment_status":"open","ping_status":"closed","template":"","meta":[],"product_brand":[],"product_cat":[217,220],"product_tag":[],"class_list":{"0":"post-13029","1":"product","2":"type-product","3":"status-publish","4":"has-post-thumbnail","6":"product_cat-sveikatos-prieziura","7":"product_cat-zarnyno-sveikata","9":"first","10":"instock","11":"shipping-taxable","12":"purchasable","13":"product-type-simple"},"_links":{"self":[{"href":"https:\/\/beautysba.co.uk\/lt\/wp-json\/wp\/v2\/product\/13029","targetHints":{"allow":["GET"]}}],"collection":[{"href":"https:\/\/beautysba.co.uk\/lt\/wp-json\/wp\/v2\/product"}],"about":[{"href":"https:\/\/beautysba.co.uk\/lt\/wp-json\/wp\/v2\/types\/product"}],"replies":[{"embeddable":true,"href":"https:\/\/beautysba.co.uk\/lt\/wp-json\/wp\/v2\/comments?post=13029"}],"wp:featuredmedia":[{"embeddable":true,"href":"https:\/\/beautysba.co.uk\/lt\/wp-json\/wp\/v2\/media\/13027"}],"wp:attachment":[{"href":"https:\/\/beautysba.co.uk\/lt\/wp-json\/wp\/v2\/media?parent=13029"}],"wp:term":[{"taxonomy":"product_brand","embeddable":true,"href":"https:\/\/beautysba.co.uk\/lt\/wp-json\/wp\/v2\/product_brand?post=13029"},{"taxonomy":"product_cat","embeddable":true,"href":"https:\/\/beautysba.co.uk\/lt\/wp-json\/wp\/v2\/product_cat?post=13029"},{"taxonomy":"product_tag","embeddable":true,"href":"https:\/\/beautysba.co.uk\/lt\/wp-json\/wp\/v2\/product_tag?post=13029"}],"curies":[{"name":"wp","href":"https:\/\/api.w.org\/{rel}","templated":true}]}}