{"id":13065,"date":"2024-04-23T10:14:45","date_gmt":"2024-04-23T10:14:45","guid":{"rendered":"https:\/\/beautysba.co.uk\/product\/%d0%be%d0%bf%d0%be%d0%bb%d0%b0%d1%81%d0%ba%d0%b8%d0%b2%d0%b0%d1%82%d0%b5%d0%bb%d1%8c-%d0%b4%d0%bb%d1%8f-%d0%b4%d0%b5%d1%81%d0%b5%d0%bd-%d0%bb%d0%b5%d1%81%d0%bd%d0%be%d0%b9-%d0%b1%d0%b0%d0%bb%d1%8c\/"},"modified":"2026-04-24T09:46:52","modified_gmt":"2026-04-24T09:46:52","slug":"%d0%be%d0%bf%d0%be%d0%bb%d0%b0%d1%81%d0%ba%d0%b8%d0%b2%d0%b0%d1%82%d0%b5%d0%bb%d1%8c-%d0%b4%d0%bb%d1%8f-%d0%b4%d0%b5%d1%81%d0%b5%d0%bd-%d0%bb%d0%b5%d1%81%d0%bd%d0%be%d0%b9-%d0%b1%d0%b0%d0%bb%d1%8c","status":"publish","type":"product","link":"https:\/\/beautysba.co.uk\/lt\/produktas\/%d0%be%d0%bf%d0%be%d0%bb%d0%b0%d1%81%d0%ba%d0%b8%d0%b2%d0%b0%d1%82%d0%b5%d0%bb%d1%8c-%d0%b4%d0%bb%d1%8f-%d0%b4%d0%b5%d1%81%d0%b5%d0%bd-%d0%bb%d0%b5%d1%81%d0%bd%d0%be%d0%b9-%d0%b1%d0%b0%d0%bb%d1%8c\/","title":{"rendered":"Gumos skalavimo skystis mi\u0161ko balzamas \u0105\u017euolo \u017eiev\u0117 ir egl\u0117 500 ml"},"content":{"rendered":"<p>&#8220;Forest Balm&#8221; kasdienio burnos skalavimo skys\u010dio sud\u0117tyje yra 5 vaistini\u0173 \u017eoleli\u0173 derinys su \u0105\u017euolo \u017eiev\u0117s ir pu\u0161\u0173 spygli\u0173 ekstraktais.<\/p>\n<p>\u0104\u017euolo \u017eiev\u0117s ekstraktas pasi\u017eymi stiptiko poveikiu.<br \/>\nPu\u0161\u0173 spygli\u0173 ekstraktas d\u0117l savo antibakterinio poveikio neleid\u017eia burnos ertm\u0117je vystytis patogenin\u0117ms bakterijoms.<br \/>\n5 vaistini\u0173 augal\u0173 (ramun\u0117li\u0173, krauja\u017eoli\u0173, jona\u017eoli\u0173, jona\u017eoli\u0173, gyslo\u010di\u0173 ir dilg\u0117li\u0173) nuoviras stiprina dantenas ir suteikia papildom\u0105 profilaktin\u0119 apsaug\u0105.<br \/>\nTaikymas<\/p>\n<p>Pripildykite skalavimo skys\u010dio dangtel\u012f iki 1\/3 ir 30 sekund\u017ei\u0173 kruop\u0161\u010diai skalaukite burn\u0105. Naudokite kasdien 1-3 kartus per dien\u0105 po valgio ir valydami dantis.<\/p>\n<p>Sud\u0117tis<\/p>\n<p>Vanduo, glicerinas, PEG-40 hidrintas ricinos aliejus, Quercus Alba \u017eiev\u0117s ekstraktas, Abies Sibirica lap\u0173 ekstraktas, Aloe Barbadensis lap\u0173 sultys, Urtica Dioica (dilg\u0117li\u0173) lap\u0173 milteliai, Chamomilla Recutita (Matricaria) \u017eied\u0173 ekstraktas, Achillea Millefolium ekstraktas, Hypericum Perforatum \u017eied\u0173\/lap\u0173\/\u0161akn\u0173 ekstraktas, Chelidonium Majus ekstraktas, natrio fluoridas, cetilpiridinio chloridas, aromatas, citrin\u0173 r\u016bg\u0161tis, dinatrio EDTA, fenoksietanolis, PVM\/MA kopolimeras, natrio benzoatas, natrio hidroksidas, natrio sacharinas, natrio sulfitas, benzilo alkoholis, eugenolis, limonenas, CI 19140, CI 42090.<\/p>\n","protected":false},"excerpt":{"rendered":"<p>&#8220;Forest Balm&#8221; kasdienio burnos skalavimo skys\u010dio sud\u0117tyje yra 5 vaistini\u0173 \u017eoleli\u0173 derinys su \u0105\u017euolo \u017eiev\u0117s ir pu\u0161\u0173 spygli\u0173 ekstraktais. \u0104\u017euolo \u017eiev\u0117s ekstraktas pasi\u017eymi stiptiko poveikiu. Pu\u0161\u0173 spygli\u0173 ekstraktas d\u0117l savo antibakterinio poveikio neleid\u017eia burnos ertm\u0117je vystytis patogenin\u0117ms bakterijoms. 5 vaistini\u0173 augal\u0173 (ramun\u0117li\u0173, krauja\u017eoli\u0173, jona\u017eoli\u0173, jona\u017eoli\u0173, gyslo\u010di\u0173 ir dilg\u0117li\u0173) nuoviras stiprina dantenas ir suteikia papildom\u0105 profilaktin\u0119 [&hellip;]<\/p>\n","protected":false},"featured_media":13063,"comment_status":"open","ping_status":"closed","template":"","meta":[],"product_brand":[],"product_cat":[189,191],"product_tag":[],"class_list":{"0":"post-13065","1":"product","2":"type-product","3":"status-publish","4":"has-post-thumbnail","6":"product_cat-dantu-prieziura","7":"product_cat-tualeto-reikmenys","9":"first","10":"instock","11":"shipping-taxable","12":"purchasable","13":"product-type-simple"},"_links":{"self":[{"href":"https:\/\/beautysba.co.uk\/lt\/wp-json\/wp\/v2\/product\/13065","targetHints":{"allow":["GET"]}}],"collection":[{"href":"https:\/\/beautysba.co.uk\/lt\/wp-json\/wp\/v2\/product"}],"about":[{"href":"https:\/\/beautysba.co.uk\/lt\/wp-json\/wp\/v2\/types\/product"}],"replies":[{"embeddable":true,"href":"https:\/\/beautysba.co.uk\/lt\/wp-json\/wp\/v2\/comments?post=13065"}],"wp:featuredmedia":[{"embeddable":true,"href":"https:\/\/beautysba.co.uk\/lt\/wp-json\/wp\/v2\/media\/13063"}],"wp:attachment":[{"href":"https:\/\/beautysba.co.uk\/lt\/wp-json\/wp\/v2\/media?parent=13065"}],"wp:term":[{"taxonomy":"product_brand","embeddable":true,"href":"https:\/\/beautysba.co.uk\/lt\/wp-json\/wp\/v2\/product_brand?post=13065"},{"taxonomy":"product_cat","embeddable":true,"href":"https:\/\/beautysba.co.uk\/lt\/wp-json\/wp\/v2\/product_cat?post=13065"},{"taxonomy":"product_tag","embeddable":true,"href":"https:\/\/beautysba.co.uk\/lt\/wp-json\/wp\/v2\/product_tag?post=13065"}],"curies":[{"name":"wp","href":"https:\/\/api.w.org\/{rel}","templated":true}]}}