{"id":13071,"date":"2024-04-23T10:16:13","date_gmt":"2024-04-23T10:16:13","guid":{"rendered":"https:\/\/beautysba.co.uk\/product\/%d0%be%d0%bf%d0%be%d0%bb%d0%b0%d1%81%d0%ba%d0%b8%d0%b2%d0%b0%d1%82%d0%b5%d0%bb%d1%8c-%d0%b4%d0%bb%d1%8f-%d0%b4%d0%b5%d1%81%d0%b5%d0%bd-%d0%bb%d0%b5%d1%81%d0%bd%d0%be%d0%b9-%d0%b1%d0%b0%d0%bb%d1%8c-2\/"},"modified":"2024-05-07T09:35:29","modified_gmt":"2024-05-07T09:35:29","slug":"%d0%be%d0%bf%d0%be%d0%bb%d0%b0%d1%81%d0%ba%d0%b8%d0%b2%d0%b0%d1%82%d0%b5%d0%bb%d1%8c-%d0%b4%d0%bb%d1%8f-%d0%b4%d0%b5%d1%81%d0%b5%d0%bd-%d0%bb%d0%b5%d1%81%d0%bd%d0%be%d0%b9-%d0%b1%d0%b0%d0%bb%d1%8c-2","status":"publish","type":"product","link":"https:\/\/beautysba.co.uk\/lt\/produktas\/%d0%be%d0%bf%d0%be%d0%bb%d0%b0%d1%81%d0%ba%d0%b8%d0%b2%d0%b0%d1%82%d0%b5%d0%bb%d1%8c-%d0%b4%d0%bb%d1%8f-%d0%b4%d0%b5%d1%81%d0%b5%d0%bd-%d0%bb%d0%b5%d1%81%d0%bd%d0%be%d0%b9-%d0%b1%d0%b0%d0%bb%d1%8c-2\/","title":{"rendered":"Gumos skalavimo mi\u0161ko balzamas pu\u0161ies rie\u0161utai ir \u0161alavijas 400 ml"},"content":{"rendered":"<p>&#8220;Forest Balm&#8221; danten\u0173 ir dant\u0173 skalavimo skys\u010dio pagrind\u0105 sudaro 5 gydom\u0173j\u0173 vaista\u017eoli\u0173 rinkinys kartu su \u0161alavij\u0173 ir alavij\u0173 ekstraktais.<\/p>\n<p>\u0160alavijo ekstraktas padeda mal\u0161inti danten\u0173 u\u017edegim\u0105, d\u0117l antibakterinio poveikio neleid\u017eia burnos ertm\u0117je vystytis patogenin\u0117ms bakterijoms.<br \/>\nPu\u0161\u0173 rie\u0161ut\u0173 aliejus padeda ma\u017einti dirginim\u0105, nie\u017eul\u012f ir stiprina danten\u0173 audinius<br \/>\n5 gydom\u0173j\u0173 \u017eoleli\u0173 &#8211; ramun\u0117li\u0173, krauja\u017eoli\u0173, jona\u017eoli\u0173, jona\u017eoli\u0173, gyslo\u010di\u0173 ir dilg\u0117li\u0173 &#8211; nuoviras stiprina dantenas, suteikia papildom\u0105 profilaktin\u0119 apsaug\u0105.<br \/>\nTaikymas<\/p>\n<p>U\u017epildykite dangtel\u012f iki 1\/3 burnos skalavimo skys\u010dio ir 30 sekund\u017ei\u0173 kruop\u0161\u010diai skalaukite. Naudokite kasdien 1-3 kartus per dien\u0105 po valgio ir dant\u0173 valymo<\/p>\n<p>Sud\u0117tis<\/p>\n<p>Vanduo, glicerinas, PEG-40 hidrintas ricinos aliejus, Sibirini\u0173 pu\u0161\u0173 s\u0117kl\u0173 aliejus, vaistinio \u0161alavijo (Salvia Officinalis) lap\u0173 ekstraktas, Sibirin\u0117s egl\u0117s (Abies Sibirica) lap\u0173 ekstraktas, alavijo (Aloe Barbadensis) lap\u0173 sultys, dilg\u0117li\u0173 (Urtica Dioica) lap\u0173 milteliai, vaistin\u0117s ramun\u0117l\u0117s (Chamomilla Recutita) \u017eied\u0173 ekstraktas, vaistin\u0117s \u017eemuog\u0117s (Achillea Millefolium) ekstraktas, Hypericum Perforatum \u017eied\u0173, lap\u0173 ir stieb\u0173 ekstraktas, Chelidonium Majus ekstraktas, natrio fluoridas, aromatas, cetilpiridinio chloridas, citrinos r\u016bg\u0161tis, dinatrio EDTA, fenoksietanolis, PVM\/MA kopolimeras, natrio benzoatas, natrio hidroksidas, natrio sacharinas, natrio sulfitas, benzilo alkoholis, eugenolis, limonenas, linalolis, CI 19140, CI 42090.<\/p>\n","protected":false},"excerpt":{"rendered":"<p>&#8220;Forest Balm&#8221; danten\u0173 ir dant\u0173 skalavimo skys\u010dio pagrind\u0105 sudaro 5 gydom\u0173j\u0173 vaista\u017eoli\u0173 rinkinys kartu su \u0161alavij\u0173 ir alavij\u0173 ekstraktais. \u0160alavijo ekstraktas padeda mal\u0161inti danten\u0173 u\u017edegim\u0105, d\u0117l antibakterinio poveikio neleid\u017eia burnos ertm\u0117je vystytis patogenin\u0117ms bakterijoms. Pu\u0161\u0173 rie\u0161ut\u0173 aliejus padeda ma\u017einti dirginim\u0105, nie\u017eul\u012f ir stiprina danten\u0173 audinius 5 gydom\u0173j\u0173 \u017eoleli\u0173 &#8211; ramun\u0117li\u0173, krauja\u017eoli\u0173, jona\u017eoli\u0173, jona\u017eoli\u0173, gyslo\u010di\u0173 ir [&hellip;]<\/p>\n","protected":false},"featured_media":13069,"comment_status":"open","ping_status":"closed","template":"","meta":[],"product_brand":[],"product_cat":[189,191],"product_tag":[],"class_list":{"0":"post-13071","1":"product","2":"type-product","3":"status-publish","4":"has-post-thumbnail","6":"product_cat-dantu-prieziura","7":"product_cat-tualeto-reikmenys","9":"first","10":"instock","11":"shipping-taxable","12":"purchasable","13":"product-type-simple"},"_links":{"self":[{"href":"https:\/\/beautysba.co.uk\/lt\/wp-json\/wp\/v2\/product\/13071","targetHints":{"allow":["GET"]}}],"collection":[{"href":"https:\/\/beautysba.co.uk\/lt\/wp-json\/wp\/v2\/product"}],"about":[{"href":"https:\/\/beautysba.co.uk\/lt\/wp-json\/wp\/v2\/types\/product"}],"replies":[{"embeddable":true,"href":"https:\/\/beautysba.co.uk\/lt\/wp-json\/wp\/v2\/comments?post=13071"}],"wp:featuredmedia":[{"embeddable":true,"href":"https:\/\/beautysba.co.uk\/lt\/wp-json\/wp\/v2\/media\/13069"}],"wp:attachment":[{"href":"https:\/\/beautysba.co.uk\/lt\/wp-json\/wp\/v2\/media?parent=13071"}],"wp:term":[{"taxonomy":"product_brand","embeddable":true,"href":"https:\/\/beautysba.co.uk\/lt\/wp-json\/wp\/v2\/product_brand?post=13071"},{"taxonomy":"product_cat","embeddable":true,"href":"https:\/\/beautysba.co.uk\/lt\/wp-json\/wp\/v2\/product_cat?post=13071"},{"taxonomy":"product_tag","embeddable":true,"href":"https:\/\/beautysba.co.uk\/lt\/wp-json\/wp\/v2\/product_tag?post=13071"}],"curies":[{"name":"wp","href":"https:\/\/api.w.org\/{rel}","templated":true}]}}