{"id":13077,"date":"2024-04-23T10:19:04","date_gmt":"2024-04-23T10:19:04","guid":{"rendered":"https:\/\/beautysba.co.uk\/product\/%d1%81%d0%bf%d0%b8%d1%80%d1%83%d0%bb%d0%b8%d0%bd%d0%b0-%d1%82%d0%b0%d0%b1%d0%bb%d0%b5%d1%82%d0%ba%d0%b8-n300-150g\/"},"modified":"2024-05-07T09:35:26","modified_gmt":"2024-05-07T09:35:26","slug":"%d1%81%d0%bf%d0%b8%d1%80%d1%83%d0%bb%d0%b8%d0%bd%d0%b0-%d1%82%d0%b0%d0%b1%d0%bb%d0%b5%d1%82%d0%ba%d0%b8-n300-150g","status":"publish","type":"product","link":"https:\/\/beautysba.co.uk\/lt\/produktas\/%d1%81%d0%bf%d0%b8%d1%80%d1%83%d0%bb%d0%b8%d0%bd%d0%b0-%d1%82%d0%b0%d0%b1%d0%bb%d0%b5%d1%82%d0%ba%d0%b8-n300-150g\/","title":{"rendered":"Spirulina tablet\u0117s n300 150g"},"content":{"rendered":"<p>ORGANIC Herbals spirulina 120g (300 table\u010di\u0173).<br \/>\nSPIRULINA Spirulina platensis<\/p>\n<p>\u0160ie unikal\u016bs dumbliai padeda normalizuoti svor\u012f, kraujosp\u016bd\u012f ir stiprinti imunin\u0119 sistem\u0105.<\/p>\n<p>Spirulina &#8211; tai mikrodumbliai, kurie \u017dem\u0117je egzistuoja jau daugiau kaip 500 milijon\u0173 met\u0173. met\u0173. Jame yra galingas \u017emogaus organizmui verting\u0173 med\u017eiag\u0173 derinys, visos nepakei\u010diamosios aminor\u016bg\u0161tys ir vertingas mineral\u0173 \u0161altinis. Normalizuoja \u017earnyno mikroflor\u0105, pasi\u017eymi antimikrobiniu poveikiu, padeda ma\u017einti kraujosp\u016bd\u012f, ma\u017eina lipid\u0173 ir cholesterolio kiek\u012f, atkuria cholinesteraz\u0117s aktyvum\u0105. M\u0117lynai \u017ealia spalva rodo didel\u012f chlorofilo, kuris dalyvauja raudon\u0173j\u0173 kraujo k\u016bneli\u0173 susidaryme ir praturtina krauj\u0105 deguonimi, kiek\u012f.<\/p>\n<p>Spirulina padeda stiprinti imunin\u0119 sistem\u0105 ir yra gausus baltym\u0173 \u0161altinis.<\/p>\n<p>Spirulinoje yra iki 70 % baltym\u0173, \u012f \u0161\u012f skai\u010di\u0173 taip pat \u012feina visos nepakei\u010diamosios aminor\u016bg\u0161tys. Spirulina yra stiprus antioksidantas, kurio sud\u0117tyje gausu vitamin\u0173 A, B1, B2, B6 ir K.<\/p>\n<p>Spirulinoje yra 50 kart\u0173 daugiau gele\u017eies nei \u0161pinatuose, 25 kartus daugiau kalcio nei piene ir 6 kartus daugiau baltym\u0173 nei kiau\u0161iniuose. Spirulina padeda stiprinti \u017emogaus imunitet\u0105 ir gerina med\u017eiag\u0173 apykait\u0105. Jame yra daug vitamin\u0173, magnio, cinko, vario, kalcio, molibdeno, fosforo, seleno, mangano ir gele\u017eies. Tarp kit\u0173 nauding\u0173 element\u0173, kuri\u0173 yra spirulinoje ir kurie padeda numesti svorio, verta pamin\u0117ti polineso\u010di\u0105sias riebal\u0173 r\u016bg\u0161tis, tokias kaip linolo, orachidono, linolino. \u0160ios r\u016bg\u0161tys tiesiogiai dalyvauja reguliuojant riebal\u0173 apykait\u0105. Pirmiausia reguliuojama cholesterolio ir triglicerid\u0173 apykaita. Spirulina Spirulina yra puikus maistini\u0173 skaidul\u0173 \u0161altinis, padedantis i\u0161 \u017emogaus organizmo pa\u0161alinti riebal\u0173 pertekli\u0173, \u012fvairius toksinus ir skilimo produktus.<\/p>\n<p>Sudedamosios dalys: Spirulina mikrodumbli\u0173 milteliai 98,5 %, silicio dioksidas, magnio stearatas.<\/p>\n<p>Kaip vartoti: rekomenduojama vartoti 5-10 table\u010di\u0173. per dien\u0105 prie\u0161 valg\u012f arba valgio metu, u\u017egeriant pakankamu kiekiu skys\u010dio.<\/p>\n<p>Pakuot\u0117: 120 g (300 tab)<\/p>\n","protected":false},"excerpt":{"rendered":"<p>ORGANIC Herbals spirulina 120g (300 table\u010di\u0173). SPIRULINA Spirulina platensis \u0160ie unikal\u016bs dumbliai padeda normalizuoti svor\u012f, kraujosp\u016bd\u012f ir stiprinti imunin\u0119 sistem\u0105. Spirulina &#8211; tai mikrodumbliai, kurie \u017dem\u0117je egzistuoja jau daugiau kaip 500 milijon\u0173 met\u0173. met\u0173. Jame yra galingas \u017emogaus organizmui verting\u0173 med\u017eiag\u0173 derinys, visos nepakei\u010diamosios aminor\u016bg\u0161tys ir vertingas mineral\u0173 \u0161altinis. Normalizuoja \u017earnyno mikroflor\u0105, pasi\u017eymi antimikrobiniu poveikiu, [&hellip;]<\/p>\n","protected":false},"featured_media":13075,"comment_status":"open","ping_status":"closed","template":"","meta":[],"product_brand":[],"product_cat":[217,220],"product_tag":[],"class_list":{"0":"post-13077","1":"product","2":"type-product","3":"status-publish","4":"has-post-thumbnail","6":"product_cat-sveikatos-prieziura","7":"product_cat-zarnyno-sveikata","9":"first","10":"instock","11":"shipping-taxable","12":"purchasable","13":"product-type-simple"},"_links":{"self":[{"href":"https:\/\/beautysba.co.uk\/lt\/wp-json\/wp\/v2\/product\/13077","targetHints":{"allow":["GET"]}}],"collection":[{"href":"https:\/\/beautysba.co.uk\/lt\/wp-json\/wp\/v2\/product"}],"about":[{"href":"https:\/\/beautysba.co.uk\/lt\/wp-json\/wp\/v2\/types\/product"}],"replies":[{"embeddable":true,"href":"https:\/\/beautysba.co.uk\/lt\/wp-json\/wp\/v2\/comments?post=13077"}],"wp:featuredmedia":[{"embeddable":true,"href":"https:\/\/beautysba.co.uk\/lt\/wp-json\/wp\/v2\/media\/13075"}],"wp:attachment":[{"href":"https:\/\/beautysba.co.uk\/lt\/wp-json\/wp\/v2\/media?parent=13077"}],"wp:term":[{"taxonomy":"product_brand","embeddable":true,"href":"https:\/\/beautysba.co.uk\/lt\/wp-json\/wp\/v2\/product_brand?post=13077"},{"taxonomy":"product_cat","embeddable":true,"href":"https:\/\/beautysba.co.uk\/lt\/wp-json\/wp\/v2\/product_cat?post=13077"},{"taxonomy":"product_tag","embeddable":true,"href":"https:\/\/beautysba.co.uk\/lt\/wp-json\/wp\/v2\/product_tag?post=13077"}],"curies":[{"name":"wp","href":"https:\/\/api.w.org\/{rel}","templated":true}]}}