{"id":13110,"date":"2024-04-23T10:25:49","date_gmt":"2024-04-23T10:25:49","guid":{"rendered":"https:\/\/beautysba.co.uk\/product\/modum-klassika-%d1%88%d0%b0%d0%bc%d0%bf%d1%83%d0%bd%d1%8c-%d0%bf%d0%b8%d0%b2%d0%bd%d1%8b%d0%b5-%d0%b4%d1%80%d0%be%d0%b6%d0%b6%d0%b8-550-%d0%bc%d0%bb\/"},"modified":"2024-05-07T09:37:40","modified_gmt":"2024-05-07T09:37:40","slug":"modum-klassika-%d1%88%d0%b0%d0%bc%d0%bf%d1%83%d0%bd%d1%8c-%d0%bf%d0%b8%d0%b2%d0%bd%d1%8b%d0%b5-%d0%b4%d1%80%d0%be%d0%b6%d0%b6%d0%b8-550-%d0%bc%d0%bb","status":"publish","type":"product","link":"https:\/\/beautysba.co.uk\/lt\/produktas\/modum-klassika-%d1%88%d0%b0%d0%bc%d0%bf%d1%83%d0%bd%d1%8c-%d0%bf%d0%b8%d0%b2%d0%bd%d1%8b%d0%b5-%d0%b4%d1%80%d0%be%d0%b6%d0%b6%d0%b8-550-%d0%bc%d0%bb\/","title":{"rendered":"Modum Klassika alaus mieli\u0173 \u0161amp\u016bnas, 550 ml"},"content":{"rendered":"<p>Nor\u0117dami sustiprinti plaukus, suteikti jiems apimties ir sodrios spalvos, neapsieisite be B grup\u0117s vitamin\u0173, kuri\u0173 gausu alaus miel\u0117se. Alaus miel\u0117s padeda nuo plauk\u0173 slinkimo, sul\u0117t\u0117jusio augimo, trapumo ir elastingumo praradimo. Jie da\u017enai naudojami liaudi\u0161kose priemon\u0117se nuo pleiskan\u0173. Aktyv\u016bs mieli\u0173 fermentai padeda atkurti pa\u017eeist\u0105 plauk\u0173 strukt\u016br\u0105. Tod\u0117l plaukai atgauna nat\u016brali\u0105 apimt\u012f, blizges\u012f, stiprum\u0105 ir gro\u017e\u012f.<\/p>\n","protected":false},"excerpt":{"rendered":"<p>Nor\u0117dami sustiprinti plaukus, suteikti jiems apimties ir sodrios spalvos, neapsieisite be B grup\u0117s vitamin\u0173, kuri\u0173 gausu alaus miel\u0117se. Alaus miel\u0117s padeda nuo plauk\u0173 slinkimo, sul\u0117t\u0117jusio augimo, trapumo ir elastingumo praradimo. Jie da\u017enai naudojami liaudi\u0161kose priemon\u0117se nuo pleiskan\u0173. Aktyv\u016bs mieli\u0173 fermentai padeda atkurti pa\u017eeist\u0105 plauk\u0173 strukt\u016br\u0105. Tod\u0117l plaukai atgauna nat\u016brali\u0105 apimt\u012f, blizges\u012f, stiprum\u0105 ir gro\u017e\u012f.<\/p>\n","protected":false},"featured_media":13108,"comment_status":"open","ping_status":"closed","template":"","meta":[],"product_brand":[],"product_cat":[211,216],"product_tag":[],"class_list":{"0":"post-13110","1":"product","2":"type-product","3":"status-publish","4":"has-post-thumbnail","6":"product_cat-hair-lt","7":"product_cat-sampunai","9":"first","10":"outofstock","11":"shipping-taxable","12":"purchasable","13":"product-type-simple"},"_links":{"self":[{"href":"https:\/\/beautysba.co.uk\/lt\/wp-json\/wp\/v2\/product\/13110","targetHints":{"allow":["GET"]}}],"collection":[{"href":"https:\/\/beautysba.co.uk\/lt\/wp-json\/wp\/v2\/product"}],"about":[{"href":"https:\/\/beautysba.co.uk\/lt\/wp-json\/wp\/v2\/types\/product"}],"replies":[{"embeddable":true,"href":"https:\/\/beautysba.co.uk\/lt\/wp-json\/wp\/v2\/comments?post=13110"}],"wp:featuredmedia":[{"embeddable":true,"href":"https:\/\/beautysba.co.uk\/lt\/wp-json\/wp\/v2\/media\/13108"}],"wp:attachment":[{"href":"https:\/\/beautysba.co.uk\/lt\/wp-json\/wp\/v2\/media?parent=13110"}],"wp:term":[{"taxonomy":"product_brand","embeddable":true,"href":"https:\/\/beautysba.co.uk\/lt\/wp-json\/wp\/v2\/product_brand?post=13110"},{"taxonomy":"product_cat","embeddable":true,"href":"https:\/\/beautysba.co.uk\/lt\/wp-json\/wp\/v2\/product_cat?post=13110"},{"taxonomy":"product_tag","embeddable":true,"href":"https:\/\/beautysba.co.uk\/lt\/wp-json\/wp\/v2\/product_tag?post=13110"}],"curies":[{"name":"wp","href":"https:\/\/api.w.org\/{rel}","templated":true}]}}