{"id":13116,"date":"2024-04-23T10:26:55","date_gmt":"2024-04-23T10:26:55","guid":{"rendered":"https:\/\/beautysba.co.uk\/product\/%d1%8f%d0%bd%d1%82%d0%b0%d1%80%d0%bd%d0%b0%d1%8f-%d0%ba%d0%b8%d1%81%d0%bb%d0%be%d1%82%d0%b0-%d0%b8%d0%bc%d0%bc%d1%83%d0%bd%d0%be-%d1%82%d0%b0%d0%b1%d0%bb%d0%b5%d1%82%d0%ba%d0%b8-50-%d1%88%d1%82\/"},"modified":"2024-05-07T09:37:22","modified_gmt":"2024-05-07T09:37:22","slug":"%d1%8f%d0%bd%d1%82%d0%b0%d1%80%d0%bd%d0%b0%d1%8f-%d0%ba%d0%b8%d1%81%d0%bb%d0%be%d1%82%d0%b0-%d0%b8%d0%bc%d0%bc%d1%83%d0%bd%d0%be-%d1%82%d0%b0%d0%b1%d0%bb%d0%b5%d1%82%d0%ba%d0%b8-50-%d1%88%d1%82","status":"publish","type":"product","link":"https:\/\/beautysba.co.uk\/lt\/produktas\/%d1%8f%d0%bd%d1%82%d0%b0%d1%80%d0%bd%d0%b0%d1%8f-%d0%ba%d0%b8%d1%81%d0%bb%d0%be%d1%82%d0%b0-%d0%b8%d0%bc%d0%bc%d1%83%d0%bd%d0%be-%d1%82%d0%b0%d0%b1%d0%bb%d0%b5%d1%82%d0%ba%d0%b8-50-%d1%88%d1%82\/","title":{"rendered":"Gintaro r\u016bg\u0161ties &#8220;imuno&#8221; tablet\u0117s 50 vnt. &#8211; \u016bkio grup\u0117"},"content":{"rendered":"<p>Rekomenduojamas kaip gintaro r\u016bg\u0161ties \u0161altinis. Galingas antioksidantas, kuris l\u0117tina sen\u0117jimo procesus, skatina med\u017eiag\u0173 apykait\u0105 ir palaiko imunitet\u0105.<\/p>\n<p>Sud\u0117tis<\/p>\n<p>Gliukoz\u0117, gintaro r\u016bg\u0161tis, stearino r\u016bg\u0161ties kalcio druska (lipnum\u0105 ma\u017einanti med\u017eiaga).<\/p>\n<p>Taikymo b\u016bdas<\/p>\n<p>Suaugusiesiems &#8211; po 1 tablet\u0119 3 kartus per dien\u0105 valgio metu. Kurs\u0173 trukm\u0117 &#8211; 1 m\u0117nuo.<\/p>\n<p>Kontraindikacijos<\/p>\n<p>Padid\u0117j\u0119s jautrumas sudedamosioms dalims, n\u0117\u0161tumas, \u017eindymas.<\/p>\n<p>Prie\u0161 naudodami pasitarkite su gydytoju.<\/p>\n<p>Emisijos forma<\/p>\n<p>50 table\u010di\u0173 po 500 mg.<\/p>\n<p>Laikymo s\u0105lygos<\/p>\n<p>Laikyti sausoje, apsaugotoje nuo tiesiogini\u0173 saul\u0117s spinduli\u0173 ir vaikams nepasiekiamoje vietoje, ne auk\u0161tesn\u0117je kaip 25 \u00b0C temperat\u016broje.<\/p>\n","protected":false},"excerpt":{"rendered":"<p>Rekomenduojamas kaip gintaro r\u016bg\u0161ties \u0161altinis. Galingas antioksidantas, kuris l\u0117tina sen\u0117jimo procesus, skatina med\u017eiag\u0173 apykait\u0105 ir palaiko imunitet\u0105. Sud\u0117tis Gliukoz\u0117, gintaro r\u016bg\u0161tis, stearino r\u016bg\u0161ties kalcio druska (lipnum\u0105 ma\u017einanti med\u017eiaga). Taikymo b\u016bdas Suaugusiesiems &#8211; po 1 tablet\u0119 3 kartus per dien\u0105 valgio metu. Kurs\u0173 trukm\u0117 &#8211; 1 m\u0117nuo. Kontraindikacijos Padid\u0117j\u0119s jautrumas sudedamosioms dalims, n\u0117\u0161tumas, \u017eindymas. Prie\u0161 naudodami [&hellip;]<\/p>\n","protected":false},"featured_media":13114,"comment_status":"open","ping_status":"closed","template":"","meta":[],"product_brand":[],"product_cat":[333,217,220],"product_tag":[],"class_list":{"0":"post-13116","1":"product","2":"type-product","3":"status-publish","4":"has-post-thumbnail","6":"product_cat-persalimo-ligoms-ir-psichinei-sveikatai","7":"product_cat-sveikatos-prieziura","8":"product_cat-zarnyno-sveikata","10":"first","11":"outofstock","12":"shipping-taxable","13":"purchasable","14":"product-type-simple"},"_links":{"self":[{"href":"https:\/\/beautysba.co.uk\/lt\/wp-json\/wp\/v2\/product\/13116","targetHints":{"allow":["GET"]}}],"collection":[{"href":"https:\/\/beautysba.co.uk\/lt\/wp-json\/wp\/v2\/product"}],"about":[{"href":"https:\/\/beautysba.co.uk\/lt\/wp-json\/wp\/v2\/types\/product"}],"replies":[{"embeddable":true,"href":"https:\/\/beautysba.co.uk\/lt\/wp-json\/wp\/v2\/comments?post=13116"}],"wp:featuredmedia":[{"embeddable":true,"href":"https:\/\/beautysba.co.uk\/lt\/wp-json\/wp\/v2\/media\/13114"}],"wp:attachment":[{"href":"https:\/\/beautysba.co.uk\/lt\/wp-json\/wp\/v2\/media?parent=13116"}],"wp:term":[{"taxonomy":"product_brand","embeddable":true,"href":"https:\/\/beautysba.co.uk\/lt\/wp-json\/wp\/v2\/product_brand?post=13116"},{"taxonomy":"product_cat","embeddable":true,"href":"https:\/\/beautysba.co.uk\/lt\/wp-json\/wp\/v2\/product_cat?post=13116"},{"taxonomy":"product_tag","embeddable":true,"href":"https:\/\/beautysba.co.uk\/lt\/wp-json\/wp\/v2\/product_tag?post=13116"}],"curies":[{"name":"wp","href":"https:\/\/api.w.org\/{rel}","templated":true}]}}