{"id":13134,"date":"2024-04-23T10:43:11","date_gmt":"2024-04-23T10:43:11","guid":{"rendered":"https:\/\/beautysba.co.uk\/product\/%d0%bb%d0%b5%d0%b2%d0%be%d0%bc%d0%b5%d0%ba%d0%be%d0%bb%d1%8c-%d0%bc%d0%b0%d0%b7%d1%8c-%d0%bf%d0%be-40-%d0%b3\/"},"modified":"2025-11-29T10:37:36","modified_gmt":"2025-11-29T10:37:36","slug":"%d0%bb%d0%b5%d0%b2%d0%be%d0%bc%d0%b5%d0%ba%d0%be%d0%bb%d1%8c-%d0%bc%d0%b0%d0%b7%d1%8c-%d0%bf%d0%be-40-%d0%b3","status":"publish","type":"product","link":"https:\/\/beautysba.co.uk\/lt\/produktas\/%d0%bb%d0%b5%d0%b2%d0%be%d0%bc%d0%b5%d0%ba%d0%be%d0%bb%d1%8c-%d0%bc%d0%b0%d0%b7%d1%8c-%d0%bf%d0%be-40-%d0%b3\/","title":{"rendered":"Levomekol tepalas 40 g"},"content":{"rendered":"<p>Gydomos p\u016bliuojan\u010dios \u017eaizdos (\u012fskaitant u\u017ekr\u0117stas mi\u0161ria mikroflora) pirmojoje \u017eaizdos proceso faz\u0117je, trofin\u0117s opos, pragulos, infekuoti nudegimai, opalig\u0117s, kip\u0161ai, karbunkuliai.<\/p>\n<p>Vartojimo b\u016bdas ir dozavimas<br \/>\nLevomekol tepalas skirtas i\u0161oriniam vartojimui suaugusiesiems ir vyresniems kaip 3 met\u0173 vaikams.<\/p>\n<p>Sterilias marl\u0117s servet\u0117les pamirkykite tepalu ir u\u017etepkite ant \u017eaizdos. \u012e p\u016bliuojan\u010dias ertmes galima \u0161virk\u0161tu \u012f\u0161virk\u0161ti tepalo per kateter\u012f (drenavimo vamzdel\u012f). Tokiais atvejais Levomekol tepalas i\u0161 anksto pa\u0161ildomas iki 35-36 \u00b0C temperat\u016bros.<\/p>\n<p>Tepalas tepamas nuo pirmos su\u017eeidimo dienos 4 dienas. Levomekol Hyperosmolar tepalas nerekomenduojamas vartoti ilg\u0105 laik\u0105, nes nepa\u017eeistoms l\u0105stel\u0117ms gali sukelti osmosin\u012f \u0161ok\u0105. 5-7 gydymo dien\u0105 rekomenduojama tepal\u0105 pakeisti vaistais, kurie atkuria pa\u017eeisto audinio vientisum\u0105.<\/p>\n<p>Vaikai.<\/p>\n<p>Nenaudokite jaunesniems nei 3 met\u0173 vaikams.<\/p>\n","protected":false},"excerpt":{"rendered":"<p>Gydomos p\u016bliuojan\u010dios \u017eaizdos (\u012fskaitant u\u017ekr\u0117stas mi\u0161ria mikroflora) pirmojoje \u017eaizdos proceso faz\u0117je, trofin\u0117s opos, pragulos, infekuoti nudegimai, opalig\u0117s, kip\u0161ai, karbunkuliai. Vartojimo b\u016bdas ir dozavimas Levomekol tepalas skirtas i\u0161oriniam vartojimui suaugusiesiems ir vyresniems kaip 3 met\u0173 vaikams. Sterilias marl\u0117s servet\u0117les pamirkykite tepalu ir u\u017etepkite ant \u017eaizdos. \u012e p\u016bliuojan\u010dias ertmes galima \u0161virk\u0161tu \u012f\u0161virk\u0161ti tepalo per kateter\u012f (drenavimo vamzdel\u012f). [&hellip;]<\/p>\n","protected":false},"featured_media":19016,"comment_status":"open","ping_status":"closed","template":"","meta":[],"product_brand":[],"product_cat":[218,217],"product_tag":[],"class_list":{"0":"post-13134","1":"product","2":"type-product","3":"status-publish","4":"has-post-thumbnail","6":"product_cat-kuno-prieziura","7":"product_cat-sveikatos-prieziura","9":"first","10":"instock","11":"shipping-taxable","12":"purchasable","13":"product-type-simple"},"_links":{"self":[{"href":"https:\/\/beautysba.co.uk\/lt\/wp-json\/wp\/v2\/product\/13134","targetHints":{"allow":["GET"]}}],"collection":[{"href":"https:\/\/beautysba.co.uk\/lt\/wp-json\/wp\/v2\/product"}],"about":[{"href":"https:\/\/beautysba.co.uk\/lt\/wp-json\/wp\/v2\/types\/product"}],"replies":[{"embeddable":true,"href":"https:\/\/beautysba.co.uk\/lt\/wp-json\/wp\/v2\/comments?post=13134"}],"wp:featuredmedia":[{"embeddable":true,"href":"https:\/\/beautysba.co.uk\/lt\/wp-json\/wp\/v2\/media\/19016"}],"wp:attachment":[{"href":"https:\/\/beautysba.co.uk\/lt\/wp-json\/wp\/v2\/media?parent=13134"}],"wp:term":[{"taxonomy":"product_brand","embeddable":true,"href":"https:\/\/beautysba.co.uk\/lt\/wp-json\/wp\/v2\/product_brand?post=13134"},{"taxonomy":"product_cat","embeddable":true,"href":"https:\/\/beautysba.co.uk\/lt\/wp-json\/wp\/v2\/product_cat?post=13134"},{"taxonomy":"product_tag","embeddable":true,"href":"https:\/\/beautysba.co.uk\/lt\/wp-json\/wp\/v2\/product_tag?post=13134"}],"curies":[{"name":"wp","href":"https:\/\/api.w.org\/{rel}","templated":true}]}}