{"id":13152,"date":"2024-04-24T05:49:53","date_gmt":"2024-04-24T05:49:53","guid":{"rendered":"https:\/\/beautysba.co.uk\/product\/%d0%bc%d0%b5%d0%b7%d0%b8%d0%bc-20000-%d1%82%d0%b0%d0%b1%d0%bb%d0%b5%d1%82%d0%ba%d0%b8-n20\/"},"modified":"2024-05-30T20:22:36","modified_gmt":"2024-05-30T20:22:36","slug":"%d0%bc%d0%b5%d0%b7%d0%b8%d0%bc-20000-%d1%82%d0%b0%d0%b1%d0%bb%d0%b5%d1%82%d0%ba%d0%b8-n20","status":"publish","type":"product","link":"https:\/\/beautysba.co.uk\/lt\/produktas\/%d0%bc%d0%b5%d0%b7%d0%b8%d0%bc-20000-%d1%82%d0%b0%d0%b1%d0%bb%d0%b5%d1%82%d0%ba%d0%b8-n20\/","title":{"rendered":"Mezim 20000 table\u010di\u0173 N20"},"content":{"rendered":"<p>Indikacijos<br \/>\nKasos i\u0161orin\u0117s sekrecijos funkcijos nepakankamumas (l\u0117tinis pankreatitas, cistin\u0117 fibroz\u0117 ir kt.);<br \/>\nL\u0117tin\u0117s skrand\u017eio, \u017earnyno, kepen\u0173, tul\u017eies p\u016bsl\u0117s u\u017edegimin\u0117s-distrofin\u0117s ligos;<br \/>\nB\u016bkl\u0117s po vir\u0161kinimo trakto organ\u0173 rezekcijos ar \u0161vitinimo, kai yra vir\u0161kinimo sutrikim\u0173, viduri\u0173 p\u016btimas, viduriavimas (taikant kombinuot\u0105 gydym\u0105);<br \/>\nGerinti vir\u0161kinim\u0105 pacientams, kuri\u0173 vir\u0161kinamojo trakto veikla normali, esant mitybos klaid\u0173;<br \/>\nPasirengimas pilvo ertm\u0117s organ\u0173 radiologiniam ir ultragarsiniam tyrimui;<br \/>\nfunkcinio pob\u016bd\u017eio vir\u0161kinimo trakto sutrikimai (\u016bmin\u0117s \u017earnyno infekcijos, dirgliosios \u017earnos sindromas ir kt.).<\/p>\n<p>Jei nenurodyta kitaip, suaugusieji tur\u0117t\u0173 gerti po 1-2 tabletes Mezyme\u00ae 20000 valgio metu. Vaistas geriamas nelau\u017eant ir nekramtant tablet\u0117s (kramtant gali suma\u017e\u0117ti Mezyme\u00ae 20000 veiksmingumas, o i\u0161siskyr\u0119 kasos fermentai gali dirginti burnos gleivin\u0119), u\u017egeriant pakankamu kiekiu skys\u010dio (pvz., stikline vandens).<br \/>\nVaikams doz\u0119 nustato gydytojas.<\/p>\n","protected":false},"excerpt":{"rendered":"<p>Indikacijos Kasos i\u0161orin\u0117s sekrecijos funkcijos nepakankamumas (l\u0117tinis pankreatitas, cistin\u0117 fibroz\u0117 ir kt.); L\u0117tin\u0117s skrand\u017eio, \u017earnyno, kepen\u0173, tul\u017eies p\u016bsl\u0117s u\u017edegimin\u0117s-distrofin\u0117s ligos; B\u016bkl\u0117s po vir\u0161kinimo trakto organ\u0173 rezekcijos ar \u0161vitinimo, kai yra vir\u0161kinimo sutrikim\u0173, viduri\u0173 p\u016btimas, viduriavimas (taikant kombinuot\u0105 gydym\u0105); Gerinti vir\u0161kinim\u0105 pacientams, kuri\u0173 vir\u0161kinamojo trakto veikla normali, esant mitybos klaid\u0173; Pasirengimas pilvo ertm\u0117s organ\u0173 radiologiniam ir [&hellip;]<\/p>\n","protected":false},"featured_media":13150,"comment_status":"open","ping_status":"closed","template":"","meta":[],"product_brand":[],"product_cat":[217,220],"product_tag":[],"class_list":{"0":"post-13152","1":"product","2":"type-product","3":"status-publish","4":"has-post-thumbnail","6":"product_cat-sveikatos-prieziura","7":"product_cat-zarnyno-sveikata","9":"first","10":"outofstock","11":"shipping-taxable","12":"purchasable","13":"product-type-simple"},"_links":{"self":[{"href":"https:\/\/beautysba.co.uk\/lt\/wp-json\/wp\/v2\/product\/13152","targetHints":{"allow":["GET"]}}],"collection":[{"href":"https:\/\/beautysba.co.uk\/lt\/wp-json\/wp\/v2\/product"}],"about":[{"href":"https:\/\/beautysba.co.uk\/lt\/wp-json\/wp\/v2\/types\/product"}],"replies":[{"embeddable":true,"href":"https:\/\/beautysba.co.uk\/lt\/wp-json\/wp\/v2\/comments?post=13152"}],"wp:featuredmedia":[{"embeddable":true,"href":"https:\/\/beautysba.co.uk\/lt\/wp-json\/wp\/v2\/media\/13150"}],"wp:attachment":[{"href":"https:\/\/beautysba.co.uk\/lt\/wp-json\/wp\/v2\/media?parent=13152"}],"wp:term":[{"taxonomy":"product_brand","embeddable":true,"href":"https:\/\/beautysba.co.uk\/lt\/wp-json\/wp\/v2\/product_brand?post=13152"},{"taxonomy":"product_cat","embeddable":true,"href":"https:\/\/beautysba.co.uk\/lt\/wp-json\/wp\/v2\/product_cat?post=13152"},{"taxonomy":"product_tag","embeddable":true,"href":"https:\/\/beautysba.co.uk\/lt\/wp-json\/wp\/v2\/product_tag?post=13152"}],"curies":[{"name":"wp","href":"https:\/\/api.w.org\/{rel}","templated":true}]}}