{"id":13158,"date":"2024-04-24T05:56:04","date_gmt":"2024-04-24T05:56:04","guid":{"rendered":"https:\/\/beautysba.co.uk\/product\/%d1%81%d1%82%d1%80%d0%b5%d0%bf%d1%82%d0%be%d1%86%d0%b8%d0%b4-%d0%bc%d0%b0%d0%b7%d1%8c-%d0%b4%d0%bb%d1%8f-%d0%bd%d0%b0%d1%80%d1%83%d0%b6%d0%bd%d0%be%d0%b3%d0%be-%d0%bf%d1%80%d0%b8%d0%bc%d0%b5%d0%bd\/"},"modified":"2024-05-07T09:37:24","modified_gmt":"2024-05-07T09:37:24","slug":"%d1%81%d1%82%d1%80%d0%b5%d0%bf%d1%82%d0%be%d1%86%d0%b8%d0%b4-%d0%bc%d0%b0%d0%b7%d1%8c-%d0%b4%d0%bb%d1%8f-%d0%bd%d0%b0%d1%80%d1%83%d0%b6%d0%bd%d0%be%d0%b3%d0%be-%d0%bf%d1%80%d0%b8%d0%bc%d0%b5%d0%bd","status":"publish","type":"product","link":"https:\/\/beautysba.co.uk\/lt\/produktas\/%d1%81%d1%82%d1%80%d0%b5%d0%bf%d1%82%d0%be%d1%86%d0%b8%d0%b4-%d0%bc%d0%b0%d0%b7%d1%8c-%d0%b4%d0%bb%d1%8f-%d0%bd%d0%b0%d1%80%d1%83%d0%b6%d0%bd%d0%be%d0%b3%d0%be-%d0%bf%d1%80%d0%b8%d0%bc%d0%b5%d0%bd\/","title":{"rendered":"Streptocidinis tepalas i\u0161oriniam naudojimui 10% t\u016bbel\u0117 25 g"},"content":{"rendered":"<p>Streptocid tepalas vartojimo indikacijos<br \/>\nStreptocid tepalas vartojamas odos, kv\u0117pavimo tak\u0173, LOR organ\u0173, \u0161lapimo tak\u0173, \u017eaizd\u0173 infekcijoms gydyti.<\/p>\n<p>Special\u016bs nurodymai<br \/>\nPediatrija:<br \/>\nVaisto galima vartoti vaikams nuo 1 met\u0173 am\u017eiaus. K\u016bdikiams, kaip nurod\u0117 gydytojas.<br \/>\nN\u0117\u0161tumas, \u017eindymas:<br \/>\nVaist\u0105 draud\u017eiama vartoti n\u0117\u0161tumo, \u017eindymo laikotarpiu.<br \/>\nVaisto poveikio geb\u0117jimui vairuoti motorin\u012f transport\u0105 arba potencialiai pavojingiems mechanizmams ypatumai:<br \/>\nTai neturi \u012ftakos<\/p>\n<p>Streptocid tepalas vartojimo indikacijos<br \/>\n&#8211; \u017eaizdos, opos, nudegimai, \u012ftr\u016bkimai<br \/>\n&#8211; piodermija.<\/p>\n","protected":false},"excerpt":{"rendered":"<p>Streptocid tepalas vartojimo indikacijos Streptocid tepalas vartojamas odos, kv\u0117pavimo tak\u0173, LOR organ\u0173, \u0161lapimo tak\u0173, \u017eaizd\u0173 infekcijoms gydyti. Special\u016bs nurodymai Pediatrija: Vaisto galima vartoti vaikams nuo 1 met\u0173 am\u017eiaus. K\u016bdikiams, kaip nurod\u0117 gydytojas. N\u0117\u0161tumas, \u017eindymas: Vaist\u0105 draud\u017eiama vartoti n\u0117\u0161tumo, \u017eindymo laikotarpiu. Vaisto poveikio geb\u0117jimui vairuoti motorin\u012f transport\u0105 arba potencialiai pavojingiems mechanizmams ypatumai: Tai neturi \u012ftakos Streptocid [&hellip;]<\/p>\n","protected":false},"featured_media":19019,"comment_status":"open","ping_status":"closed","template":"","meta":[],"product_brand":[],"product_cat":[218,217],"product_tag":[],"class_list":{"0":"post-13158","1":"product","2":"type-product","3":"status-publish","4":"has-post-thumbnail","6":"product_cat-kuno-prieziura","7":"product_cat-sveikatos-prieziura","9":"first","10":"instock","11":"shipping-taxable","12":"purchasable","13":"product-type-simple"},"_links":{"self":[{"href":"https:\/\/beautysba.co.uk\/lt\/wp-json\/wp\/v2\/product\/13158","targetHints":{"allow":["GET"]}}],"collection":[{"href":"https:\/\/beautysba.co.uk\/lt\/wp-json\/wp\/v2\/product"}],"about":[{"href":"https:\/\/beautysba.co.uk\/lt\/wp-json\/wp\/v2\/types\/product"}],"replies":[{"embeddable":true,"href":"https:\/\/beautysba.co.uk\/lt\/wp-json\/wp\/v2\/comments?post=13158"}],"wp:featuredmedia":[{"embeddable":true,"href":"https:\/\/beautysba.co.uk\/lt\/wp-json\/wp\/v2\/media\/19019"}],"wp:attachment":[{"href":"https:\/\/beautysba.co.uk\/lt\/wp-json\/wp\/v2\/media?parent=13158"}],"wp:term":[{"taxonomy":"product_brand","embeddable":true,"href":"https:\/\/beautysba.co.uk\/lt\/wp-json\/wp\/v2\/product_brand?post=13158"},{"taxonomy":"product_cat","embeddable":true,"href":"https:\/\/beautysba.co.uk\/lt\/wp-json\/wp\/v2\/product_cat?post=13158"},{"taxonomy":"product_tag","embeddable":true,"href":"https:\/\/beautysba.co.uk\/lt\/wp-json\/wp\/v2\/product_tag?post=13158"}],"curies":[{"name":"wp","href":"https:\/\/api.w.org\/{rel}","templated":true}]}}