{"id":13170,"date":"2024-04-24T06:00:54","date_gmt":"2024-04-24T06:00:54","guid":{"rendered":"https:\/\/beautysba.co.uk\/product\/%d1%82%d0%b5%d0%b9%d0%bc%d1%83%d1%80%d0%be%d0%b2%d0%b0-%d0%bf%d0%b0%d1%81%d1%82%d0%b0-25-%d0%b3\/"},"modified":"2026-04-24T09:40:11","modified_gmt":"2026-04-24T09:40:11","slug":"%d1%82%d0%b5%d0%b9%d0%bc%d1%83%d1%80%d0%be%d0%b2%d0%b0-%d0%bf%d0%b0%d1%81%d1%82%d0%b0-25-%d0%b3","status":"publish","type":"product","link":"https:\/\/beautysba.co.uk\/lt\/produktas\/%d1%82%d0%b5%d0%b9%d0%bc%d1%83%d1%80%d0%be%d0%b2%d0%b0-%d0%bf%d0%b0%d1%81%d1%82%d0%b0-25-%d0%b3\/","title":{"rendered":"Teymura pasta 25 g"},"content":{"rendered":"<p>Antiseptikas. Preparatas pasi\u017eymi antiseptiniu d\u017eiovinan\u010diu ir dezodoruojan\u010diu poveikiu.<\/p>\n<p>Indikacijos<br \/>\nPrakaitavimas sauskelni\u0173 b\u0117rimas p\u0117d\u0173 hiperhidroz\u0117.<br \/>\nKaip vartoti, gydymo kursas ir dozavimas<br \/>\nI\u0161ori\u0161kai. Prie\u0161 tepdami produkt\u0105, nuplaukite kojas ir (arba) kitas prakaitavimo vietas \u0161iltu vandeniu su muilu, leiskite joms i\u0161d\u017ei\u016bti (nevalykite rank\u0161luos\u010diu) ir 1-3 minutes \u012ftrinkite past\u0105 \u012f pad\u0173 ir p\u0117d\u0173 tarpupir\u0161\u010di\u0173 od\u0105 arba \u012f prakaitavimo vietas. Proced\u016bra atliekama prie\u0161 mieg\u0105 3-4 dienas.<\/p>\n<p>Jei po gydymo b\u016bkl\u0117 nepager\u0117ja, simptomai pablog\u0117ja arba atsiranda nauj\u0173 simptom\u0173, reikia kreiptis \u012f gydytoj\u0105. Vaist\u0105 vartokite tik pagal instrukcijose nurodyt\u0105 vartojimo b\u016bd\u0105 ir doz\u0117mis. Jei reikia, prie\u0161 vartodami vaist\u0105 pasitarkite su gydytoju.<\/p>\n","protected":false},"excerpt":{"rendered":"<p>Antiseptikas. Preparatas pasi\u017eymi antiseptiniu d\u017eiovinan\u010diu ir dezodoruojan\u010diu poveikiu. Indikacijos Prakaitavimas sauskelni\u0173 b\u0117rimas p\u0117d\u0173 hiperhidroz\u0117. Kaip vartoti, gydymo kursas ir dozavimas I\u0161ori\u0161kai. Prie\u0161 tepdami produkt\u0105, nuplaukite kojas ir (arba) kitas prakaitavimo vietas \u0161iltu vandeniu su muilu, leiskite joms i\u0161d\u017ei\u016bti (nevalykite rank\u0161luos\u010diu) ir 1-3 minutes \u012ftrinkite past\u0105 \u012f pad\u0173 ir p\u0117d\u0173 tarpupir\u0161\u010di\u0173 od\u0105 arba \u012f prakaitavimo vietas. [&hellip;]<\/p>\n","protected":false},"featured_media":13168,"comment_status":"open","ping_status":"closed","template":"","meta":[],"product_brand":[],"product_cat":[119,123,219,217],"product_tag":[],"class_list":{"0":"post-13170","1":"product","2":"type-product","3":"status-publish","4":"has-post-thumbnail","6":"product_cat-kuno-produktai","7":"product_cat-pedu-prieziura","8":"product_cat-pedu-prieziura-lt","9":"product_cat-sveikatos-prieziura","11":"first","12":"outofstock","13":"shipping-taxable","14":"purchasable","15":"product-type-simple"},"_links":{"self":[{"href":"https:\/\/beautysba.co.uk\/lt\/wp-json\/wp\/v2\/product\/13170","targetHints":{"allow":["GET"]}}],"collection":[{"href":"https:\/\/beautysba.co.uk\/lt\/wp-json\/wp\/v2\/product"}],"about":[{"href":"https:\/\/beautysba.co.uk\/lt\/wp-json\/wp\/v2\/types\/product"}],"replies":[{"embeddable":true,"href":"https:\/\/beautysba.co.uk\/lt\/wp-json\/wp\/v2\/comments?post=13170"}],"wp:featuredmedia":[{"embeddable":true,"href":"https:\/\/beautysba.co.uk\/lt\/wp-json\/wp\/v2\/media\/13168"}],"wp:attachment":[{"href":"https:\/\/beautysba.co.uk\/lt\/wp-json\/wp\/v2\/media?parent=13170"}],"wp:term":[{"taxonomy":"product_brand","embeddable":true,"href":"https:\/\/beautysba.co.uk\/lt\/wp-json\/wp\/v2\/product_brand?post=13170"},{"taxonomy":"product_cat","embeddable":true,"href":"https:\/\/beautysba.co.uk\/lt\/wp-json\/wp\/v2\/product_cat?post=13170"},{"taxonomy":"product_tag","embeddable":true,"href":"https:\/\/beautysba.co.uk\/lt\/wp-json\/wp\/v2\/product_tag?post=13170"}],"curies":[{"name":"wp","href":"https:\/\/api.w.org\/{rel}","templated":true}]}}